{"id":33264,"date":"2024-10-09T17:01:30","date_gmt":"2024-10-09T15:01:30","guid":{"rendered":"https:\/\/shop.swissphotoclub.com\/zahlungsoptionen-spc-schweiz\/"},"modified":"2026-01-15T12:04:22","modified_gmt":"2026-01-15T11:04:22","slug":"zahlungsoptionen-spc-schweiz","status":"publish","type":"page","link":"https:\/\/shop.swissphotoclub.com\/de\/zahlungsoptionen-spc-schweiz\/","title":{"rendered":"Zahlungsoptionen : SPC Schweiz"},"content":{"rendered":"\t\t<div data-elementor-type=\"wp-page\" data-elementor-id=\"33264\" class=\"elementor elementor-33264 elementor-33213\" data-elementor-post-type=\"page\">\n\t\t\t\t<div class=\"elementor-element elementor-element-3b023b29 e-con-full e-flex e-con e-parent\" data-id=\"3b023b29\" data-element_type=\"container\" data-e-type=\"container\">\n\t\t<div class=\"elementor-element elementor-element-9b87e4f e-flex e-con-boxed e-con e-child\" data-id=\"9b87e4f\" data-element_type=\"container\" data-e-type=\"container\">\n\t\t\t\t\t<div class=\"e-con-inner\">\n\t\t\t\t<div class=\"elementor-element elementor-element-7127e2ca elementor-widget elementor-widget-text-editor\" data-id=\"7127e2ca\" data-element_type=\"widget\" data-e-type=\"widget\" data-widget_type=\"text-editor.default\">\n\t\t\t\t<div class=\"elementor-widget-container\">\n\t\t\t\t\t\t\t\t\t<p>Willkommen auf der Seite mit den Zahlungsm\u00f6glichkeiten des Swiss Photo Club f\u00fcr die Schweiz!<\/p><p>Wir bieten Ihnen mehrere sichere und bequeme M\u00f6glichkeiten, f\u00fcr unsere Dienstleistungen oder Produkte zu bezahlen. <\/p><p>Hier finden Sie eine Liste der Optionen f\u00fcr unsere Dienstleistungen in der Schweiz. Wenn Sie eine Bezahlung f\u00fcr Swiss Photo Club Deutschland senden m\u00f6chten, besuchen Sie bitte diese Seite.  <\/p>\t\t\t\t\t\t\t\t<\/div>\n\t\t\t\t<\/div>\n\t\t\t\t\t<\/div>\n\t\t\t\t<\/div>\n\t\t\t\t<\/div>\n\t\t<div class=\"elementor-element elementor-element-71d827a e-con-full e-flex e-con e-parent\" data-id=\"71d827a\" data-element_type=\"container\" data-e-type=\"container\">\n\t\t<div class=\"elementor-element elementor-element-960965a e-flex e-con-boxed e-con e-child\" data-id=\"960965a\" data-element_type=\"container\" data-e-type=\"container\" data-settings=\"{&quot;background_background&quot;:&quot;classic&quot;}\">\n\t\t\t\t\t<div class=\"e-con-inner\">\n\t\t\t\t<div class=\"elementor-element elementor-element-4a5c34b elementor-widget elementor-widget-heading\" data-id=\"4a5c34b\" data-element_type=\"widget\" data-e-type=\"widget\" data-widget_type=\"heading.default\">\n\t\t\t\t<div class=\"elementor-widget-container\">\n\t\t\t\t\t<h2 class=\"elementor-heading-title elementor-size-default\">Bank\u00fcberweisung (CHF)<\/h2>\t\t\t\t<\/div>\n\t\t\t\t<\/div>\n\t\t\t\t<div class=\"elementor-element elementor-element-fb09c35 elementor-widget elementor-widget-text-editor\" data-id=\"fb09c35\" data-element_type=\"widget\" data-e-type=\"widget\" data-widget_type=\"text-editor.default\">\n\t\t\t\t<div class=\"elementor-widget-container\">\n\t\t\t\t\t\t\t\t\t<p><span style=\"text-align: var(--text-align); font-size: 1rem;\">Die Angaben zu unserem Schweizer Bankkonto (CHF) finden Sie unten. F\u00fcr internationale Zahlungen in anderen W\u00e4hrungen empfehlen wir die Nutzung von Wise oder Revolut.   <\/span><\/p><ul><li><b>Kontoinhaber<\/b>: Swiss Photo Club S\u00e0rl<\/li><li><b>Adresse<\/b>: 5 Rue Henri-Christin\u00e9, 1205 Genf<\/li><li><b>IBAN<\/b>: CH570022622621059401U<\/li><li><b>BIC \/ SWIFT<\/b>: UBSWCHZH80A<\/li><\/ul>\t\t\t\t\t\t\t\t<\/div>\n\t\t\t\t<\/div>\n\t\t\t\t\t<\/div>\n\t\t\t\t<\/div>\n\t\t<div class=\"elementor-element elementor-element-863f84a e-flex e-con-boxed e-con e-child\" data-id=\"863f84a\" data-element_type=\"container\" data-e-type=\"container\">\n\t\t\t\t\t<div class=\"e-con-inner\">\n\t\t\t\t<div class=\"elementor-element elementor-element-df76b16 elementor-widget elementor-widget-heading\" data-id=\"df76b16\" data-element_type=\"widget\" data-e-type=\"widget\" data-widget_type=\"heading.default\">\n\t\t\t\t<div class=\"elementor-widget-container\">\n\t\t\t\t\t<h2 class=\"elementor-heading-title elementor-size-default\">TWINT (nur f\u00fcr Schweizer Bankkonten)<\/h2>\t\t\t\t<\/div>\n\t\t\t\t<\/div>\n\t\t\t\t<div class=\"elementor-element elementor-element-58b559f elementor-widget elementor-widget-text-editor\" data-id=\"58b559f\" data-element_type=\"widget\" data-e-type=\"widget\" data-widget_type=\"text-editor.default\">\n\t\t\t\t<div class=\"elementor-widget-container\">\n\t\t\t\t\t\t\t\t\t<p><span style=\"text-align: var(--text-align);\">Bitte verwenden Sie die Schaltfl\u00e4che unten, um Ihre Zahlung per TWINT zu senden:<\/span><\/p>\t\t\t\t\t\t\t\t<\/div>\n\t\t\t\t<\/div>\n\t\t\t\t<div class=\"elementor-element elementor-element-6640ea0 elementor-align-center elementor-widget elementor-widget-button\" data-id=\"6640ea0\" data-element_type=\"widget\" data-e-type=\"widget\" data-widget_type=\"button.default\">\n\t\t\t\t<div class=\"elementor-widget-container\">\n\t\t\t\t\t\t\t\t\t<div class=\"elementor-button-wrapper\">\n\t\t\t\t\t<a class=\"elementor-button elementor-button-link elementor-size-sm\" href=\"https:\/\/go.twint.ch\/1\/e\/tw?tw=acq.V8DGgOgyRFOCTfqok0kJ8JwfPrTf7d1tPCPVNlMEbls74rxwtq_-4APITjq4FkgZ.\" target=\"_blank\" rel=\"noopener\">\n\t\t\t\t\t\t<span class=\"elementor-button-content-wrapper\">\n\t\t\t\t\t\t\t\t\t<span class=\"elementor-button-text\">Bezahlen mit TWINT<\/span>\n\t\t\t\t\t<\/span>\n\t\t\t\t\t<\/a>\n\t\t\t\t<\/div>\n\t\t\t\t\t\t\t\t<\/div>\n\t\t\t\t<\/div>\n\t\t\t\t\t<\/div>\n\t\t\t\t<\/div>\n\t\t<div class=\"elementor-element elementor-element-0114cee e-flex e-con-boxed e-con e-child\" data-id=\"0114cee\" data-element_type=\"container\" data-e-type=\"container\" data-settings=\"{&quot;background_background&quot;:&quot;classic&quot;}\">\n\t\t\t\t\t<div class=\"e-con-inner\">\n\t\t\t\t<div class=\"elementor-element elementor-element-45126cf elementor-widget elementor-widget-heading\" data-id=\"45126cf\" data-element_type=\"widget\" data-e-type=\"widget\" data-widget_type=\"heading.default\">\n\t\t\t\t<div class=\"elementor-widget-container\">\n\t\t\t\t\t<h2 class=\"elementor-heading-title elementor-size-default\">Wise (empfohlen f\u00fcr internationale Zahlungen)<\/h2>\t\t\t\t<\/div>\n\t\t\t\t<\/div>\n\t\t\t\t<div class=\"elementor-element elementor-element-fc5c083 elementor-widget elementor-widget-text-editor\" data-id=\"fc5c083\" data-element_type=\"widget\" data-e-type=\"widget\" data-widget_type=\"text-editor.default\">\n\t\t\t\t<div class=\"elementor-widget-container\">\n\t\t\t\t\t\t\t\t\t<p><span style=\"text-align: var(--text-align); font-size: 1rem;\">Verwenden Sie den QR-Code oder die Schaltfl\u00e4che unten, um Ihre Zahlung an das Swiss Photo Club Wise-Konto zu senden.<\/span><\/p>\t\t\t\t\t\t\t\t<\/div>\n\t\t\t\t<\/div>\n\t\t\t\t<div class=\"elementor-element elementor-element-cffd6c3 elementor-widget elementor-widget-image\" data-id=\"cffd6c3\" data-element_type=\"widget\" data-e-type=\"widget\" data-widget_type=\"image.default\">\n\t\t\t\t<div class=\"elementor-widget-container\">\n\t\t\t\t\t\t\t\t\t\t\t\t\t\t\t<img fetchpriority=\"high\" decoding=\"async\" width=\"300\" height=\"300\" src=\"https:\/\/shop.swissphotoclub.com\/wp-content\/uploads\/wise-quick-pay-qr-code-1.png\" class=\"attachment-large size-large wp-image-33221\" alt=\"\" srcset=\"https:\/\/shop.swissphotoclub.com\/wp-content\/uploads\/wise-quick-pay-qr-code-1.png 300w, https:\/\/shop.swissphotoclub.com\/wp-content\/uploads\/wise-quick-pay-qr-code-1-100x100.png 100w\" sizes=\"(max-width: 300px) 100vw, 300px\" \/>\t\t\t\t\t\t\t\t\t\t\t\t\t\t\t<\/div>\n\t\t\t\t<\/div>\n\t\t\t\t<div class=\"elementor-element elementor-element-c6571ad elementor-align-center elementor-widget elementor-widget-button\" data-id=\"c6571ad\" data-element_type=\"widget\" data-e-type=\"widget\" data-widget_type=\"button.default\">\n\t\t\t\t<div class=\"elementor-widget-container\">\n\t\t\t\t\t\t\t\t\t<div class=\"elementor-button-wrapper\">\n\t\t\t\t\t<a class=\"elementor-button elementor-button-link elementor-size-sm\" href=\"https:\/\/wise.com\/pay\/business\/swissphotoclubsarl\" target=\"_blank\" rel=\"noopener\">\n\t\t\t\t\t\t<span class=\"elementor-button-content-wrapper\">\n\t\t\t\t\t\t\t\t\t<span class=\"elementor-button-text\">Zahlen Sie an SPC Wise<\/span>\n\t\t\t\t\t<\/span>\n\t\t\t\t\t<\/a>\n\t\t\t\t<\/div>\n\t\t\t\t\t\t\t\t<\/div>\n\t\t\t\t<\/div>\n\t\t\t\t\t<\/div>\n\t\t\t\t<\/div>\n\t\t<div class=\"elementor-element elementor-element-7ed76a0 e-flex e-con-boxed e-con e-child\" data-id=\"7ed76a0\" data-element_type=\"container\" data-e-type=\"container\" data-settings=\"{&quot;background_background&quot;:&quot;classic&quot;}\">\n\t\t\t\t\t<div class=\"e-con-inner\">\n\t\t\t\t<div class=\"elementor-element elementor-element-dd04c58 elementor-widget elementor-widget-heading\" data-id=\"dd04c58\" data-element_type=\"widget\" data-e-type=\"widget\" data-widget_type=\"heading.default\">\n\t\t\t\t<div class=\"elementor-widget-container\">\n\t\t\t\t\t<h2 class=\"elementor-heading-title elementor-size-default\">Revolut<\/h2>\t\t\t\t<\/div>\n\t\t\t\t<\/div>\n\t\t\t\t<div class=\"elementor-element elementor-element-cf8a306 elementor-widget elementor-widget-text-editor\" data-id=\"cf8a306\" data-element_type=\"widget\" data-e-type=\"widget\" data-widget_type=\"text-editor.default\">\n\t\t\t\t<div class=\"elementor-widget-container\">\n\t\t\t\t\t\t\t\t\t<p>Nutzen Sie den unten stehenden QR-Link und folgen Sie den Anweisungen:<\/p>\t\t\t\t\t\t\t\t<\/div>\n\t\t\t\t<\/div>\n\t\t\t\t<div class=\"elementor-element elementor-element-43536a0 elementor-widget elementor-widget-image\" data-id=\"43536a0\" data-element_type=\"widget\" data-e-type=\"widget\" data-widget_type=\"image.default\">\n\t\t\t\t<div class=\"elementor-widget-container\">\n\t\t\t\t\t\t\t\t\t\t\t\t\t\t\t<img decoding=\"async\" width=\"768\" height=\"768\" data-src=\"https:\/\/shop.swissphotoclub.com\/wp-content\/uploads\/IMG_732B34D7E66C-1.jpeg\" class=\"attachment-large size-large wp-image-33899 lazyload\" alt=\"\" data-srcset=\"https:\/\/shop.swissphotoclub.com\/wp-content\/uploads\/IMG_732B34D7E66C-1.jpeg 768w, https:\/\/shop.swissphotoclub.com\/wp-content\/uploads\/IMG_732B34D7E66C-1-300x300.jpeg 300w, https:\/\/shop.swissphotoclub.com\/wp-content\/uploads\/IMG_732B34D7E66C-1-600x600.jpeg 600w, https:\/\/shop.swissphotoclub.com\/wp-content\/uploads\/IMG_732B34D7E66C-1-100x100.jpeg 100w\" data-sizes=\"(max-width: 768px) 100vw, 768px\" src=\"data:image\/svg+xml;base64,PHN2ZyB3aWR0aD0iMSIgaGVpZ2h0PSIxIiB4bWxucz0iaHR0cDovL3d3dy53My5vcmcvMjAwMC9zdmciPjwvc3ZnPg==\" style=\"--smush-placeholder-width: 768px; --smush-placeholder-aspect-ratio: 768\/768;\" \/>\t\t\t\t\t\t\t\t\t\t\t\t\t\t\t<\/div>\n\t\t\t\t<\/div>\n\t\t\t\t\t<\/div>\n\t\t\t\t<\/div>\n\t\t<div class=\"elementor-element elementor-element-cf039e5 e-flex e-con-boxed e-con e-child\" data-id=\"cf039e5\" data-element_type=\"container\" data-e-type=\"container\" data-settings=\"{&quot;background_background&quot;:&quot;classic&quot;}\">\n\t\t\t\t\t<div class=\"e-con-inner\">\n\t\t\t\t<div class=\"elementor-element elementor-element-c5f90f0 elementor-widget elementor-widget-heading\" data-id=\"c5f90f0\" data-element_type=\"widget\" data-e-type=\"widget\" data-widget_type=\"heading.default\">\n\t\t\t\t<div class=\"elementor-widget-container\">\n\t\t\t\t\t<h2 class=\"elementor-heading-title elementor-size-default\">PayPal<\/h2>\t\t\t\t<\/div>\n\t\t\t\t<\/div>\n\t\t\t\t<div class=\"elementor-element elementor-element-91819dc elementor-widget elementor-widget-text-editor\" data-id=\"91819dc\" data-element_type=\"widget\" data-e-type=\"widget\" data-widget_type=\"text-editor.default\">\n\t\t\t\t<div class=\"elementor-widget-container\">\n\t\t\t\t\t\t\t\t\t<p><span style=\"font-size: 1rem; text-align: var(--text-align);\">W\u00e4hlen Sie PayPal w\u00e4hrend des Bezahlvorgangs und folgen Sie den Anweisungen.<\/span><\/p><p><span style=\"font-size: 1rem; text-align: var(--text-align);\">Falls es Probleme geben sollte, k\u00f6nnen Sie den genauen Betrag auch \u00fcber den QR-Code oder die Schaltfl\u00e4che unten an unser PayPal-Konto senden:<\/span><\/p>\t\t\t\t\t\t\t\t<\/div>\n\t\t\t\t<\/div>\n\t\t\t\t<div class=\"elementor-element elementor-element-b9b5dbc elementor-widget elementor-widget-image\" data-id=\"b9b5dbc\" data-element_type=\"widget\" data-e-type=\"widget\" data-widget_type=\"image.default\">\n\t\t\t\t<div class=\"elementor-widget-container\">\n\t\t\t\t\t\t\t\t\t\t\t\t\t\t\t<img decoding=\"async\" width=\"500\" height=\"500\" data-src=\"https:\/\/shop.swissphotoclub.com\/wp-content\/uploads\/qrcode.png\" class=\"attachment-large size-large wp-image-33224 lazyload\" alt=\"\" data-srcset=\"https:\/\/shop.swissphotoclub.com\/wp-content\/uploads\/qrcode.png 500w, https:\/\/shop.swissphotoclub.com\/wp-content\/uploads\/qrcode-300x300.png 300w, https:\/\/shop.swissphotoclub.com\/wp-content\/uploads\/qrcode-100x100.png 100w\" data-sizes=\"(max-width: 500px) 100vw, 500px\" src=\"data:image\/svg+xml;base64,PHN2ZyB3aWR0aD0iMSIgaGVpZ2h0PSIxIiB4bWxucz0iaHR0cDovL3d3dy53My5vcmcvMjAwMC9zdmciPjwvc3ZnPg==\" style=\"--smush-placeholder-width: 500px; --smush-placeholder-aspect-ratio: 500\/500;\" \/>\t\t\t\t\t\t\t\t\t\t\t\t\t\t\t<\/div>\n\t\t\t\t<\/div>\n\t\t\t\t<div class=\"elementor-element elementor-element-8c4ee69 elementor-align-center elementor-widget elementor-widget-button\" data-id=\"8c4ee69\" data-element_type=\"widget\" data-e-type=\"widget\" data-widget_type=\"button.default\">\n\t\t\t\t<div class=\"elementor-widget-container\">\n\t\t\t\t\t\t\t\t\t<div class=\"elementor-button-wrapper\">\n\t\t\t\t\t<a class=\"elementor-button elementor-button-link elementor-size-sm\" href=\"https:\/\/paypal.me\/spcch\" target=\"_blank\" rel=\"noopener\">\n\t\t\t\t\t\t<span class=\"elementor-button-content-wrapper\">\n\t\t\t\t\t\t\t\t\t<span class=\"elementor-button-text\">Zahlen Sie an SPC PayPal<\/span>\n\t\t\t\t\t<\/span>\n\t\t\t\t\t<\/a>\n\t\t\t\t<\/div>\n\t\t\t\t\t\t\t\t<\/div>\n\t\t\t\t<\/div>\n\t\t\t\t\t<\/div>\n\t\t\t\t<\/div>\n\t\t<div class=\"elementor-element elementor-element-490e75a e-flex e-con-boxed e-con e-child\" data-id=\"490e75a\" data-element_type=\"container\" data-e-type=\"container\">\n\t\t\t\t\t<div class=\"e-con-inner\">\n\t\t\t\t<div class=\"elementor-element elementor-element-b2d0771 elementor-widget elementor-widget-heading\" data-id=\"b2d0771\" data-element_type=\"widget\" data-e-type=\"widget\" data-widget_type=\"heading.default\">\n\t\t\t\t<div class=\"elementor-widget-container\">\n\t\t\t\t\t<h2 class=\"elementor-heading-title elementor-size-default\">Kreditkarte<\/h2>\t\t\t\t<\/div>\n\t\t\t\t<\/div>\n\t\t\t\t<div class=\"elementor-element elementor-element-f35b83b elementor-widget elementor-widget-text-editor\" data-id=\"f35b83b\" data-element_type=\"widget\" data-e-type=\"widget\" data-widget_type=\"text-editor.default\">\n\t\t\t\t<div class=\"elementor-widget-container\">\n\t\t\t\t\t\t\t\t\t<p><span style=\"text-align: var(--text-align); font-size: 1rem;\">W\u00e4hlen Sie w\u00e4hrend des Bezahlvorgangs eine Kreditkarte aus. Sollten Sie Probleme haben, kontaktieren Sie uns bitte, um einen Zahlungslink anzufordern. <\/span><\/p>\t\t\t\t\t\t\t\t<\/div>\n\t\t\t\t<\/div>\n\t\t\t\t\t<\/div>\n\t\t\t\t<\/div>\n\t\t\t\t<\/div>\n\t\t\t\t<\/div>\n\t\t","protected":false},"excerpt":{"rendered":"<p>Willkommen auf der Seite mit den Zahlungsm\u00f6glichkeiten des Swiss Photo Club f\u00fcr die Schweiz! Wir bieten Ihnen mehrere sichere und bequeme M\u00f6glichkeiten, f\u00fcr unsere Dienstleistungen oder Produkte zu bezahlen. Hier finden Sie eine Liste der Optionen f\u00fcr unsere Dienstleistungen in der Schweiz. Wenn Sie eine Bezahlung f\u00fcr Swiss Photo Club Deutschland senden m\u00f6chten, besuchen Sie [&hellip;]<\/p>\n","protected":false},"author":1,"featured_media":0,"parent":0,"menu_order":0,"comment_status":"closed","ping_status":"closed","template":"","meta":{"_crdt_document":"","footnotes":""},"class_list":["post-33264","page","type-page","status-publish","hentry"],"_links":{"self":[{"href":"https:\/\/shop.swissphotoclub.com\/de\/wp-json\/wp\/v2\/pages\/33264","targetHints":{"allow":["GET"]}}],"collection":[{"href":"https:\/\/shop.swissphotoclub.com\/de\/wp-json\/wp\/v2\/pages"}],"about":[{"href":"https:\/\/shop.swissphotoclub.com\/de\/wp-json\/wp\/v2\/types\/page"}],"author":[{"embeddable":true,"href":"https:\/\/shop.swissphotoclub.com\/de\/wp-json\/wp\/v2\/users\/1"}],"replies":[{"embeddable":true,"href":"https:\/\/shop.swissphotoclub.com\/de\/wp-json\/wp\/v2\/comments?post=33264"}],"version-history":[{"count":10,"href":"https:\/\/shop.swissphotoclub.com\/de\/wp-json\/wp\/v2\/pages\/33264\/revisions"}],"predecessor-version":[{"id":33900,"href":"https:\/\/shop.swissphotoclub.com\/de\/wp-json\/wp\/v2\/pages\/33264\/revisions\/33900"}],"wp:attachment":[{"href":"https:\/\/shop.swissphotoclub.com\/de\/wp-json\/wp\/v2\/media?parent=33264"}],"curies":[{"name":"wp","href":"https:\/\/api.w.org\/{rel}","templated":true}]}}