{"id":33741,"date":"2025-06-12T11:49:35","date_gmt":"2025-06-12T09:49:35","guid":{"rendered":"https:\/\/shop.swissphotoclub.com\/professionelle-fotografie-equipment-vermietung-in-der-schweiz\/"},"modified":"2025-06-26T14:36:13","modified_gmt":"2025-06-26T12:36:13","slug":"professionelle-fotografie-equipment-vermietung-in-der-schweiz","status":"publish","type":"page","link":"https:\/\/shop.swissphotoclub.com\/de\/professionelle-fotografie-equipment-vermietung-in-der-schweiz\/","title":{"rendered":"Professionelle Fotografie-Ausr\u00fcstung Vermietung in der Schweiz"},"content":{"rendered":"\t\t<div data-elementor-type=\"wp-page\" data-elementor-id=\"33741\" class=\"elementor elementor-33741 elementor-33667\" data-elementor-post-type=\"page\">\n\t\t\t\t<div class=\"elementor-element elementor-element-206b1e5 e-flex e-con-boxed e-con e-parent\" data-id=\"206b1e5\" data-element_type=\"container\" data-e-type=\"container\" data-settings=\"{&quot;background_background&quot;:&quot;classic&quot;}\">\n\t\t\t\t\t<div class=\"e-con-inner\">\n\t\t<div class=\"elementor-element elementor-element-f47e372 e-con-full e-flex e-con e-child\" data-id=\"f47e372\" data-element_type=\"container\" data-e-type=\"container\">\n\t\t\t\t<div class=\"elementor-element elementor-element-2b699bd elementor-widget elementor-widget-heading\" data-id=\"2b699bd\" data-element_type=\"widget\" data-e-type=\"widget\" data-widget_type=\"heading.default\">\n\t\t\t\t<div class=\"elementor-widget-container\">\n\t\t\t\t\t<h1 class=\"elementor-heading-title elementor-size-default\">Fotografie-Ausr\u00fcstung Vermietung beim Swiss Photo Club<\/h1>\t\t\t\t<\/div>\n\t\t\t\t<\/div>\n\t\t\t\t<div class=\"elementor-element elementor-element-9401cc7 elementor-widget elementor-widget-text-editor\" data-id=\"9401cc7\" data-element_type=\"widget\" data-e-type=\"widget\" data-widget_type=\"text-editor.default\">\n\t\t\t\t<div class=\"elementor-widget-container\">\n\t\t\t\t\t\t\t\t\t<p>Schweiz: Genf und Z\u00fcrich<\/p>\t\t\t\t\t\t\t\t<\/div>\n\t\t\t\t<\/div>\n\t\t\t\t<\/div>\n\t\t\t\t\t<\/div>\n\t\t\t\t<\/div>\n\t\t<div class=\"elementor-element elementor-element-366b4366 e-flex e-con-boxed e-con e-parent\" data-id=\"366b4366\" data-element_type=\"container\" data-e-type=\"container\">\n\t\t\t\t\t<div class=\"e-con-inner\">\n\t\t\t\t<div class=\"elementor-element elementor-element-001ec0f elementor-widget elementor-widget-heading\" data-id=\"001ec0f\" data-element_type=\"widget\" data-e-type=\"widget\" data-widget_type=\"heading.default\">\n\t\t\t\t<div class=\"elementor-widget-container\">\n\t\t\t\t\t<h2 class=\"elementor-heading-title elementor-size-default\">Warum Fotoausr\u00fcstung Mieten Statt Kaufen?<\/h2>\t\t\t\t<\/div>\n\t\t\t\t<\/div>\n\t\t\t\t<div class=\"elementor-element elementor-element-182469e elementor-widget elementor-widget-text-editor\" data-id=\"182469e\" data-element_type=\"widget\" data-e-type=\"widget\" data-widget_type=\"text-editor.default\">\n\t\t\t\t<div class=\"elementor-widget-container\">\n\t\t\t\t\t\t\t\t\t<p>Die Miete von Fotoausr\u00fcstung bietet unvergleichliche Flexibilit\u00e4t und Kosteneffizienz f\u00fcr FotografInnen in der ganzen Schweiz. Ob du ein\/e professionelle\/r FotografIn in Genf oder Z\u00fcrich bist oder ein\/e EnthusiastIn, die\/der das perfekte Foto einfangen m\u00f6chte \u2013 Equipment-Vermietung verschafft dir Zugang zu hochwertiger Ausr\u00fcstung ohne erhebliche Anfangsinvestition. <\/p>\t\t\t\t\t\t\t\t<\/div>\n\t\t\t\t<\/div>\n\t\t\t\t<div class=\"elementor-element elementor-element-c5bbc24 elementor-widget elementor-widget-heading\" data-id=\"c5bbc24\" data-element_type=\"widget\" data-e-type=\"widget\" data-widget_type=\"heading.default\">\n\t\t\t\t<div class=\"elementor-widget-container\">\n\t\t\t\t\t<h3 class=\"elementor-heading-title elementor-size-default\">Die Intelligente Wahl f\u00fcr Moderne FotografInnen<\/h3>\t\t\t\t<\/div>\n\t\t\t\t<\/div>\n\t\t\t\t<div class=\"elementor-element elementor-element-eb502e6 elementor-widget elementor-widget-text-editor\" data-id=\"eb502e6\" data-element_type=\"widget\" data-e-type=\"widget\" data-widget_type=\"text-editor.default\">\n\t\t\t\t<div class=\"elementor-widget-container\">\n\t\t\t\t\t\t\t\t\t<p class=\"whitespace-normal break-words\"><strong>Kosteneffiziente L\u00f6sungen<\/strong>: Professionelle Fotoausr\u00fcstung kann tausende von Franken kosten. Kamera-Vermietung und Blitz-Vermietung erm\u00f6glichen dir den Zugang zu Premium-Profoto-Lichtsystemen, professionellen Nikon- und Canon-Kameras sowie hochwertigen Objektiven f\u00fcr einen Bruchteil des Kaufpreises. Das ist besonders wertvoll f\u00fcr gelegentliche Nutzung, spezielle Projekte oder beim Testen neuer Ausr\u00fcstung vor einer Kaufentscheidung.  <\/p><p class=\"whitespace-normal break-words\"><strong>Zugang zu Neuester Technologie<\/strong>: Fotografie-Technologie entwickelt sich rasant. Durch Equipment-Vermietung arbeitest du immer mit den neuesten Modellen und modernsten Funktionen. Von der neuesten Nikon Z8 Kamera bis zu fortschrittlichen Profoto B10X Plus Blitzsystemen \u2013 Vermietung stellt sicher, dass du nie mit veralteter Ausr\u00fcstung arbeitest.  <\/p><p class=\"whitespace-normal break-words\"><strong>Keine Wartungssorgen<\/strong>: Professionelle Fotoausr\u00fcstung ben\u00f6tigt regelm\u00e4ssige Wartung, Kalibrierung und ordnungsgem\u00e4sse Lagerung. Wenn du mietest, liegt die gesamte Wartungsverantwortung bei uns, wodurch du jedes Mal perfekt funktionierende, kalibrierte Ausr\u00fcstung erh\u00e4ltst. <\/p><p class=\"whitespace-normal break-words\"><strong>Vor dem Kauf Testen<\/strong>: \u00dcberlegst du dir eine gr\u00f6ssere Ausr\u00fcstungsanschaffung? Kamera-Vermietung und Objektiv-Vermietung bieten die perfekte Gelegenheit, Ausr\u00fcstung unter realen Bedingungen gr\u00fcndlich zu testen, bevor du dich f\u00fcr einen Kauf entscheidest. <\/p>\t\t\t\t\t\t\t\t<\/div>\n\t\t\t\t<\/div>\n\t\t\t\t<div class=\"elementor-element elementor-element-c9acf7a elementor-widget elementor-widget-heading\" data-id=\"c9acf7a\" data-element_type=\"widget\" data-e-type=\"widget\" data-widget_type=\"heading.default\">\n\t\t\t\t<div class=\"elementor-widget-container\">\n\t\t\t\t\t<h3 class=\"elementor-heading-title elementor-size-default\">Perfekt f\u00fcr Jeden Fotografie-Bedarf<\/h3>\t\t\t\t<\/div>\n\t\t\t\t<\/div>\n\t\t\t\t<div class=\"elementor-element elementor-element-2e485603 elementor-widget elementor-widget-text-editor\" data-id=\"2e485603\" data-element_type=\"widget\" data-e-type=\"widget\" data-widget_type=\"text-editor.default\">\n\t\t\t\t<div class=\"elementor-widget-container\">\n\t\t\t\t\t\t\t\t\t<p class=\"whitespace-normal break-words\">Unser umfangreicher Mietpark steht alle FotografInnen in der ganzen Schweiz zur Verf\u00fcgung, mit praktischen Abholorten in Genf und Z\u00fcrich. Egal, ob du: <\/p><ul class=\"[&amp;:not(:last-child)_ul]:pb-1 [&amp;:not(:last-child)_ol]:pb-1 list-disc space-y-1.5 pl-7\"><li class=\"whitespace-normal break-words\"><strong>Professionelle Studiobeleuchtung<\/strong> mit kompletten Profoto-Blitzsystemen und Lichtformern<\/li><li class=\"whitespace-normal break-words\"><strong>High-End-Kameras<\/strong> inklusive der neuesten Nikon Z8 und Canon EOS 5D Mark IV<\/li><li class=\"whitespace-normal break-words\"><strong>Premium-Objektive<\/strong> vom Weitwinkel bis Teleobjektiv, einschliesslich professioneller f\/2.8 Zooms<\/li><li class=\"whitespace-normal break-words\"><strong>Drohnen<\/strong> von DJI Mini und Mavic Pro<\/li><li class=\"whitespace-normal break-words\"><strong>Studiozubeh\u00f6r<\/strong> wie St\u00e4nder, Stative und Hintergrundsysteme<\/li><li class=\"whitespace-normal break-words\"><strong>Videografie-Ausr\u00fcstung<\/strong> mit professionellen LED-Konstantlichtl\u00f6sungen<\/li><\/ul>\t\t\t\t\t\t\t\t<\/div>\n\t\t\t\t<\/div>\n\t\t\t\t<div class=\"elementor-element elementor-element-6bbc785 elementor-widget elementor-widget-heading\" data-id=\"6bbc785\" data-element_type=\"widget\" data-e-type=\"widget\" data-widget_type=\"heading.default\">\n\t\t\t\t<div class=\"elementor-widget-container\">\n\t\t\t\t\t<h2 class=\"elementor-heading-title elementor-size-default\">Im Dienste der Schweizer Fotografie-Community<\/h2>\t\t\t\t<\/div>\n\t\t\t\t<\/div>\n\t\t\t\t<div class=\"elementor-element elementor-element-38adabc elementor-widget elementor-widget-text-editor\" data-id=\"38adabc\" data-element_type=\"widget\" data-e-type=\"widget\" data-widget_type=\"text-editor.default\">\n\t\t\t\t<div class=\"elementor-widget-container\">\n\t\t\t\t\t\t\t\t\t<p class=\"whitespace-normal break-words\">Mit Sitz in Genf und Z\u00fcrich verstehen wir die einzigartigen Bed\u00fcrfnisse. Von Corporate-Fotografie-Sessions bis zu Hochzeitsshootings, von Modefotografie bis zu Landschaftsexpeditionen in den Schweizer Alpen \u2013 unser Equipment-Vermietungsservice bietet zuverl\u00e4ssigen Zugang zu professioneller Ausr\u00fcstung. <\/p><p class=\"whitespace-normal break-words\">Ob du ein eint\u00e4giges Corporate-Event fotografierst, eine mehrt\u00e4gige Hochzeitsfeier oder kreative Projekte erkundest \u2013 unsere flexiblen Mietzeiten und umfassende Ausr\u00fcstungsauswahl stellen sicher, dass du genau das hast, was du brauchst, wenn du es brauchst.<\/p>\t\t\t\t\t\t\t\t<\/div>\n\t\t\t\t<\/div>\n\t\t\t\t<div class=\"elementor-element elementor-element-3873543 elementor-widget-divider--view-line elementor-widget elementor-widget-divider\" data-id=\"3873543\" data-element_type=\"widget\" data-e-type=\"widget\" data-widget_type=\"divider.default\">\n\t\t\t\t<div class=\"elementor-widget-container\">\n\t\t\t\t\t\t\t<div class=\"elementor-divider\">\n\t\t\t<span class=\"elementor-divider-separator\">\n\t\t\t\t\t\t<\/span>\n\t\t<\/div>\n\t\t\t\t\t\t<\/div>\n\t\t\t\t<\/div>\n\t\t\t\t\t<\/div>\n\t\t\t\t<\/div>\n\t\t<div class=\"elementor-element elementor-element-2e64b84 e-flex e-con-boxed e-con e-parent\" data-id=\"2e64b84\" data-element_type=\"container\" data-e-type=\"container\">\n\t\t\t\t\t<div class=\"e-con-inner\">\n\t\t\t\t<div class=\"elementor-element elementor-element-d4dc010 elementor-widget elementor-widget-heading\" data-id=\"d4dc010\" data-element_type=\"widget\" data-e-type=\"widget\" data-widget_type=\"heading.default\">\n\t\t\t\t<div class=\"elementor-widget-container\">\n\t\t\t\t\t<h2 class=\"elementor-heading-title elementor-size-default\">Preise f\u00fcr die Vermietung von Ausr\u00fcstung<\/h2>\t\t\t\t<\/div>\n\t\t\t\t<\/div>\n\t\t\t\t<div class=\"elementor-element elementor-element-17dfafb elementor-widget elementor-widget-text-editor\" data-id=\"17dfafb\" data-element_type=\"widget\" data-e-type=\"widget\" data-widget_type=\"text-editor.default\">\n\t\t\t\t<div class=\"elementor-widget-container\">\n\t\t\t\t\t\t\t\t\t<p>Nachstehend findest du die Mietpreise f\u00fcr unsere Ausr\u00fcstung. Die Verf\u00fcgbarkeit der Ausr\u00fcstung kann je nach Stadt und Zeitpunkt der Anmietung variieren. <\/p><p>Um die Verf\u00fcgbarkeit zu pr\u00fcfen und den Verleih zu bestellen, <a href=\"https:\/\/shop.swissphotoclub.com\/de\/kontakt\/\">senden Sie uns einfach eine Nachricht \u00fcber unser Kontaktformular<\/a> mit Ihren Angaben, Ihrem Standort und der gew\u00fcnschten Ausr\u00fcstung.&nbsp;<\/p>\t\t\t\t\t\t\t\t<\/div>\n\t\t\t\t<\/div>\n\t\t\t\t<div class=\"elementor-element elementor-element-077b61a elementor-widget elementor-widget-heading\" data-id=\"077b61a\" data-element_type=\"widget\" data-e-type=\"widget\" data-widget_type=\"heading.default\">\n\t\t\t\t<div class=\"elementor-widget-container\">\n\t\t\t\t\t<h4 class=\"elementor-heading-title elementor-size-default\">Berechnen Sie die Mietpreise<\/h4>\t\t\t\t<\/div>\n\t\t\t\t<\/div>\n\t\t\t\t<div class=\"elementor-element elementor-element-411ce03 elementor-widget elementor-widget-text-editor\" data-id=\"411ce03\" data-element_type=\"widget\" data-e-type=\"widget\" data-widget_type=\"text-editor.default\">\n\t\t\t\t<div class=\"elementor-widget-container\">\n\t\t\t\t\t\t\t\t\t<ul><li>3-5 Miettage: 3-5 x 1 Tag Preis abz\u00fcglich 20% Rabatt<\/li><li>6-9 Miettage: 6-9 x 1 Tag Preis abz\u00fcglich 30% Rabatt<\/li><li>10-14 Miettage: 10-14 x 1 Tag Preis minus 40% Rabatt<\/li><li>Ab 15 Miettagen: Mietpreis nach Vereinbarung<\/li><\/ul><p>Das Wochenende wird als Miettag berechnet und beginnt Freitag um 16 Uhr und endet Montag um 9 Uhr.<\/p>\t\t\t\t\t\t\t\t<\/div>\n\t\t\t\t<\/div>\n\t\t\t\t<div class=\"elementor-element elementor-element-fb20edb elementor-align-center elementor-widget elementor-widget-button\" data-id=\"fb20edb\" data-element_type=\"widget\" data-e-type=\"widget\" data-widget_type=\"button.default\">\n\t\t\t\t<div class=\"elementor-widget-container\">\n\t\t\t\t\t\t\t\t\t<div class=\"elementor-button-wrapper\">\n\t\t\t\t\t<a class=\"elementor-button elementor-button-link elementor-size-sm\" href=\"https:\/\/shop.swissphotoclub.com\/de\/kontakt\/\">\n\t\t\t\t\t\t<span class=\"elementor-button-content-wrapper\">\n\t\t\t\t\t\t\t\t\t<span class=\"elementor-button-text\">Kontaktiere uns einfach f\u00fcr eine Offerte<\/span>\n\t\t\t\t\t<\/span>\n\t\t\t\t\t<\/a>\n\t\t\t\t<\/div>\n\t\t\t\t\t\t\t\t<\/div>\n\t\t\t\t<\/div>\n\t\t\t\t\t<\/div>\n\t\t\t\t<\/div>\n\t\t<div class=\"elementor-element elementor-element-6a59e22 e-flex e-con-boxed e-con e-parent\" data-id=\"6a59e22\" data-element_type=\"container\" data-e-type=\"container\">\n\t\t\t\t\t<div class=\"e-con-inner\">\n\t\t\t\t<div class=\"elementor-element elementor-element-fce7247 elementor-widget elementor-widget-shortcode\" data-id=\"fce7247\" data-element_type=\"widget\" data-e-type=\"widget\" data-widget_type=\"shortcode.default\">\n\t\t\t\t<div class=\"elementor-widget-container\">\n\t\t\t\t\t\t\t<div class=\"elementor-shortcode\"><style>\n       .errordiv { padding:10px; margin:10px; border: 1px solid #555555;color: #000000;background-color: #f8f8f8; width:500px; }#advanced_iframe {visibility:visible;opacity:1;vertical-align:top;}.ai-info-bottom-iframe { position: fixed; z-index: 10000; bottom:0; left: 0; margin: 0px; text-align: center; width: 100%; background-color: #ff9999; padding-left: 5px;padding-bottom: 5px; border-top: 1px solid #aaa } a.ai-bold {font-weight: bold;}#ai-layer-div-advanced_iframe p {height:100%;margin:0;padding:0}<\/style><script type=\"text\/javascript\">var ai_iframe_width_advanced_iframe = 0;var ai_iframe_height_advanced_iframe = 0;function aiReceiveMessageadvanced_iframe(event) {  aiProcessMessage(event,\"advanced_iframe\", \"true\",\"\",\"false\",\"false\");}if (window.addEventListener) {  window.addEventListener(\"message\", aiReceiveMessageadvanced_iframe);} else if (el.attachEvent)  {  el.attachEvent(\"message\", aiReceiveMessageadvanced_iframe);}var aiOnloadScrollTop=\"true\";var aiShowDebug=false;\n\t\tif (typeof aiReadyCallbacks === 'undefined') {\n\t\t\tvar aiReadyCallbacks = [];\n\t\t} else if (!(aiReadyCallbacks instanceof Array)) {\n\t\t\tvar aiReadyCallbacks = [];\n\t\t}    function aiShowIframeId(id_iframe) { jQuery(\"#\"+id_iframe).css(\"visibility\", \"visible\");    }    function aiResizeIframeHeight(height) { aiResizeIframeHeight(height,advanced_iframe); }    function aiResizeIframeHeightId(height,width,id) {aiResizeIframeHeightById(id,height);}<\/script><iframe id=\"advanced_iframe\"  name=\"advanced_iframe\"  data-src=\"\/\/docs.google.com\/spreadsheets\/d\/e\/2PACX-1vSrY0oEEdXgaGkovVzWsjqQ84T5MshSfGfckVrW5sEav-oBp8HfHhwFW4_lJxcR9g0Stz-C6fQkAtsV\/pubhtml?gid=1864807219&#038;single=true&#038;widget=true&#038;headers=false\"  width=\"700\"  height=\"1600\"  frameborder=\"0\"  border=\"0\"  allowtransparency=\"true\"   style=\";border-width: 0px;;border: none;;width:700px;;height:1600px;\"  src=\"data:image\/svg+xml;base64,PHN2ZyB3aWR0aD0iMSIgaGVpZ2h0PSIxIiB4bWxucz0iaHR0cDovL3d3dy53My5vcmcvMjAwMC9zdmciPjwvc3ZnPg==\" class=\"lazyload\" data-load-mode=\"1\"><\/iframe><script type=\"text\/javascript\">var ifrm_advanced_iframe = document.getElementById(\"advanced_iframe\");var hiddenTabsDoneadvanced_iframe = false;\nfunction resizeCallbackadvanced_iframe() {}<\/script><script type=\"text\/javascript\"><\/script><p style=\"display:block !important; visibility:visible !important;margin: -18px 14px 0 0;padding-left: 3px;padding-top:3px;background: white; overflow: hidden; position: relative; line-height:15px;width: fit-content;\"><small style=\"display:block !important;visibility:visible !important\">powered by Advanced iFrame<\/small><\/p><\/div>\n\t\t\t\t\t\t<\/div>\n\t\t\t\t<\/div>\n\t\t\t\t\t<\/div>\n\t\t\t\t<\/div>\n\t\t\t\t<\/div>\n\t\t","protected":false},"excerpt":{"rendered":"<p>Fotografie-Ausr\u00fcstung Vermietung beim Swiss Photo Club Schweiz: Genf und Z\u00fcrich Warum Fotoausr\u00fcstung Mieten Statt Kaufen? Die Miete von Fotoausr\u00fcstung bietet unvergleichliche Flexibilit\u00e4t und Kosteneffizienz f\u00fcr FotografInnen in der ganzen Schweiz. Ob du ein\/e professionelle\/r FotografIn in Genf oder Z\u00fcrich bist oder ein\/e EnthusiastIn, die\/der das perfekte Foto einfangen m\u00f6chte \u2013 Equipment-Vermietung verschafft dir Zugang zu [&hellip;]<\/p>\n","protected":false},"author":1,"featured_media":0,"parent":0,"menu_order":0,"comment_status":"closed","ping_status":"closed","template":"","meta":{"_crdt_document":"","footnotes":""},"class_list":["post-33741","page","type-page","status-publish","hentry"],"_links":{"self":[{"href":"https:\/\/shop.swissphotoclub.com\/de\/wp-json\/wp\/v2\/pages\/33741","targetHints":{"allow":["GET"]}}],"collection":[{"href":"https:\/\/shop.swissphotoclub.com\/de\/wp-json\/wp\/v2\/pages"}],"about":[{"href":"https:\/\/shop.swissphotoclub.com\/de\/wp-json\/wp\/v2\/types\/page"}],"author":[{"embeddable":true,"href":"https:\/\/shop.swissphotoclub.com\/de\/wp-json\/wp\/v2\/users\/1"}],"replies":[{"embeddable":true,"href":"https:\/\/shop.swissphotoclub.com\/de\/wp-json\/wp\/v2\/comments?post=33741"}],"version-history":[{"count":5,"href":"https:\/\/shop.swissphotoclub.com\/de\/wp-json\/wp\/v2\/pages\/33741\/revisions"}],"predecessor-version":[{"id":33752,"href":"https:\/\/shop.swissphotoclub.com\/de\/wp-json\/wp\/v2\/pages\/33741\/revisions\/33752"}],"wp:attachment":[{"href":"https:\/\/shop.swissphotoclub.com\/de\/wp-json\/wp\/v2\/media?parent=33741"}],"curies":[{"name":"wp","href":"https:\/\/api.w.org\/{rel}","templated":true}]}}