{"id":30236,"date":"2022-10-13T14:57:09","date_gmt":"2022-10-13T12:57:09","guid":{"rendered":"https:\/\/shop.swissphotoclub.com\/product\/blackrapid-double-breathe\/"},"modified":"2022-10-13T14:57:09","modified_gmt":"2022-10-13T12:57:09","slug":"blackrapid-double-breathe-2","status":"publish","type":"product","link":"https:\/\/shop.swissphotoclub.com\/de\/produkt\/blackrapid-double-breathe-2\/","title":{"rendered":"BlackRapid Double Breathe"},"content":{"rendered":"<p>BlackRapid Double Breathe Camera Harness, bew\u00e4hrtes Gurtdesign f\u00fcr eine oder zwei SLR, DSLR, spiegellose Kameras.<\/p>\n<p>Die BlackRapid Revolution begann 2008 mit dem Motto &#8222;Turning The Camera World Upside Down&#8220; (Die Kamerawelt auf den Kopf stellen) als erste Kamera-Schlinge. Bald darauf folgte das &#8222;Double&#8220;-Zweikamera-Gurtsystem. (Auch in der Version Double Breathe SLIM erh\u00e4ltlich, einem etwas d\u00fcnneren und leichteren Doppelkameragurt). Mit diesem doppelten Gurt sind Ihre Kameras w\u00e4hrend anstrengender Aufnahmetage sicher und fest an Ihrer Seite. Mit ihren atmungsaktiven Materialien und den robusten Drehverschl\u00fcssen ist diese Schlinge einsatzbereit. Ob Profi oder nicht, der &#8222;Double Breathe&#8220; ist ein beliebter Gurt f\u00fcr Hochzeits- und Eventfotografen, Musikfotografen, Presse-, Mode-, Street-, Sport- und Naturfotografen. Dieser doppelte Kameragurt wurde f\u00fcr Komfort und einen klassischen Stil entwickelt.<\/p>\n<p>Das patentierte Schulterpolster besteht aus Nylon-Mono-Mesh, gebogenem TPE-Schaumstoff und Polyester-Air-Mesh und ist feuchtigkeitsableitend, damit Sie bei den Dreharbeiten k\u00fchl bleiben.<\/p>\n<p>Mit dem 70-200-Objektiv auf der rechten Seite und dem k\u00fcrzeren Lieblingsobjektiv auf der linken Seite verpassen Sie keine Aufnahme. Und f\u00fcr leichtere Aufnahmen k\u00f6nnen Sie den doppelten Gurt abtrennen und ihn als einfachen Kameragurt verwenden. Der &#8222;Double Breathe&#8220; ist einer unserer meistverkauften Kameragurte und hat sich als Favorit unter Profis und Hobbyisten erwiesen. \u00dcber eine Million Fotografen weltweit vertrauen unserer Marke und nutzen sie! BlackRapid &#8211; Die Original-Kameraschlinge!<\/p>\n<p>Spezifikationen:<\/p>\n<p>Verstellbare Gurtl\u00e4nge mit Polster: 160 cm<br \/>\nDouble kann auseinandergenommen und als Single Camera Sling verwendet werden<br \/>\nDas Polster besteht aus: Nylon-Mono-Mesh, TPE-Schaum, Polyester und Luftnetz<br \/>\nPad L\u00e4nge: 40,5 cm<br \/>\nPolsterbreite: 5,5 cm &#8211; 9,5 cm<br \/>\nPolsterdicke: 0,65 cm<br \/>\nGurtband: 100% Nylon<br \/>\nGurtband Breite: 2,5 cm<br \/>\nCam-Locks<br \/>\nBeinhaltet 2 drehbare Karabinerhaken, 2 LockStar, 2 FastenR (FR-5), 2 Kamera-Sicherungsleinen<br \/>\nProduktgewicht: 353g<\/p>\n","protected":false},"excerpt":{"rendered":"<p>BlackRapid Double Breathe Camera Harness, Trusted Strap Design f\u00fcr 1 oder 2 SLR, DSLR, Mirrorless Kameras.<\/p>\n","protected":false},"featured_media":30749,"template":"","meta":{"_crdt_document":""},"product_brand":[],"product_cat":[230],"product_tag":[],"class_list":{"0":"post-30236","1":"product","2":"type-product","3":"status-publish","4":"has-post-thumbnail","6":"product_cat-schultergurt","8":"first","9":"instock","10":"featured","11":"taxable","12":"shipping-taxable","13":"purchasable","14":"product-type-simple"},"_links":{"self":[{"href":"https:\/\/shop.swissphotoclub.com\/de\/wp-json\/wp\/v2\/product\/30236","targetHints":{"allow":["GET"]}}],"collection":[{"href":"https:\/\/shop.swissphotoclub.com\/de\/wp-json\/wp\/v2\/product"}],"about":[{"href":"https:\/\/shop.swissphotoclub.com\/de\/wp-json\/wp\/v2\/types\/product"}],"version-history":[{"count":0,"href":"https:\/\/shop.swissphotoclub.com\/de\/wp-json\/wp\/v2\/product\/30236\/revisions"}],"wp:featuredmedia":[{"embeddable":true,"href":"https:\/\/shop.swissphotoclub.com\/de\/wp-json\/wp\/v2\/media\/30749"}],"wp:attachment":[{"href":"https:\/\/shop.swissphotoclub.com\/de\/wp-json\/wp\/v2\/media?parent=30236"}],"wp:term":[{"taxonomy":"product_brand","embeddable":true,"href":"https:\/\/shop.swissphotoclub.com\/de\/wp-json\/wp\/v2\/product_brand?post=30236"},{"taxonomy":"product_cat","embeddable":true,"href":"https:\/\/shop.swissphotoclub.com\/de\/wp-json\/wp\/v2\/product_cat?post=30236"},{"taxonomy":"product_tag","embeddable":true,"href":"https:\/\/shop.swissphotoclub.com\/de\/wp-json\/wp\/v2\/product_tag?post=30236"}],"curies":[{"name":"wp","href":"https:\/\/api.w.org\/{rel}","templated":true}]}}