{"id":30289,"date":"2022-10-13T16:12:33","date_gmt":"2022-10-13T14:12:33","guid":{"rendered":"https:\/\/shop.swissphotoclub.com\/?post_type=product&#038;p=30289"},"modified":"2026-01-09T11:44:02","modified_gmt":"2026-01-09T10:44:02","slug":"adobe-photography-pack-lightroom-photoshop","status":"publish","type":"product","link":"https:\/\/shop.swissphotoclub.com\/de\/produkt\/adobe-photography-pack-lightroom-photoshop\/","title":{"rendered":"Adobe Fotografie-Paket: Lightroom &amp; Photoshop"},"content":{"rendered":"<p><strong>Beinhaltet:<\/strong><\/p>\n<ul>\n<li>Adobe Photoshop<\/li>\n<li>Adobe Lightroom<\/li>\n<li>Adobe Lightroom Classic<\/li>\n<li>1 TB Cloud-Speicherplatz<\/li>\n<li>25 Generative Credits pro Monat<\/li>\n<\/ul>\n<p>Bearbeiten, organisieren, speichern und teilen Sie Ihre Fotos &#8211; \u00fcberall. Verbessern Sie Ihre Fotos oder verwandeln Sie sie vollst\u00e4ndig. 1 TB Cloud-Speicher zur ger\u00e4te\u00fcbergreifenden Synchronisierung bearbeiteter Bilder.<\/p>\n<p>Diese Komplettl\u00f6sung bietet ambitionierten Amateurfotografen und Profis die weltweit f\u00fchrenden Tools f\u00fcr professionelle Fotobearbeitung und umfangreiches Compositing &#8211; immer aktuell und mit sofortigem Zugriff auf die neuesten Funktionen. Dieses Bundle besteht aus Adobe Photoshop, Lightroom (beide Versionen) und einer Reihe weiterer Apps und Dienste f\u00fcr die Verwendung auf mobilen Ger\u00e4ten.<\/p>\n<p>Photoshop ist das f\u00fchrende Bildbearbeitungs- und Designprogramm und damit unverzichtbar f\u00fcr jeden Kreativprofi. Erstellen und verbessern Sie Ihre Fotos, Web- und App-Designs, 3D-Grafiken, Videos und vieles mehr mit einer Vielzahl von fortschrittlichen Tools. Praktisch jede Idee kann hier verwirklicht werden. Finden Sie alle Tools, Vorlagen, Stock Assets und mehr in der neuesten Version. Speichern Sie Pinsel, Bilder, Farben, Zeichnungsformate und andere Elemente in Creative Cloud-Bibliotheken, damit Sie auf all Ihren Ger\u00e4ten sofort darauf zugreifen k\u00f6nnen.<\/p>\n<p>Mit Lightroom haben Sie Ihre Fotos immer zur Hand, egal wo Sie sind. Sie k\u00f6nnen sie jederzeit bearbeiten, organisieren und weitergeben &#8211; auf dem Desktop, im Web oder auf iOS- und Android-Ger\u00e4ten. Die Software enth\u00e4lt alle Werkzeuge, die Sie f\u00fcr eine schnelle Bearbeitung ben\u00f6tigen, um in wenigen Schritten das Beste aus Ihren Fotos herauszuholen. Intensivieren Sie Farben, verleihen Sie leblosen Aufnahmen Dynamik, entfernen Sie st\u00f6rende Objekte, begradigen Sie krumme Linien, erstellen Sie beeindruckende Panoramen und bearbeiten Sie sogar RAW-Bilder auf Ihrem Mobilger\u00e4t.<\/p>\n<p>Profitieren Sie von einer Vielzahl zus\u00e4tzlicher Apps und Dienste, mit denen Sie unterwegs auf Ihren Android- oder iOS-Mobilger\u00e4ten arbeiten k\u00f6nnen. Bearbeiten, organisieren und teilen Sie Ihre Fotos \u00fcberall mit Lightroom mobile. Photoshop Fix bietet Ihnen eine breite Palette an Retuschieroptionen in einer f\u00fcr Touch-Ger\u00e4te optimierten Benutzeroberfl\u00e4che. Erstellen Sie atemberaubende Kompositionen aus mehreren Bildern mit Photoshop Mix.<\/p>\n<p><strong>Wie Sie diese Software verwenden:<\/strong><\/p>\n<p>Schauen Sie sich unsere <a href=\"https:\/\/swissphotoclub.com\/en-ch\/courses#level6\" target=\"_blank\" rel=\"noopener\">Softwarekurse<\/a> an, um zu lernen, wie man Lightroom und andere Fotografie-Software benutzt.<\/p>\n","protected":false},"excerpt":{"rendered":"<p>Adobe Photography Plan enth\u00e4lt:<\/p>\n<ul>\n<li>Adobe Photoshop<\/li>\n<li>Adobe Lightroom Classic<\/li>\n<li>Adobe Lightroom<\/li>\n<li>1TB Cloud-Speicher<\/li>\n<li>25 monatliche generative Kredite<\/li>\n<\/ul>\n<p>1-monatig, 1 x, Windows, Mac OS<\/p>\n","protected":false},"featured_media":30311,"template":"","meta":{"_crdt_document":""},"product_brand":[],"product_cat":[248],"product_tag":[],"class_list":{"0":"post-30289","1":"product","2":"type-product","3":"status-publish","4":"has-post-thumbnail","6":"product_cat-fotosoftware","8":"first","9":"instock","10":"featured","11":"product-type-external"},"_links":{"self":[{"href":"https:\/\/shop.swissphotoclub.com\/de\/wp-json\/wp\/v2\/product\/30289","targetHints":{"allow":["GET"]}}],"collection":[{"href":"https:\/\/shop.swissphotoclub.com\/de\/wp-json\/wp\/v2\/product"}],"about":[{"href":"https:\/\/shop.swissphotoclub.com\/de\/wp-json\/wp\/v2\/types\/product"}],"version-history":[{"count":5,"href":"https:\/\/shop.swissphotoclub.com\/de\/wp-json\/wp\/v2\/product\/30289\/revisions"}],"predecessor-version":[{"id":33869,"href":"https:\/\/shop.swissphotoclub.com\/de\/wp-json\/wp\/v2\/product\/30289\/revisions\/33869"}],"wp:featuredmedia":[{"embeddable":true,"href":"https:\/\/shop.swissphotoclub.com\/de\/wp-json\/wp\/v2\/media\/30311"}],"wp:attachment":[{"href":"https:\/\/shop.swissphotoclub.com\/de\/wp-json\/wp\/v2\/media?parent=30289"}],"wp:term":[{"taxonomy":"product_brand","embeddable":true,"href":"https:\/\/shop.swissphotoclub.com\/de\/wp-json\/wp\/v2\/product_brand?post=30289"},{"taxonomy":"product_cat","embeddable":true,"href":"https:\/\/shop.swissphotoclub.com\/de\/wp-json\/wp\/v2\/product_cat?post=30289"},{"taxonomy":"product_tag","embeddable":true,"href":"https:\/\/shop.swissphotoclub.com\/de\/wp-json\/wp\/v2\/product_tag?post=30289"}],"curies":[{"name":"wp","href":"https:\/\/api.w.org\/{rel}","templated":true}]}}