{"id":30313,"date":"2022-10-13T17:04:07","date_gmt":"2022-10-13T15:04:07","guid":{"rendered":"https:\/\/shop.swissphotoclub.com\/?post_type=product&#038;p=30313"},"modified":"2022-10-27T23:45:14","modified_gmt":"2022-10-27T21:45:14","slug":"adobe-premiere-pro","status":"publish","type":"product","link":"https:\/\/shop.swissphotoclub.com\/de\/produkt\/adobe-premiere-pro\/","title":{"rendered":"Adobe Premiere Pro"},"content":{"rendered":"<p>Hole dir die f\u00fchrende Software f\u00fcr professionelle Videoproduktion f\u00fcr Film, TV und Web. Kreative Werkzeuge, das Zusammenwirken mit anderen Programmen und Services von Adobe und die Power von Adobe Sensei lassen aus Footage erfolgreiche Storys entstehen\u00a0\u2013 in einem l\u00fcckenlosen Produktions-Workflow.<\/p>\n","protected":false},"excerpt":{"rendered":"<p>Adobe 20 GB Creative Cloud photography plan. Includes:<\/p>\n<ul>\n<li>Adobe Photoshop<\/li>\n<li>Adobe Lightroom Classic<\/li>\n<li>Adobe Lightroom<\/li>\n<\/ul>\n<p>1-month, 1 x, Windows, Mac OS<\/p>\n","protected":false},"featured_media":30317,"template":"","meta":{"_crdt_document":""},"product_brand":[],"product_cat":[248],"product_tag":[],"class_list":{"0":"post-30313","1":"product","2":"type-product","3":"status-publish","4":"has-post-thumbnail","6":"product_cat-fotosoftware","8":"first","9":"instock","10":"product-type-external"},"_links":{"self":[{"href":"https:\/\/shop.swissphotoclub.com\/de\/wp-json\/wp\/v2\/product\/30313","targetHints":{"allow":["GET"]}}],"collection":[{"href":"https:\/\/shop.swissphotoclub.com\/de\/wp-json\/wp\/v2\/product"}],"about":[{"href":"https:\/\/shop.swissphotoclub.com\/de\/wp-json\/wp\/v2\/types\/product"}],"version-history":[{"count":1,"href":"https:\/\/shop.swissphotoclub.com\/de\/wp-json\/wp\/v2\/product\/30313\/revisions"}],"predecessor-version":[{"id":30320,"href":"https:\/\/shop.swissphotoclub.com\/de\/wp-json\/wp\/v2\/product\/30313\/revisions\/30320"}],"wp:featuredmedia":[{"embeddable":true,"href":"https:\/\/shop.swissphotoclub.com\/de\/wp-json\/wp\/v2\/media\/30317"}],"wp:attachment":[{"href":"https:\/\/shop.swissphotoclub.com\/de\/wp-json\/wp\/v2\/media?parent=30313"}],"wp:term":[{"taxonomy":"product_brand","embeddable":true,"href":"https:\/\/shop.swissphotoclub.com\/de\/wp-json\/wp\/v2\/product_brand?post=30313"},{"taxonomy":"product_cat","embeddable":true,"href":"https:\/\/shop.swissphotoclub.com\/de\/wp-json\/wp\/v2\/product_cat?post=30313"},{"taxonomy":"product_tag","embeddable":true,"href":"https:\/\/shop.swissphotoclub.com\/de\/wp-json\/wp\/v2\/product_tag?post=30313"}],"curies":[{"name":"wp","href":"https:\/\/api.w.org\/{rel}","templated":true}]}}