{"id":30614,"date":"2022-10-18T11:11:16","date_gmt":"2022-10-18T09:11:16","guid":{"rendered":"https:\/\/shop.swissphotoclub.com\/?post_type=product&#038;p=30614"},"modified":"2022-10-18T11:25:26","modified_gmt":"2022-10-18T09:25:26","slug":"gitzo-traveler-stativ-kit-serie-2-4-beinsegmente","status":"publish","type":"product","link":"https:\/\/shop.swissphotoclub.com\/de\/produkt\/gitzo-traveler-stativ-kit-serie-2-4-beinsegmente\/","title":{"rendered":"Gitzo Traveler Stativ Kit, Serie 2, 4 Beinsegmente"},"content":{"rendered":"<p>Das GK2545T-82TQD ist ein Traveler Stativ\/Kopf Kit bestehend aus dem GT2545T Stativ und dem zentrischen Kugelkopf GH1382TQD.<\/p>\n<p>Das Gitzo GT2545T Traveler Carbonfaser-Stativ der Serie 2 ist der belastbarste, professionelle Traveler Tr\u00e4ger mit 4 Beinsegmenten mit dem von Gitzo entwickelten 180\u00b0-Klappmechanismus der Beine, durch den die Stativbeine um die Mittels\u00e4ule und den Stativkopf herum nach innen geklappt werden k\u00f6nnen, sodass es sich auf 44,5 cm zusammenklappen l\u00e4sst. Es wird f\u00fcr den Gebrauch mit Objektiven von 200 mm bis maximal 300 mm empfohlen. Bei Spreizung der Beinwinkel und Einsetzung der enthaltenen kurzen Mittels\u00e4ule l\u00e4sst sich das Stativ f\u00fcr Niedrigwinkel- oder Makro-Aufnahmen noch weiter hinunterfahren. Dieses Stativ hat die gr\u00f6\u00dften R\u00f6hrendurchmesser der Traveler-Serie. Die Stativbeine sind aus Carbon eXact Rohren gefertigt, die f\u00fcr verbesserte Belastbarkeit und Steifigkeit in schlankerem Format stehen. Das Stativ verf\u00fcgt \u00fcber \u201cTraveler G-Lock\u201d &#8211; eine Version des G-Lock-Schlie\u00dfmechanismus von Gitzo in Reisegr\u00f6\u00dfe, die speziell darauf ausgelegt ist, Sicherung f\u00fcr kompaktere Stative zu garantieren. Mitgeliefert wird der zum Stativ geh\u00f6rende Schultergurt f\u00fcr hohen Tragekomfort. Die genau angepassten kompakten Gummi-F\u00fc\u00dfe lassen sich leicht mit alternativen F\u00fc\u00dfen von Gitzo auswechseln (z.B. Spikes oder gr\u00f6\u00dfere F\u00fc\u00dfe). Es ist das ideale Stativ f\u00fcr professionelle Fotografen, die besonders lange Objektive benutzen oder h\u00f6chste Stabilit\u00e4t f\u00fcr unterwegs brauchen.<\/p>\n<p>Desweiteren enth\u00e4lt das Kit den zentrischen Kugelkopf GH1382TQD der Serie 1, der mittelgro\u00dfe professionelle Stativkopf. Trotz seines schlanken Designs ist er reich mit Zubeh\u00f6r ausgestattet, darunter ein Knopf zur Friktionskontrolle f\u00fcr pr\u00e4zise Einstellung, der in den Verriegelungsknopf der Kugel integriert wurde. Dieses Modell besitzt einen unabh\u00e4ngigen 360\u00b0 Pan Lock und eine Verriegelung zur Kontrolle der Kugelbewegung. Er bietet kompromisslose Kugel-Laufruhe und wurde aus hochqualitativen, extrem strapazierf\u00e4higen Stahl- und Aluminiumbauteilen gefertigt. Die Verriegelung der enthaltenen Schnellwechselplatte erfolgt mit Hilfe einer Feststellschraube und eine Nivellierlibelle hilft dem Fotografen dabei, den Horizont perfekt auszurichten. Der GH1382TQD ist ein perfekt ausbalancierter und beweglicher Stativkopf. Durch sein Design garantiert er absolut geschmeidige und pr\u00e4zise Bewegung und sichere Verriegelung. Er wird mit der kurzen Platte vom Typ Arca-Swiss (GS5370SD) geliefert und ist kompatibel mit allen Platten mit D-Profil von Gitzo sowie den meisten Arca-Swiss-Platten anderer Marken.<\/p>\n<p>Das Kit aus Carbonfaser-Stativ und Kopf GK2545T-82TQD ist die perfekte Wahl f\u00fcr passionierte und professionelle Fotografen, die sich einen standfesten, zuverl\u00e4ssigen Tr\u00e4ger f\u00fcr makellose Reisefotografie w\u00fcnschen.<\/p>\n","protected":false},"excerpt":{"rendered":"<ul>\n<li>Robustes, professionelles Carbon Kit mit 4 Segmenten<\/li>\n<li>Kugelkopf f\u00fcr sehr weiche Bewegungen und Friktionskontrolle<\/li>\n<li>Inkludierter Schulter-Gurt erm\u00f6glicht ein einfaches Tragen<\/li>\n<li>F\u00fcr l\u00e4ngere Objektive gemacht, hoher Tragekomfort beim Reisen<\/li>\n<li>Arca kompatibler Kopf mit zwei verschiedenen Verschl\u00fcssen<\/li>\n<\/ul>\n","protected":false},"featured_media":30705,"template":"","meta":{"_crdt_document":""},"product_brand":[],"product_cat":[233],"product_tag":[],"class_list":{"0":"post-30614","1":"product","2":"type-product","3":"status-publish","4":"has-post-thumbnail","6":"product_cat-stative","8":"first","9":"instock","10":"taxable","11":"shipping-taxable","12":"purchasable","13":"product-type-simple"},"_links":{"self":[{"href":"https:\/\/shop.swissphotoclub.com\/de\/wp-json\/wp\/v2\/product\/30614","targetHints":{"allow":["GET"]}}],"collection":[{"href":"https:\/\/shop.swissphotoclub.com\/de\/wp-json\/wp\/v2\/product"}],"about":[{"href":"https:\/\/shop.swissphotoclub.com\/de\/wp-json\/wp\/v2\/types\/product"}],"version-history":[{"count":2,"href":"https:\/\/shop.swissphotoclub.com\/de\/wp-json\/wp\/v2\/product\/30614\/revisions"}],"predecessor-version":[{"id":30616,"href":"https:\/\/shop.swissphotoclub.com\/de\/wp-json\/wp\/v2\/product\/30614\/revisions\/30616"}],"wp:featuredmedia":[{"embeddable":true,"href":"https:\/\/shop.swissphotoclub.com\/de\/wp-json\/wp\/v2\/media\/30705"}],"wp:attachment":[{"href":"https:\/\/shop.swissphotoclub.com\/de\/wp-json\/wp\/v2\/media?parent=30614"}],"wp:term":[{"taxonomy":"product_brand","embeddable":true,"href":"https:\/\/shop.swissphotoclub.com\/de\/wp-json\/wp\/v2\/product_brand?post=30614"},{"taxonomy":"product_cat","embeddable":true,"href":"https:\/\/shop.swissphotoclub.com\/de\/wp-json\/wp\/v2\/product_cat?post=30614"},{"taxonomy":"product_tag","embeddable":true,"href":"https:\/\/shop.swissphotoclub.com\/de\/wp-json\/wp\/v2\/product_tag?post=30614"}],"curies":[{"name":"wp","href":"https:\/\/api.w.org\/{rel}","templated":true}]}}