{"id":30617,"date":"2022-10-18T10:59:40","date_gmt":"2022-10-18T08:59:40","guid":{"rendered":"https:\/\/shop.swissphotoclub.com\/?post_type=product&#038;p=30617"},"modified":"2022-10-18T11:29:32","modified_gmt":"2022-10-18T09:29:32","slug":"gitzo-traveler-stativ-kit-serie-1-4-beinsegmente","status":"publish","type":"product","link":"https:\/\/shop.swissphotoclub.com\/de\/produkt\/gitzo-traveler-stativ-kit-serie-1-4-beinsegmente\/","title":{"rendered":"Gitzo Traveler Stativ Kit, Serie 1, 4 Beinsegmente"},"content":{"rendered":"<p>Das GK1545T-82TQD ist ein Traveler Stativ\/Kopf Kit bestehend aus dem GT1545T Stativ und dem zentrischen Kugelkopf GH1382TQD.<\/p>\n<p>Das Gitzo GT1545T Traveler Carbonfaser-Stativ der Serie 1 ist ein extrem kompakter Tr\u00e4ger mit 4 Beinsegmenten mit dem von Gitzo entwickelten 180\u00b0-Klappmechanismus der Beine, durch den die Stativbeine um die Mittels\u00e4ule und den Stativkopf herum nach innen geklappt werden k\u00f6nnen, sodass es sich auf 42,5 cm zusammenklappen l\u00e4sst. Es wird f\u00fcr den Gebrauch mit Objektiven von 135 mm bis maximal 200 mm empfohlen. Bei Spreizung der Beinwinkel und Einsetzung der enthaltenen kurzen Mittels\u00e4ule l\u00e4sst sich das Stativ f\u00fcr Niedrigwinkel- oder Makro-Aufnahmen noch weiter hinunterfahren.<\/p>\n<p>Die Stativbeine sind aus Carbon eXact Rohren gefertigt, die f\u00fcr verbesserte Belastbarkeit und Steifigkeit in schlankerem Format stehen. Das Stativ verf\u00fcgt \u00fcber \u201cTraveler G-Lock\u201d &#8211; eine Version des G-Lock-Schlie\u00dfmechanismus von Gitzo in Reisegr\u00f6\u00dfe, die speziell darauf ausgelegt ist, Sicherung in reduzierter Gr\u00f6\u00dfe zu garantieren. Mitgeliefert wird der zum Stativ geh\u00f6rende Schultergurt f\u00fcr hohen Tragekomfort. Die genau angepassten kompakten Gummi-F\u00fc\u00dfe lassen sich wenn n\u00f6tig leicht austauschen.<\/p>\n<p>Der Traveler zentrische Kugelkopf GH1382TQD der Serie 1 ist der schlankste Stativkopf im professionellen Stativkopf-Sortiment von Gitzo. Dieses Modell besitzt einen unabh\u00e4ngigen Pan Lock. Es bietet kompromisslose Kugel-Laufruhe und wurde aus hochqualitativen, extrem strapazierf\u00e4higen Stahl- und Aluminiumbauteilen gefertigt. Der zentrische Kugelkopf GH1382TQD wird mit einer kurzen Platte vom Typ Arca-Swiss (GS5370SD) geliefert und ist auch perfekt auf alle Platten mit D-Profil von Gitzo zugeschnitten. Die Verriegelung der Schnellwechselplatte erfolgt mit Hilfe einer Feststellschraube und eine Nivellierlibelle hilft dem Fotografen dabei, den Horizont perfekt auszurichten. Dieser Stativkopf ist kompatibel mit den meisten Arca-Swiss-Platten anderer Marken. Er enth\u00e4lt keinen Knopf zur Friktionskontrolle.<br \/>\nGenau wie alle anderen zentrischen Kugelk\u00f6pfe von Gitzo ist auch der GH1382TQD ein perfekt ausbalancierter und beweglicher Stativkopf. Durch sein innovatives Design garantiert er absolut geschmeidige und pr\u00e4zise Bewegung und sichere Verriegelung.<\/p>\n<p>Das GK1545T-82TQD ist ein Kit aus Carbonfaser-Stativ und Kopf h\u00f6chster Qualit\u00e4t, entwickelt f\u00fcr anspruchsvolle Fotografen, die bei ihren Reisen gern mit leichtem Gep\u00e4ck unterwegs sind.<\/p>\n","protected":false},"excerpt":{"rendered":"<ul>\n<li>Leicht tragbares aber gro\u00dfes Carbon Reise-Stativ-Kit, 4 Segmente<\/li>\n<li>Hochwertiger Zentrischer Kugelkopf f\u00fcr sehr weiche Bewegungen<\/li>\n<li>2 Beinanstellwinkel, enth\u00e4lt kurze Stativs\u00e4ule f. Bodenaufnahmen<\/li>\n<li>Der enthaltene Schultergurt sorgt f\u00fcr ein einfaches Tragen<\/li>\n<li>Arca kompatibler Kopf mit zwei verschiedenen Verschl\u00fcssen<\/li>\n<\/ul>\n","protected":false},"featured_media":30715,"template":"","meta":{"_crdt_document":""},"product_brand":[],"product_cat":[233],"product_tag":[],"class_list":{"0":"post-30617","1":"product","2":"type-product","3":"status-publish","4":"has-post-thumbnail","6":"product_cat-stative","8":"first","9":"instock","10":"taxable","11":"shipping-taxable","12":"purchasable","13":"product-type-simple"},"_links":{"self":[{"href":"https:\/\/shop.swissphotoclub.com\/de\/wp-json\/wp\/v2\/product\/30617","targetHints":{"allow":["GET"]}}],"collection":[{"href":"https:\/\/shop.swissphotoclub.com\/de\/wp-json\/wp\/v2\/product"}],"about":[{"href":"https:\/\/shop.swissphotoclub.com\/de\/wp-json\/wp\/v2\/types\/product"}],"version-history":[{"count":2,"href":"https:\/\/shop.swissphotoclub.com\/de\/wp-json\/wp\/v2\/product\/30617\/revisions"}],"predecessor-version":[{"id":30619,"href":"https:\/\/shop.swissphotoclub.com\/de\/wp-json\/wp\/v2\/product\/30617\/revisions\/30619"}],"wp:featuredmedia":[{"embeddable":true,"href":"https:\/\/shop.swissphotoclub.com\/de\/wp-json\/wp\/v2\/media\/30715"}],"wp:attachment":[{"href":"https:\/\/shop.swissphotoclub.com\/de\/wp-json\/wp\/v2\/media?parent=30617"}],"wp:term":[{"taxonomy":"product_brand","embeddable":true,"href":"https:\/\/shop.swissphotoclub.com\/de\/wp-json\/wp\/v2\/product_brand?post=30617"},{"taxonomy":"product_cat","embeddable":true,"href":"https:\/\/shop.swissphotoclub.com\/de\/wp-json\/wp\/v2\/product_cat?post=30617"},{"taxonomy":"product_tag","embeddable":true,"href":"https:\/\/shop.swissphotoclub.com\/de\/wp-json\/wp\/v2\/product_tag?post=30617"}],"curies":[{"name":"wp","href":"https:\/\/api.w.org\/{rel}","templated":true}]}}