{"id":30620,"date":"2022-10-18T10:47:27","date_gmt":"2022-10-18T08:47:27","guid":{"rendered":"https:\/\/shop.swissphotoclub.com\/?post_type=product&#038;p=30620"},"modified":"2022-10-18T11:59:56","modified_gmt":"2022-10-18T09:59:56","slug":"gitzo-legende-kit-mit-stativ-der-reihe-traveler","status":"publish","type":"product","link":"https:\/\/shop.swissphotoclub.com\/de\/produkt\/gitzo-legende-kit-mit-stativ-der-reihe-traveler\/","title":{"rendered":"Gitzo L\u00e9gende &#8211; Kit mit Stativ der Reihe Traveler"},"content":{"rendered":"<p>Wir pr\u00e4sentieren das Gitzo L\u00e9gende (GK 1545T-RTI) Reise-Kit, bestehend aus dem Reisestativ der Sonderedition der Serie 1 der Reihe Traveler mit vier Beinsegmenten und einem speziell entwickelten Kugelkopf aus mattem Aluminium. Dieses Kit wurde entwickelt f\u00fcr anspruchsvolle Fotografen, die viel reisen und dabei leichtes Gep\u00e4ck bevorzugen. Empfohlen f\u00fcr Objektive von 135 mm bis 200 mm.<\/p>\n<p>Unser Carbonstativ der Traveler Serie 1 ist extrem kompakt, die Beine bestehen aus eXact Carbonr\u00f6hren f\u00fcr \u00fcberlegene Stabilit\u00e4t und Standfestigkeit bei kompakten Abmessungen und die Verriegelungsringe aus Aluminium wurden f\u00fcr dieses Modell kunstvoll ausgestaltet. Kamerast\u00fctze mit vier Beinsegmenten und dem von Gitzo entwickelten 180-Grad-Faltsystem, bei dem die Beine r\u00fcckw\u00e4rts um die Mittels\u00e4ule zusammengeklappt werden, was ein Packma\u00df von lediglich 43 cm erm\u00f6glicht. Weite Beinwinkel und die M\u00f6glichkeit, eine kurze Mittels\u00e4ule einzusetzen, lassen niedrige Aufnahmeh\u00f6hen f\u00fcr niedrige Blickwinkel oder Makroaufnahmen zu. Die kompakten Gummif\u00fc\u00dfe sind bei Bedarf ganz einfach austauschbar. Ein Schultergurt aus Kunstleder sorgt f\u00fcr Komfort beim Tragen.<\/p>\n<p>Der Kugelkopf ist eine neue, schlanke Konstruktion aus dem Profi-Segment von Gitzo und besteht aus hochwertigen, \u00e4u\u00dferst widerstandsf\u00e4higen Stahl- und Aluminiumkomponenten. Perfekt ausbalanciert, vielseitig und mit einem Drehknauf zum Einstellen der Friktion ausger\u00fcstet, sorgt er f\u00fcr kompromisslos geschmeidige Bewegungen. Die Arca-Swiss kompatible Schnellwechselplatte funktioniert perfekt mit den D-Profil-Platten von Gitzo und den meisten Arca-Swiss kompatiblen Platten anderer Hersteller. Die Platte wird mit einer R\u00e4ndelschraube befestigt und besitzt eine Wasserwaage um dem Fotografen das Ausrichten am Horizont zu erleichtern.<\/p>\n","protected":false},"excerpt":{"rendered":"<ul class=\"pdp-info__bulletpoints\">\n<li>Stativ-Kit der Reihe Traveler mit 4 Beinsegmenten aus Carbon<\/li>\n<li>Hochwertiger Kugelkopf f\u00fcr absolut geschmeidige Bewegungen<\/li>\n<li>Zwei Beinwinkel und Mittels\u00e4ule f\u00fcr Aufnahmen auf Bodenh\u00f6he<\/li>\n<li>Arca-kompatibler Kopf mit zwei separaten Verriegelungen<\/li>\n<li>Schultergurt aus Kunstleder f\u00fcr komfortables Tragen<\/li>\n<\/ul>\n","protected":false},"featured_media":30712,"template":"","meta":{"_crdt_document":""},"product_brand":[],"product_cat":[233],"product_tag":[],"class_list":{"0":"post-30620","1":"product","2":"type-product","3":"status-publish","4":"has-post-thumbnail","6":"product_cat-stative","8":"first","9":"instock","10":"taxable","11":"shipping-taxable","12":"purchasable","13":"product-type-simple"},"_links":{"self":[{"href":"https:\/\/shop.swissphotoclub.com\/de\/wp-json\/wp\/v2\/product\/30620","targetHints":{"allow":["GET"]}}],"collection":[{"href":"https:\/\/shop.swissphotoclub.com\/de\/wp-json\/wp\/v2\/product"}],"about":[{"href":"https:\/\/shop.swissphotoclub.com\/de\/wp-json\/wp\/v2\/types\/product"}],"version-history":[{"count":2,"href":"https:\/\/shop.swissphotoclub.com\/de\/wp-json\/wp\/v2\/product\/30620\/revisions"}],"predecessor-version":[{"id":30622,"href":"https:\/\/shop.swissphotoclub.com\/de\/wp-json\/wp\/v2\/product\/30620\/revisions\/30622"}],"wp:featuredmedia":[{"embeddable":true,"href":"https:\/\/shop.swissphotoclub.com\/de\/wp-json\/wp\/v2\/media\/30712"}],"wp:attachment":[{"href":"https:\/\/shop.swissphotoclub.com\/de\/wp-json\/wp\/v2\/media?parent=30620"}],"wp:term":[{"taxonomy":"product_brand","embeddable":true,"href":"https:\/\/shop.swissphotoclub.com\/de\/wp-json\/wp\/v2\/product_brand?post=30620"},{"taxonomy":"product_cat","embeddable":true,"href":"https:\/\/shop.swissphotoclub.com\/de\/wp-json\/wp\/v2\/product_cat?post=30620"},{"taxonomy":"product_tag","embeddable":true,"href":"https:\/\/shop.swissphotoclub.com\/de\/wp-json\/wp\/v2\/product_tag?post=30620"}],"curies":[{"name":"wp","href":"https:\/\/api.w.org\/{rel}","templated":true}]}}