{"id":31123,"date":"2022-12-12T09:57:43","date_gmt":"2022-12-12T08:57:43","guid":{"rendered":"https:\/\/shop.swissphotoclub.com\/?post_type=product&#038;p=31123"},"modified":"2022-12-12T10:15:30","modified_gmt":"2022-12-12T09:15:30","slug":"shimoda-explore-v2-35-starter-kit","status":"publish","type":"product","link":"https:\/\/shop.swissphotoclub.com\/de\/produkt\/shimoda-explore-v2-35-starter-kit\/","title":{"rendered":"Shimoda Explore V2 35 Starter Kit"},"content":{"rendered":"<p>Der Explore V2 35 ist der gr\u00f6sste landschaftsspezifische Abenteuerrucksack von Shimoda. Gebaut f\u00fcr Fotografen, die sich an anspruchsvolle Orte wagen wollen, aber auch global reisen m\u00fcssen, um ein Abenteuer zu beginnen.<\/p>\n<ul>\n<li>Innenma\u00dfe 28,5 x 53 x 19 cm<\/li>\n<li>Au\u00dfenma\u00dfe 29,5 x 54 x 20 cm<\/li>\n<li>Gewicht 2,61 kg<\/li>\n<\/ul>\n","protected":false},"excerpt":{"rendered":"<ul class=\"pdp-info__bulletpoints\">\n<li>Internal dimensions 28.5 x 53 x 19 cm<\/li>\n<li>External dimensions 29.5 x 54 x 20 cm<\/li>\n<li>Weight 2.61kg<\/li>\n<\/ul>\n","protected":false},"featured_media":31127,"template":"","meta":{"_crdt_document":""},"product_brand":[],"product_cat":[266],"product_tag":[],"class_list":{"0":"post-31123","1":"product","2":"type-product","3":"status-publish","4":"has-post-thumbnail","6":"product_cat-rucksacke","8":"first","9":"instock","10":"sale","11":"taxable","12":"shipping-taxable","13":"purchasable","14":"product-type-simple"},"_links":{"self":[{"href":"https:\/\/shop.swissphotoclub.com\/de\/wp-json\/wp\/v2\/product\/31123","targetHints":{"allow":["GET"]}}],"collection":[{"href":"https:\/\/shop.swissphotoclub.com\/de\/wp-json\/wp\/v2\/product"}],"about":[{"href":"https:\/\/shop.swissphotoclub.com\/de\/wp-json\/wp\/v2\/types\/product"}],"version-history":[{"count":2,"href":"https:\/\/shop.swissphotoclub.com\/de\/wp-json\/wp\/v2\/product\/31123\/revisions"}],"predecessor-version":[{"id":31170,"href":"https:\/\/shop.swissphotoclub.com\/de\/wp-json\/wp\/v2\/product\/31123\/revisions\/31170"}],"wp:featuredmedia":[{"embeddable":true,"href":"https:\/\/shop.swissphotoclub.com\/de\/wp-json\/wp\/v2\/media\/31127"}],"wp:attachment":[{"href":"https:\/\/shop.swissphotoclub.com\/de\/wp-json\/wp\/v2\/media?parent=31123"}],"wp:term":[{"taxonomy":"product_brand","embeddable":true,"href":"https:\/\/shop.swissphotoclub.com\/de\/wp-json\/wp\/v2\/product_brand?post=31123"},{"taxonomy":"product_cat","embeddable":true,"href":"https:\/\/shop.swissphotoclub.com\/de\/wp-json\/wp\/v2\/product_cat?post=31123"},{"taxonomy":"product_tag","embeddable":true,"href":"https:\/\/shop.swissphotoclub.com\/de\/wp-json\/wp\/v2\/product_tag?post=31123"}],"curies":[{"name":"wp","href":"https:\/\/api.w.org\/{rel}","templated":true}]}}