{"id":31197,"date":"2022-10-13T15:55:25","date_gmt":"2022-10-13T13:55:25","guid":{"rendered":"https:\/\/shop.swissphotoclub.com\/product\/spc-kapuzenpullover-mit-reissverschluss-premium\/"},"modified":"2022-10-13T15:55:25","modified_gmt":"2022-10-13T13:55:25","slug":"spc-zipped-hoodie-premium-2","status":"publish","type":"product","link":"https:\/\/shop.swissphotoclub.com\/de\/produkt\/spc-zipped-hoodie-premium-2\/","title":{"rendered":"SPC Kapuzenpullover mit Rei\u00dfverschluss Premium"},"content":{"rendered":"<p>Schwarzer Unisex-Kapuzenpullover mit Rei\u00dfverschluss und Swiss Photo Club Logo. Die Innenseite besteht aus Fleece f\u00fcr mehr Komfort. Die N\u00e4hte der K\u00e4ngurutaschen sind verst\u00e4rkt.<\/p>\n","protected":false},"excerpt":{"rendered":"<p>Dies ist ein einfaches Produkt.<\/p>\n","protected":false},"featured_media":30273,"template":"","meta":{"_crdt_document":""},"product_brand":[],"product_cat":[237],"product_tag":[],"class_list":{"0":"post-31197","1":"product","2":"type-product","3":"status-publish","4":"has-post-thumbnail","6":"product_cat-hoodies-de","7":"product_shipping_class-printify-de","9":"first","10":"instock","11":"taxable","12":"shipping-taxable","13":"purchasable","14":"product-type-variable"},"_links":{"self":[{"href":"https:\/\/shop.swissphotoclub.com\/de\/wp-json\/wp\/v2\/product\/31197","targetHints":{"allow":["GET"]}}],"collection":[{"href":"https:\/\/shop.swissphotoclub.com\/de\/wp-json\/wp\/v2\/product"}],"about":[{"href":"https:\/\/shop.swissphotoclub.com\/de\/wp-json\/wp\/v2\/types\/product"}],"version-history":[{"count":0,"href":"https:\/\/shop.swissphotoclub.com\/de\/wp-json\/wp\/v2\/product\/31197\/revisions"}],"wp:featuredmedia":[{"embeddable":true,"href":"https:\/\/shop.swissphotoclub.com\/de\/wp-json\/wp\/v2\/media\/30273"}],"wp:attachment":[{"href":"https:\/\/shop.swissphotoclub.com\/de\/wp-json\/wp\/v2\/media?parent=31197"}],"wp:term":[{"taxonomy":"product_brand","embeddable":true,"href":"https:\/\/shop.swissphotoclub.com\/de\/wp-json\/wp\/v2\/product_brand?post=31197"},{"taxonomy":"product_cat","embeddable":true,"href":"https:\/\/shop.swissphotoclub.com\/de\/wp-json\/wp\/v2\/product_cat?post=31197"},{"taxonomy":"product_tag","embeddable":true,"href":"https:\/\/shop.swissphotoclub.com\/de\/wp-json\/wp\/v2\/product_tag?post=31197"}],"curies":[{"name":"wp","href":"https:\/\/api.w.org\/{rel}","templated":true}]}}