{"id":31203,"date":"2022-08-10T17:44:20","date_gmt":"2022-08-10T15:44:20","guid":{"rendered":"https:\/\/shop.swissphotoclub.com\/product\/blackrapid-curve-breathe\/"},"modified":"2022-08-10T17:44:20","modified_gmt":"2022-08-10T15:44:20","slug":"blackrapid-curve-breathe-2","status":"publish","type":"product","link":"https:\/\/shop.swissphotoclub.com\/de\/produkt\/blackrapid-curve-breathe-2\/","title":{"rendered":"BlackRapid Curve Breathe"},"content":{"rendered":"<p>Ergonomischer Kameragurt mit schnellem Kamerazugriff. Der BlackRapid Curve Breathe Kameratrageriemen verf\u00fcgt \u00fcber ein einzigartiges, ergonomisch geformtes Polster, das sich an die linke Schulter anschmiegt und so f\u00fcr ein H\u00f6chstma\u00df an Stabilit\u00e4t und Komfort sorgt. Dieser Trageriemen wird von Profis auf der ganzen Welt sowie von Kamera-Enthusiasten gew\u00e4hlt und Sie k\u00f6nnen mit ihm nichts falsch machen!<\/p>\n<p>Der integrierte Unterarmstabilisator sorgt daf\u00fcr, dass das Schulterpolster in Position bleibt, wenn Sie sich bewegen und Aufnahmen aus verschiedenen Winkeln und Perspektiven machen. F\u00fcr Fotografen, die es einfach halten wollen, ist dieser Gurt genau das Richtige. Er ist robust genug, um einen langen Drehtag zu \u00fcberstehen, und wie alle Schlingen der BlackRapid Breathe-Serie besteht er aus leichten, atmungsaktiven und feuchtigkeitstransportierenden Materialien, damit Sie bei Ihrer Arbeit k\u00fchl bleiben.<\/p>\n<p>Um die Sicherheit zu gew\u00e4hrleisten, sind alle BlackRapid-Kameraschlingen mit einem verschlie\u00dfbaren Drehkarabiner und einem Lock-Star-Sicherheitsverschluss ausgestattet, um Ihre Ausr\u00fcstung zu sichern. Weitere Einzelheiten finden Sie in unseren Anleitungsvideos. Vertrauen Sie BlackRapid &#8211; <em>wir haben die Kamerawelt mit dem Original-Kameratrageriemen auf den Kopf gestellt!<\/em><\/p>\n<p><strong>Spezifikationen:<\/strong><\/p>\n<p>Verstellbare Gurtl\u00e4nge mit Polster: 167 cm<br \/>\nDas Polster besteht aus: Nylon-Mono-Mesh, TPE-Schaum, Polyester und Luftnetz<br \/>\nPad L\u00e4nge: 37,5 cm<br \/>\nPolsterbreite: 4,5 cm &#8211; 8 cm<br \/>\nPolsterdicke: 0,65 cm<br \/>\nGurtband: 100% Nylon<br \/>\nGurtband Breite: 2,5 cm<br \/>\nCam-Locks, Karabiner mit Drehverriegelung, LockStar, FastenR (FR-5), Sicherungsseil f\u00fcr die Kamera, Unterarmstabilisator, schwarze Netztasche<\/p>\n","protected":false},"excerpt":{"rendered":"<p>Der BlackRapid Curve Breathe Kameratrageriemen verf\u00fcgt \u00fcber ein einzigartiges, ergonomisch geformtes Polster, das sich an die linke Schulter anschmiegt und so f\u00fcr ein H\u00f6chstma\u00df an Stabilit\u00e4t und Komfort sorgt. Von Profis auf der ganzen Welt sowie von Kamera-Enthusiasten gew\u00e4hlt, k\u00f6nnen Sie mit diesem Tragetuch nichts falsch machen!<\/p>\n","protected":false},"featured_media":32346,"template":"","meta":{"_crdt_document":""},"product_brand":[],"product_cat":[230],"product_tag":[],"class_list":{"0":"post-31203","1":"product","2":"type-product","3":"status-publish","4":"has-post-thumbnail","6":"product_cat-schultergurt","8":"first","9":"instock","10":"featured","11":"taxable","12":"shipping-taxable","13":"purchasable","14":"product-type-simple"},"_links":{"self":[{"href":"https:\/\/shop.swissphotoclub.com\/de\/wp-json\/wp\/v2\/product\/31203","targetHints":{"allow":["GET"]}}],"collection":[{"href":"https:\/\/shop.swissphotoclub.com\/de\/wp-json\/wp\/v2\/product"}],"about":[{"href":"https:\/\/shop.swissphotoclub.com\/de\/wp-json\/wp\/v2\/types\/product"}],"version-history":[{"count":0,"href":"https:\/\/shop.swissphotoclub.com\/de\/wp-json\/wp\/v2\/product\/31203\/revisions"}],"wp:featuredmedia":[{"embeddable":true,"href":"https:\/\/shop.swissphotoclub.com\/de\/wp-json\/wp\/v2\/media\/32346"}],"wp:attachment":[{"href":"https:\/\/shop.swissphotoclub.com\/de\/wp-json\/wp\/v2\/media?parent=31203"}],"wp:term":[{"taxonomy":"product_brand","embeddable":true,"href":"https:\/\/shop.swissphotoclub.com\/de\/wp-json\/wp\/v2\/product_brand?post=31203"},{"taxonomy":"product_cat","embeddable":true,"href":"https:\/\/shop.swissphotoclub.com\/de\/wp-json\/wp\/v2\/product_cat?post=31203"},{"taxonomy":"product_tag","embeddable":true,"href":"https:\/\/shop.swissphotoclub.com\/de\/wp-json\/wp\/v2\/product_tag?post=31203"}],"curies":[{"name":"wp","href":"https:\/\/api.w.org\/{rel}","templated":true}]}}