{"id":31204,"date":"2022-10-13T17:58:29","date_gmt":"2022-10-13T15:58:29","guid":{"rendered":"https:\/\/shop.swissphotoclub.com\/product\/nisi-v7-night-kit-100mm\/"},"modified":"2022-10-13T17:58:29","modified_gmt":"2022-10-13T15:58:29","slug":"nisi-v7-night-kit-100mm-2","status":"publish","type":"product","link":"https:\/\/shop.swissphotoclub.com\/de\/produkt\/nisi-v7-night-kit-100mm-2\/","title":{"rendered":"Nisi V7 Night Kit 100mm"},"content":{"rendered":"<p>V7 Night Kit 100mm<\/p>\n<p>Die NiSi V7 100mm ND Filter Kits sind der perfekte Einstieg in die Langzeitfotografie. Sie bieten den neuen V7-Filterhalter mit dem True Color-Polfilter und eine Reihe von Grau- und Grauverlaufsfiltern &#8211; je nach Kit.<\/p>\n<ul>\n<li>Mit dem neuen NiSi V7-Halter<\/li>\n<li>Mit dem neuen True Color CPL und Adaptern f\u00fcr 67 mm, 72 mm, 77 mm und 82 mm<\/li>\n<li>Der Halter erm\u00f6glicht die Verwendung von 3 quadratischen Filtern + 1 Zirkularpolarisator<\/li>\n<li>Keine Vignettierung bei 16 mm (Vollformat)<\/li>\n<li>Enth\u00e4lt zwei Filter: 100x100mm Natural Night und 100x150mm Star Soft<\/li>\n<li>Enth\u00e4lt die NiSi Caddy Tasche, Objektivdeckel, Clever Cleaner, Reinigungstuch und Gebl\u00e4se<\/li>\n<li>Sparen Sie 15 % im Vergleich zum Einzelkauf der enthaltenen Artikel.<\/li>\n<\/ul>\n<p><img fetchpriority=\"high\" decoding=\"async\" class=\"alignnone size-large wp-image-30384\" src=\"https:\/\/shop.swissphotoclub.com\/wp-content\/uploads\/2022\/10\/V7-night-kit-1000x1024.jpg\" alt=\"\" width=\"1000\" height=\"1024\" srcset=\"https:\/\/shop.swissphotoclub.com\/wp-content\/uploads\/2022\/10\/V7-night-kit-1000x1024.jpg 1000w, https:\/\/shop.swissphotoclub.com\/wp-content\/uploads\/2022\/10\/V7-night-kit-293x300.jpg 293w, https:\/\/shop.swissphotoclub.com\/wp-content\/uploads\/2022\/10\/V7-night-kit-768x787.jpg 768w, https:\/\/shop.swissphotoclub.com\/wp-content\/uploads\/2022\/10\/V7-night-kit-1499x1536.jpg 1499w, https:\/\/shop.swissphotoclub.com\/wp-content\/uploads\/2022\/10\/V7-night-kit-600x615.jpg 600w, https:\/\/shop.swissphotoclub.com\/wp-content\/uploads\/2022\/10\/V7-night-kit.jpg 2000w\" sizes=\"(max-width: 1000px) 100vw, 1000px\" \/><\/p>\n<h3>V7 100mm Halterung<\/h3>\n<p>Das NiSi V7 100-mm-Filterhalter-Kit mit True Color NC CPL und Objektivdeckel ist der fortschrittlichste 100-mm-Filterhalter, den wir je entwickelt haben, mit einem verfeinerten Design, das auf dem Feedback von Fotografen basiert. Die V7 erm\u00f6glicht die einfache Verwendung von bis zu drei 100 mm breiten und 2 mm dicken Filtern zusammen mit einem brandneuen NiSi True Color Circular Polarizer Filter und hat keine Vignettierung bei 16 mm mit Weitwinkelobjektiven auf Vollformat.<\/p>\n<p>Es besteht aus Aluminium in Luftfahrtqualit\u00e4t, das mit einer CNC-Maschine bearbeitet wird, und die mattschwarze, gefrostete Oberfl\u00e4che minimiert Reflexionen. Zum Lieferumfang des V7-Kits geh\u00f6ren der 100-mm-Filterhalter, ein ultraflacher True Color CPL, vier Adapterringe f\u00fcr die g\u00e4ngigsten Weitwinkelobjektive (67 mm, 72 mm, 77 mm und 82 mm), ein Objektivdeckel und eine Aufbewahrungstasche. Das V7 verf\u00fcgt \u00fcber ein einzigartiges Rotationsraddesign, so dass der CPL-Filter unabh\u00e4ngig von den Filtern \u00fcber ein Zahnrad auf der R\u00fcckseite des Filterhalters gedreht werden kann.<\/p>\n<p>Diese Version des V7 verf\u00fcgt \u00fcber das brandneue True Color CPL, das den Gelbstich der meisten CPLs verhindert. Die True Color CPL verf\u00fcgt \u00fcber unsere firmeneigene NiSi Pro Nano-Beschichtung, die unerw\u00fcnschte Reflexionen reduziert, und bietet eine wasser- und \u00f6lbest\u00e4ndige Schicht, die bei der Reinigung von unerw\u00fcnschten Fingerabdr\u00fccken, Staub und Wasserflecken hilft.<\/p>\n<p>Unser neues Point-to-Point CPL Design erm\u00f6glicht eine einfachere, gef\u00fchrte Installation der CPL in den 82mm Hauptadapter. Indem Sie die wei\u00dfen Markierungen auf dem CPL mit der wei\u00dfen Markierung auf dem Hauptadapter ausrichten und verdrehen, k\u00f6nnen Sie das CPL leicht befestigen und mit wenig Aufwand wieder entfernen.<\/p>\n<p>Unser einzigartiges Clipsystem ist so konzipiert, dass es nur an den R\u00e4ndern des Filters greift und keinen Kontakt mit der Oberfl\u00e4che des Filters hat. Die Filter lassen sich leicht einsetzen, und ein Kontakt mit den Hauptfl\u00e4chen des Filters wird vermieden, insbesondere bei der Verwendung von Verlaufsfiltern, deren Wirkung durch Auf- und Abschieben innerhalb eines Filterschlitzes an wechselnde Lichtverh\u00e4ltnisse oder kreative Anforderungen angepasst werden kann.<\/p>\n<p>Die Verwendung des NiSi V7 100-mm-Filterhalters ist ganz einfach, indem man zun\u00e4chst den mitgelieferten 82-mm-Adapterring auf ein Objektiv mit 82-mm-Frontfiltergewinde schraubt. Der Adapterring kann mit Objektiven verwendet werden, die ein 67-mm-, 72-mm- oder 77-mm-Frontfiltergewinde haben. F\u00fcr Objektive mit einem 49-mm-, 52-mm-, 55-mm-, 58-mm- oder 62-mm-Frontfiltergewinde sind zus\u00e4tzliche Zwischenringe separat erh\u00e4ltlich. Nach dem Aufstecken auf den Adapterring sorgt der Zug- und L\u00f6sestift des Filterhalters f\u00fcr eine zuverl\u00e4ssige Verbindung, die eine Drehung des Halters um 360\u00b0 erm\u00f6glicht. Um die Position des Filterhalters weiter zu sichern, verf\u00fcgt er \u00fcber eine Verriegelung, die durch Drehen eines kleinen R\u00e4dchens um den Entriegelungsstift aktiviert werden kann und eine Drehung des Filterhalters verhindert.<\/p>\n<p>Adapterringe f\u00fcr Objektive mit 86-mm- oder 95-mm-Frontfiltergewinde sind auch separat erh\u00e4ltlich. Die Kombination dieser beiden Adapterringe mit dem Filterhalter kann keinen NiSi-Zirkularpolarisationsfilter (86 mm) aufnehmen; stattdessen kann ein Polarisationseffekt erzielt werden, indem ein separat erh\u00e4ltlicher, 100 mm breiter und 2 mm dicker Polarisationsfilter zwischen einem Paar der Schlitze des Filterhalters angebracht wird.<\/p>\n<p>Das V7-Kit enth\u00e4lt einen aufsteckbaren Objektivdeckel, der das CPL sch\u00fctzt, w\u00e4hrend es noch mit dem Objektiv verbunden ist, sowie eine gepolsterte Tragetasche zur sicheren Aufbewahrung und zum Transport.<\/p>\n<h3>Nat\u00fcrliche Nacht<\/h3>\n<p>Der <strong>NiSi Natural Night Filter<\/strong> ist unser erster Filter exklusiv f\u00fcr die Nachtfotografie. Zwischen Quecksilberdampf-, Natriumdampf- und Low CRI-Stra\u00dfenlampen gibt es viele unerw\u00fcnschte Lichtwellenl\u00e4ngen, die den Nachthimmel verschmutzen. Das Gl\u00fchen dieser Gegenst\u00e4nde kann dazu f\u00fchren, dass Ihre Kamera den Himmel nicht mehr richtig sieht und Ihre Nachtaufnahmen beeintr\u00e4chtigt. Aus diesem Grund hat NiSi den Natural Night Filter entwickelt, der die h\u00e4ufigsten Wellenl\u00e4ngen der Lichtverschmutzung blockiert.<\/p>\n<h3>Star Soft<\/h3>\n<p>Der NiSi 100x150mm Star Soft Astrofotografie-Filter ist ein Filter f\u00fcr die Astrofotografie, der die Sterne gr\u00f6\u00dfer erscheinen l\u00e4sst und die Sternbilder hervorhebt. Je heller der Stern ist, desto gr\u00f6\u00dfer wird er erscheinen. Bringen Sie die Konstellationen und Sterne in Ihren Bildern des Nachthimmels zum Leuchten.<\/p>\n<p>Der Star Soft Astrofotografie-Filter ist wie ein GND-Filter konstruiert, wobei die Wirkung auf den oberen 100 mm des Filters voll zur Geltung kommt, w\u00e4hrend die unteren 50 mm frei sind und keine Wirkung zeigen. Dies erm\u00f6glicht eine Platzierung, bei der der Effekt die Sterne hervorheben kann, ohne den Vordergrund zu beeintr\u00e4chtigen. Einige Fotografen sagen uns, dass sie den Effekt auch im Vordergrund lieben, so dass der Filter ganz nach unten in den Filterhalter geschoben werden kann, um den Effekt auf die gesamte Szene zu \u00fcbertragen.<\/p>\n<p>Der Star Soft Astrofotografie-Filter hat keinen Lichtverlust und bietet einen neutralen Farbton ohne zus\u00e4tzlichen Farbstich. Der Filter ist kompatibel mit unseren V6 100-mm-Haltern und kompatiblen Haltern, die 100 mm breite Filter mit 2 mm Dicke unterst\u00fctzen.<\/p>\n<h3>100mm Caddy Filtertasche<\/h3>\n<div id=\"product-399983\" class=\"product type-product post-399983 status-publish first instock product_cat-100mm-v6-system product_cat-nisi-100mm-square-filter-system product_cat-pouches-and-cases product_tag-case has-post-thumbnail taxable shipping-taxable purchasable product-type-simple yith-wcbm-product-has-badges\">\n<div class=\"woocommerce-tabs\">\n<div id=\"tab-description\" class=\"panel entry-content current\">\n<div class=\"row\">\n<div class=\"large-8 xlarge-6 large-centered xlarge-centered columns\">\n<p>Die <strong>NiSi Caddy 100mm Filtertasche<\/strong> f\u00fcr 9 Filter ist f\u00fcr die NiSi 100mm Systemfilter konzipiert und fasst 4 x 100x100mm und 5 x 100x150mm. Sie verf\u00fcgt \u00fcber einen verstellbaren, quer \u00fcber den K\u00f6rper verlaufenden Riemen und kann als Umh\u00e4ngetasche, Kuriertasche oder H\u00fcfttasche getragen werden. Es l\u00e4sst sich bequem an einem Stativbein befestigen und ist aus einem leichten Material gefertigt, das Ihre Filter vor Kratzern sch\u00fctzt. Die Tasche kann bis zu 9 Filter in den Gr\u00f6\u00dfen 4 x 100x100mm und 5 x 100x150mm aufnehmen und ist mit einem Flip-Top-Design ausgestattet, damit die Tasche bei Gebrauch offen bleibt.<\/p>\n<p>Die NiSi Caddy 100mm Filtertasche kann auch einen NiSi 100mm V7 Halter im ersten Slot der Tasche aufnehmen (was die Anzahl der Filter-Slots auf 8 reduziert).<\/p>\n<p>Das Geh\u00e4use ist mit 350 g sehr leicht und dennoch klein genug, um in die meisten Kamerataschen zu passen. Die physischen Abmessungen sind: 19cm x 13,5cm x 8cm.<\/p>\n<\/div>\n<\/div>\n<\/div>\n<\/div>\n<\/div>\n","protected":false},"excerpt":{"rendered":"<p>Das NiSi 100mm V7 Night Photography Kit wurde f\u00fcr die Nachtfotografie entwickelt und enth\u00e4lt den Natural Night Filter, den neuen Star Soft Filter sowie den NiSi V7 100mm Halter. Das Set enth\u00e4lt die g\u00e4ngigsten Adapterringe (67 mm, 72 mm, 77 mm und 82 mm), andere sind separat erh\u00e4ltlich. Das NiSi 100mm V7 Nachtfotografie-Kit stellt eine gro\u00dfe Ersparnis dar, verglichen mit dem Einzelkauf aller enthaltenen Artikel.<\/p>\n","protected":false},"featured_media":30730,"template":"","meta":{"_crdt_document":""},"product_brand":[],"product_cat":[251],"product_tag":[],"class_list":{"0":"post-31204","1":"product","2":"type-product","3":"status-publish","4":"has-post-thumbnail","6":"product_cat-objektivfilter","8":"first","9":"instock","10":"sale","11":"taxable","12":"shipping-taxable","13":"purchasable","14":"product-type-simple"},"_links":{"self":[{"href":"https:\/\/shop.swissphotoclub.com\/de\/wp-json\/wp\/v2\/product\/31204","targetHints":{"allow":["GET"]}}],"collection":[{"href":"https:\/\/shop.swissphotoclub.com\/de\/wp-json\/wp\/v2\/product"}],"about":[{"href":"https:\/\/shop.swissphotoclub.com\/de\/wp-json\/wp\/v2\/types\/product"}],"version-history":[{"count":0,"href":"https:\/\/shop.swissphotoclub.com\/de\/wp-json\/wp\/v2\/product\/31204\/revisions"}],"wp:featuredmedia":[{"embeddable":true,"href":"https:\/\/shop.swissphotoclub.com\/de\/wp-json\/wp\/v2\/media\/30730"}],"wp:attachment":[{"href":"https:\/\/shop.swissphotoclub.com\/de\/wp-json\/wp\/v2\/media?parent=31204"}],"wp:term":[{"taxonomy":"product_brand","embeddable":true,"href":"https:\/\/shop.swissphotoclub.com\/de\/wp-json\/wp\/v2\/product_brand?post=31204"},{"taxonomy":"product_cat","embeddable":true,"href":"https:\/\/shop.swissphotoclub.com\/de\/wp-json\/wp\/v2\/product_cat?post=31204"},{"taxonomy":"product_tag","embeddable":true,"href":"https:\/\/shop.swissphotoclub.com\/de\/wp-json\/wp\/v2\/product_tag?post=31204"}],"curies":[{"name":"wp","href":"https:\/\/api.w.org\/{rel}","templated":true}]}}