{"id":31239,"date":"2022-12-20T14:12:45","date_gmt":"2022-12-20T13:12:45","guid":{"rendered":"https:\/\/shop.swissphotoclub.com\/product\/markhof-pro-v3-fotografie-handschuh\/"},"modified":"2022-12-20T14:27:29","modified_gmt":"2022-12-20T13:27:29","slug":"markhof-pro-v3-photographie-handschuh","status":"publish","type":"product","link":"https:\/\/shop.swissphotoclub.com\/de\/produkt\/markhof-pro-v3-photographie-handschuh\/","title":{"rendered":"Markhof Pro V3 Fotografie Handschuhe"},"content":{"rendered":"<p><b>F\u00dcR IHRE ALLT\u00c4GLICHE WINTERFOTOGRAFIE<\/b><\/p>\n<p><b>Der Markhof Pro V3<\/b> ist die n\u00e4chste Generation unseres vielseitigen, funktionellen und stilvollen Fotohandschuhs.<\/p>\n<p>Wir haben die besten Elemente der fr\u00fcheren Markhof Pro Model-Versionen \u00fcbernommen und ihnen etwas <b>mehr Schwung<\/b> verliehen! Der V3 ist ein warmer und gut sitzender Handschuh mit einem ausgezeichneten Gef\u00fchl f\u00fcr die Kamera und hat alles, was Sie von einem guten Fotohandschuh erwarten. Ob auf der Stra\u00dfe oder auf dem Gipfel, der Markhof Pro V3 ist nach wie vor der Liebling der Fans.<\/p>\n<p><strong>Zus\u00e4tzliche Vorteile:<\/strong><\/p>\n<p><strong><mark class=\"has-inline-color has-theme-primary-color\">Seitentaschen.<\/mark><\/strong>  Alle Vallerret-Fotohandschuhe haben seitliche Rei\u00dfverschlusstaschen. Sie eignen sich hervorragend zur Aufbewahrung von Kleinigkeiten, auf die Sie schnell zugreifen m\u00fcssen, wie M\u00fcnzen, Parkscheine, Speicherkarten oder Schl\u00fcssel. Bei der Markhof Pro V3 hat Vallerret die Taschen vergr\u00f6\u00dfert, so dass sie nun auch f\u00fcr Handw\u00e4rmer geeignet sind. Sehr hilfreich, wenn Sie die Markhofs unter h\u00e4rteren Bedingungen einsetzen wollen.<\/p>\n<p><strong><mark class=\"has-inline-color has-theme-primary-color\">Stativschl\u00fcssel.<\/mark><\/strong>  In einer der Seitentaschen hat Vallerret einen stilvollen Dreibein-Schl\u00fcssel in Form des eigenen Logos angebracht. Wenn Sie nicht gerade ganz neu in der Fotografie sind, hatten Sie sicher auch schon diese etwas peinlichen Momente, in denen Sie eine M\u00fcnze oder etwas \u00c4hnliches nehmen mussten, um die Stativplatte abzuschrauben. Mit Markhof Pro V3 &#8211; nie wieder.<\/p>\n<p><strong><mark class=\"has-inline-color has-theme-primary-color\">Linsenwischer aus echtem Wildleder.  <\/mark><\/strong>Der Wildlederaufn\u00e4her am Daumen dient gleichzeitig als Linsentuch f\u00fcr den Notfall.<\/p>\n<p><mark class=\"has-inline-color has-theme-primary-color\"><strong>Wasserdicht.  <\/strong><\/mark>Der Markhof Pro V3 kann dank der wasserabweisenden Materialien Regen oder Nieselregen standhalten.<\/p>\n<p>Konzipiert f\u00fcr: Mitte Winter<\/p>\n<ul>\n<li>100 % Merinowolle innen<\/li>\n<li>FlipTech Fingerkappen mit Magneten<\/li>\n<li>DWR Echtes Ziegenleder<\/li>\n<li>Thinsulate-Isolierung (C100\/C70)<\/li>\n<li>Echtes Wildleder Linsenwischtuch<\/li>\n<li>Vorgekr\u00fcmmtes Handschuhdesign<\/li>\n<li>Rutschfester Griff mit einzigartigem Aufdruck<\/li>\n<li>Speicherkartenfach mit <strong>Stativschl\u00fcssel<\/strong><\/li>\n<li>Dehnbares Jersey-B\u00fcndchen<\/li>\n<\/ul>\n","protected":false},"excerpt":{"rendered":"<p>Diese eleganten Handschuhe sind f\u00fcr Fotografen gemacht: Es sind Alltagshandschuhe, die sich f\u00fcr Landschafts- und Reisefotografie bei den typischen europ\u00e4ischen Wintertemperaturen eignen.<\/p>\n<p>Mit den FlipTech-Fingerkappen k\u00f6nnen Sie die Spitzen eines Zeigefingers und des Daumens zur\u00fcckziehen, um die Fingerspitzen freizulegen. So k\u00f6nnen die Fotografen die Kamera problemlos bedienen, ohne die Handschuhe ausziehen und ihre H\u00e4nde der Witterung aussetzen zu m\u00fcssen.<\/p>\n<p>Die Handschuhe verf\u00fcgen au\u00dferdem \u00fcber Seitentaschen f\u00fcr Speicherkarten, einen Stativschl\u00fcssel, mit dem Sie die Platte m\u00fchelos an Ihrer Kamera an- und abschrauben k\u00f6nnen, und einen Wildlederaufn\u00e4her am Daumen zum Abwischen des Objektivs.<\/p>\n<p>Der V3 ist ein warmer und gut sitzender Handschuh mit einem ausgezeichneten Gef\u00fchl f\u00fcr die Kamera. Er hat alles, was man von einem guten Fotohandschuh erwarten kann. Ob auf der Stra\u00dfe oder auf dem Gipfel, der Markhof Pro V3 ist nach wie vor der Liebling der Fans.<\/p>\n","protected":false},"featured_media":31196,"template":"","meta":{"_crdt_document":""},"product_brand":[],"product_cat":[275],"product_tag":[],"class_list":{"0":"post-31239","1":"product","2":"type-product","3":"status-publish","4":"has-post-thumbnail","6":"product_cat-handschuhe","8":"first","9":"instock","10":"featured","11":"taxable","12":"shipping-taxable","13":"purchasable","14":"product-type-variable"},"_links":{"self":[{"href":"https:\/\/shop.swissphotoclub.com\/de\/wp-json\/wp\/v2\/product\/31239","targetHints":{"allow":["GET"]}}],"collection":[{"href":"https:\/\/shop.swissphotoclub.com\/de\/wp-json\/wp\/v2\/product"}],"about":[{"href":"https:\/\/shop.swissphotoclub.com\/de\/wp-json\/wp\/v2\/types\/product"}],"version-history":[{"count":1,"href":"https:\/\/shop.swissphotoclub.com\/de\/wp-json\/wp\/v2\/product\/31239\/revisions"}],"predecessor-version":[{"id":31246,"href":"https:\/\/shop.swissphotoclub.com\/de\/wp-json\/wp\/v2\/product\/31239\/revisions\/31246"}],"wp:featuredmedia":[{"embeddable":true,"href":"https:\/\/shop.swissphotoclub.com\/de\/wp-json\/wp\/v2\/media\/31196"}],"wp:attachment":[{"href":"https:\/\/shop.swissphotoclub.com\/de\/wp-json\/wp\/v2\/media?parent=31239"}],"wp:term":[{"taxonomy":"product_brand","embeddable":true,"href":"https:\/\/shop.swissphotoclub.com\/de\/wp-json\/wp\/v2\/product_brand?post=31239"},{"taxonomy":"product_cat","embeddable":true,"href":"https:\/\/shop.swissphotoclub.com\/de\/wp-json\/wp\/v2\/product_cat?post=31239"},{"taxonomy":"product_tag","embeddable":true,"href":"https:\/\/shop.swissphotoclub.com\/de\/wp-json\/wp\/v2\/product_tag?post=31239"}],"curies":[{"name":"wp","href":"https:\/\/api.w.org\/{rel}","templated":true}]}}