{"id":31746,"date":"2022-08-10T17:42:29","date_gmt":"2022-08-10T15:42:29","guid":{"rendered":"https:\/\/shop.swissphotoclub.com\/product\/blackrapid-sport-breathe\/"},"modified":"2023-10-31T11:02:02","modified_gmt":"2023-10-31T10:02:02","slug":"blackrapid-sport-breathe","status":"publish","type":"product","link":"https:\/\/shop.swissphotoclub.com\/de\/produkt\/blackrapid-sport-breathe\/","title":{"rendered":"BlackRapid Sport Breathe"},"content":{"rendered":"<h2>Der perfekte Kameragurt f\u00fcr Canon, Nikon, Sony, DSLR und spiegellose Kameras<\/h2>\n<p>Der BLACKRAPID Sport-Kameragurt ist eine strapazierf\u00e4hige und bequeme Art, Ihre DSLR- oder spiegellose Kamera zu tragen. Der Gurt ist die erste Wahl f\u00fcr Fotografen, die ihre Kameras bei langen Shootings oder bei Shootings, bei denen ein schneller Zugriff auf die Kamera(s) erforderlich ist, tragen m\u00fcssen. Er wurde immer wieder getestet, um die Sicherheit zu gew\u00e4hrleisten.<\/p>\n<p>Der Trageriemen ist ein einfacher Sling-Gurt, der die Kamera mit dem mitgelieferten Unterarmstabilisator fest auf der Schulter h\u00e4lt und f\u00fcr ganzt\u00e4gige Fotoshootings bequem ist. Der Gurt ist vielseitig einsetzbar und wird sowohl in einer Rechts- als auch in einer Linksh\u00e4nderversion angeboten. Das atmungsaktive Schulterpolster besteht aus Nylon-Mono-Mesh, ergonomisch geformtem TPE-Schaum, Polyester und Air-Mesh.<\/p>\n<p>Das Kissen ist 16 Zoll lang, 2,2 bis 3,7 Zoll breit und 0,3 Zoll dick. Das Gurtband besteht zu 100 % aus Nylon und ist 1 Zoll breit. Der Gurt ist in der L\u00e4nge bis zu 66 Zoll verstellbar.<\/p>\n<p>Das Paket enth\u00e4lt einen ConnectR (CR-3), einen LockStar Breathe, Can-Locks, einen FastenR (FR-5), einen Unterarmstabilisator, ein Kamera-Sicherheitsband und eine schwarze Netztasche.<\/p>\n<p>Der BLACKRAPID Sport-Kameragurt ist die Wahl von Profis und Amateuren gleicherma\u00dfen und h\u00e4lt Ihre Ausr\u00fcstung immer an Ihrer Seite und bereit f\u00fcr jeden Moment.<\/p>\n<h3>Produktspezifikationen:<\/h3>\n<ul>\n<li>Verstellbare Gurtl\u00e4nge mit Polster: 66\u2033 (167 cm)<\/li>\n<li>Das Polster besteht aus Nylon-Monogewebe, Vers TPE-Schaum, Polyester und Luftgewebe<\/li>\n<li>Pad L\u00e4nge: 16\u2033 (40,5 cm)<\/li>\n<li>Polsterbreite: 2,2\u2033 &#8211; 3,7\u2033 (5,5 cm &#8211; 9,5 cm)<\/li>\n<li>Polsterdicke: 0,3\u2033 (.65 cm)<\/li>\n<li>Gurtband: 100% Nylon<\/li>\n<li>Gurtband Breite: 1\u2033 (2,5 cm)<\/li>\n<li>Beinhaltet ConnectR (CR-3), LockStar Breathe, Can-Locks, FastenR (FR-5), Unterarmstabilisator, Kamera-Sicherheitsgurt, schwarze Netztasche<\/li>\n<\/ul>\n","protected":false},"excerpt":{"rendered":"<p>Ergonomischer Kameragurt f\u00fcr den sportlichen Einsatz. Der Sport-Kameratrageriemen ist unser Verkaufsschlager Nr. 1, da er das erste Produkt ist, das wir allen Fotografiebegeisterten empfehlen. Ausgestattet mit Hightech-Materialien f\u00fcr Atmungsaktivit\u00e4t und unserer patentierten Schulterpolsterform f\u00fcr ergonomischen Komfort, zeigt dieses Arbeitstier von einem Gurt keine Anzeichen von Verlangsamung. Der Sport ist das Band der Wahl von Nikon und Canon, wenn sie mit uns zusammenarbeiten. Unsere Hardware wurde immer wieder getestet, und wir sind der Meinung, dass wir mit dem Verriegelungskarabiner und dem LockStar einen Doppelschlag f\u00fcr Sicherheit und Schutz erzielt haben.<\/p>\n<p>Immer an deiner Seite und bereit f\u00fcr jeden Moment &#8211; wenn du ihn einmal ausprobiert hast, wirst du nie wieder zur\u00fcckblicken. So gut ist es.<\/p>\n<p>Schulterpolster aus Nylon-Mono-Mesh, gebogenem TPE-Schaum und Poly-Air-Mesh. L\u00e4ngenverstellbares Nylongurtband mit Cam-Lock-Schnallen. Inklusive integriertem Unterarmstabilisator (BRAD), Verbindungsst\u00fcck (CR-3), Verbindungsst\u00fcckabdeckung (LockStar) und Befestigungselement (FR-5) sowie einem Polyester-Staubbeutel.<\/p>\n","protected":false},"featured_media":32343,"template":"","meta":{"_crdt_document":""},"product_brand":[],"product_cat":[230],"product_tag":[],"class_list":{"0":"post-31746","1":"product","2":"type-product","3":"status-publish","4":"has-post-thumbnail","6":"product_cat-schultergurt","8":"first","9":"instock","10":"featured","11":"taxable","12":"shipping-taxable","13":"purchasable","14":"product-type-simple"},"_links":{"self":[{"href":"https:\/\/shop.swissphotoclub.com\/de\/wp-json\/wp\/v2\/product\/31746","targetHints":{"allow":["GET"]}}],"collection":[{"href":"https:\/\/shop.swissphotoclub.com\/de\/wp-json\/wp\/v2\/product"}],"about":[{"href":"https:\/\/shop.swissphotoclub.com\/de\/wp-json\/wp\/v2\/types\/product"}],"version-history":[{"count":1,"href":"https:\/\/shop.swissphotoclub.com\/de\/wp-json\/wp\/v2\/product\/31746\/revisions"}],"predecessor-version":[{"id":32889,"href":"https:\/\/shop.swissphotoclub.com\/de\/wp-json\/wp\/v2\/product\/31746\/revisions\/32889"}],"wp:featuredmedia":[{"embeddable":true,"href":"https:\/\/shop.swissphotoclub.com\/de\/wp-json\/wp\/v2\/media\/32343"}],"wp:attachment":[{"href":"https:\/\/shop.swissphotoclub.com\/de\/wp-json\/wp\/v2\/media?parent=31746"}],"wp:term":[{"taxonomy":"product_brand","embeddable":true,"href":"https:\/\/shop.swissphotoclub.com\/de\/wp-json\/wp\/v2\/product_brand?post=31746"},{"taxonomy":"product_cat","embeddable":true,"href":"https:\/\/shop.swissphotoclub.com\/de\/wp-json\/wp\/v2\/product_cat?post=31746"},{"taxonomy":"product_tag","embeddable":true,"href":"https:\/\/shop.swissphotoclub.com\/de\/wp-json\/wp\/v2\/product_tag?post=31746"}],"curies":[{"name":"wp","href":"https:\/\/api.w.org\/{rel}","templated":true}]}}