{"id":31921,"date":"2023-02-06T09:31:52","date_gmt":"2023-02-06T08:31:52","guid":{"rendered":"https:\/\/shop.swissphotoclub.com\/product\/profoto-softbox-rfi-30-x-120-cm\/"},"modified":"2023-02-06T09:31:52","modified_gmt":"2023-02-06T08:31:52","slug":"profoto-softbox-rfi-30-x-120-cm","status":"publish","type":"product","link":"https:\/\/shop.swissphotoclub.com\/de\/produkt\/profoto-softbox-rfi-30-x-120-cm\/","title":{"rendered":"Profoto Softbox RFi 30 x 120 cm"},"content":{"rendered":"<p>Dieser 30 x 120 cm gro\u00dfe Lichtbandkasten ist ideal f\u00fcr viele Situationen. Erfordert einen RFi Speedring (separat erh\u00e4ltlich)<\/p>\n","protected":false},"excerpt":{"rendered":"<p>Dieser 30 x 120 cm gro\u00dfe Lichtbandkasten ist ideal f\u00fcr viele Situationen.<\/p>\n","protected":false},"featured_media":31851,"template":"","meta":{"_crdt_document":""},"product_brand":[],"product_cat":[296,299],"product_tag":[],"class_list":{"0":"post-31921","1":"product","2":"type-product","3":"status-publish","4":"has-post-thumbnail","6":"product_cat-blitz-zubehor","7":"product_cat-profoto-lichtformer","9":"first","10":"instock","11":"taxable","12":"shipping-taxable","13":"purchasable","14":"product-type-simple"},"_links":{"self":[{"href":"https:\/\/shop.swissphotoclub.com\/de\/wp-json\/wp\/v2\/product\/31921","targetHints":{"allow":["GET"]}}],"collection":[{"href":"https:\/\/shop.swissphotoclub.com\/de\/wp-json\/wp\/v2\/product"}],"about":[{"href":"https:\/\/shop.swissphotoclub.com\/de\/wp-json\/wp\/v2\/types\/product"}],"version-history":[{"count":0,"href":"https:\/\/shop.swissphotoclub.com\/de\/wp-json\/wp\/v2\/product\/31921\/revisions"}],"wp:featuredmedia":[{"embeddable":true,"href":"https:\/\/shop.swissphotoclub.com\/de\/wp-json\/wp\/v2\/media\/31851"}],"wp:attachment":[{"href":"https:\/\/shop.swissphotoclub.com\/de\/wp-json\/wp\/v2\/media?parent=31921"}],"wp:term":[{"taxonomy":"product_brand","embeddable":true,"href":"https:\/\/shop.swissphotoclub.com\/de\/wp-json\/wp\/v2\/product_brand?post=31921"},{"taxonomy":"product_cat","embeddable":true,"href":"https:\/\/shop.swissphotoclub.com\/de\/wp-json\/wp\/v2\/product_cat?post=31921"},{"taxonomy":"product_tag","embeddable":true,"href":"https:\/\/shop.swissphotoclub.com\/de\/wp-json\/wp\/v2\/product_tag?post=31921"}],"curies":[{"name":"wp","href":"https:\/\/api.w.org\/{rel}","templated":true}]}}