{"id":31923,"date":"2023-02-06T09:20:56","date_gmt":"2023-02-06T08:20:56","guid":{"rendered":"https:\/\/shop.swissphotoclub.com\/product\/profoto-schirm-deep-weiss-m-105-cm\/"},"modified":"2023-02-06T09:20:56","modified_gmt":"2023-02-06T08:20:56","slug":"profoto-umbrella-deep-white-m-105-cm","status":"publish","type":"product","link":"https:\/\/shop.swissphotoclub.com\/de\/produkt\/profoto-umbrella-deep-white-m-105-cm\/","title":{"rendered":"Profoto-Schirm &#8222;Deep&#8220; Wei\u00df M 105 cm"},"content":{"rendered":"<p>Der Profoto Deep S Schirm ist einzigartig. Er ist klein und leicht und hat eine tiefe parabolische Form. Diese Form erm\u00f6glicht es dem Fotografen, den Lichtstrahl besser zu kontrollieren. Au\u00dferdem l\u00e4sst sich das Licht durch einfaches Einschieben des Schafts in die Halterung fokussieren und formen. Der Profoto Deep S Schirm ist in drei Versionen erh\u00e4ltlich: silber, wei\u00df und transluzent. Die wei\u00dfe Version erzeugt ein weiches, aber direktes Licht, das sich perfekt f\u00fcr Portr\u00e4ts und Sch\u00f6nheitsfotos eignet. Der optionale Diffusor sorgt f\u00fcr ein weicheres, gleichm\u00e4\u00dfigeres Licht.<\/p>\n<ul>\n<li>Tiefere Form f\u00fcr bessere Kontrolle und pr\u00e4zise Lichtformung<\/li>\n<li>Sehr leicht und tragbar<\/li>\n<li>16 Fiberglasrippen f\u00fcr eine rundere Form und bessere Lichtverteilung<\/li>\n<li>Sehr einfach zu bedienen<\/li>\n<li>Hitzebest\u00e4ndige, qualitativ hochwertige Stoffe<\/li>\n<li>Gegen Korrosion und Verf\u00e4rbung behandelte Metallelemente<\/li>\n<li>Optionaler Diffusor f\u00fcr weicheres Licht und gleichm\u00e4\u00dfigere Verteilung erh\u00e4ltlich<\/li>\n<li>Wird in einer hochwertigen Tasche geliefert, die den Schirm w\u00e4hrend der Lagerung sch\u00fctzt<\/li>\n<\/ul>\n","protected":false},"excerpt":{"rendered":"<p>Er ist klein und leicht und hat eine tiefe parabolische Form.<\/p>\n","protected":false},"featured_media":31841,"template":"","meta":{"_crdt_document":""},"product_brand":[],"product_cat":[296,299],"product_tag":[],"class_list":{"0":"post-31923","1":"product","2":"type-product","3":"status-publish","4":"has-post-thumbnail","6":"product_cat-blitz-zubehor","7":"product_cat-profoto-lichtformer","9":"first","10":"instock","11":"taxable","12":"shipping-taxable","13":"purchasable","14":"product-type-simple"},"_links":{"self":[{"href":"https:\/\/shop.swissphotoclub.com\/de\/wp-json\/wp\/v2\/product\/31923","targetHints":{"allow":["GET"]}}],"collection":[{"href":"https:\/\/shop.swissphotoclub.com\/de\/wp-json\/wp\/v2\/product"}],"about":[{"href":"https:\/\/shop.swissphotoclub.com\/de\/wp-json\/wp\/v2\/types\/product"}],"version-history":[{"count":0,"href":"https:\/\/shop.swissphotoclub.com\/de\/wp-json\/wp\/v2\/product\/31923\/revisions"}],"wp:featuredmedia":[{"embeddable":true,"href":"https:\/\/shop.swissphotoclub.com\/de\/wp-json\/wp\/v2\/media\/31841"}],"wp:attachment":[{"href":"https:\/\/shop.swissphotoclub.com\/de\/wp-json\/wp\/v2\/media?parent=31923"}],"wp:term":[{"taxonomy":"product_brand","embeddable":true,"href":"https:\/\/shop.swissphotoclub.com\/de\/wp-json\/wp\/v2\/product_brand?post=31923"},{"taxonomy":"product_cat","embeddable":true,"href":"https:\/\/shop.swissphotoclub.com\/de\/wp-json\/wp\/v2\/product_cat?post=31923"},{"taxonomy":"product_tag","embeddable":true,"href":"https:\/\/shop.swissphotoclub.com\/de\/wp-json\/wp\/v2\/product_tag?post=31923"}],"curies":[{"name":"wp","href":"https:\/\/api.w.org\/{rel}","templated":true}]}}