{"id":31925,"date":"2023-02-06T09:16:33","date_gmt":"2023-02-06T08:16:33","guid":{"rendered":"https:\/\/shop.swissphotoclub.com\/product\/profoto-beauty-dish-reflektor-weiss\/"},"modified":"2023-02-06T09:16:33","modified_gmt":"2023-02-06T08:16:33","slug":"profoto-beauty-dish-reflector-white","status":"publish","type":"product","link":"https:\/\/shop.swissphotoclub.com\/de\/produkt\/profoto-beauty-dish-reflector-white\/","title":{"rendered":"Profoto Beauty Dish Reflektor Wei\u00df"},"content":{"rendered":"<p>Es bietet die perfekte Kombination aus gleichm\u00e4\u00dfigem Licht und brillanter Sch\u00e4rfe und Kontrast. Das Ergebnis ist ein reines, nat\u00fcrliches Aussehen mit leicht akzentuierten Schatten, das sich oft ideal f\u00fcr Portr\u00e4ts und Fotos von Menschen eignet. Das wei\u00dfe Modell bietet ein weicheres, etwas gleichm\u00e4\u00dfigeres Licht als sein silbernes Gegenst\u00fcck.<\/p>\n<ul>\n<li>Lichtverteilung: 65\u00b0 bei Position 4<\/li>\n<li>Belichtungsmessung bei 2m mit 2400Ws bei ISO 100: f\/32.4 bei Zoomstufe 4<\/li>\n<li>Entwickelt, um jahrelangem professionellen Einsatz standzuhalten<\/li>\n<\/ul>\n","protected":false},"excerpt":{"rendered":"<p>Es bietet die perfekte Kombination aus gleichm\u00e4\u00dfigem Licht und brillanter Sch\u00e4rfe und Kontrast.<\/p>\n","protected":false},"featured_media":31836,"template":"","meta":{"_crdt_document":""},"product_brand":[],"product_cat":[296,299],"product_tag":[],"class_list":{"0":"post-31925","1":"product","2":"type-product","3":"status-publish","4":"has-post-thumbnail","6":"product_cat-blitz-zubehor","7":"product_cat-profoto-lichtformer","9":"first","10":"instock","11":"taxable","12":"shipping-taxable","13":"purchasable","14":"product-type-simple"},"_links":{"self":[{"href":"https:\/\/shop.swissphotoclub.com\/de\/wp-json\/wp\/v2\/product\/31925","targetHints":{"allow":["GET"]}}],"collection":[{"href":"https:\/\/shop.swissphotoclub.com\/de\/wp-json\/wp\/v2\/product"}],"about":[{"href":"https:\/\/shop.swissphotoclub.com\/de\/wp-json\/wp\/v2\/types\/product"}],"version-history":[{"count":0,"href":"https:\/\/shop.swissphotoclub.com\/de\/wp-json\/wp\/v2\/product\/31925\/revisions"}],"wp:featuredmedia":[{"embeddable":true,"href":"https:\/\/shop.swissphotoclub.com\/de\/wp-json\/wp\/v2\/media\/31836"}],"wp:attachment":[{"href":"https:\/\/shop.swissphotoclub.com\/de\/wp-json\/wp\/v2\/media?parent=31925"}],"wp:term":[{"taxonomy":"product_brand","embeddable":true,"href":"https:\/\/shop.swissphotoclub.com\/de\/wp-json\/wp\/v2\/product_brand?post=31925"},{"taxonomy":"product_cat","embeddable":true,"href":"https:\/\/shop.swissphotoclub.com\/de\/wp-json\/wp\/v2\/product_cat?post=31925"},{"taxonomy":"product_tag","embeddable":true,"href":"https:\/\/shop.swissphotoclub.com\/de\/wp-json\/wp\/v2\/product_tag?post=31925"}],"curies":[{"name":"wp","href":"https:\/\/api.w.org\/{rel}","templated":true}]}}