{"id":31926,"date":"2023-02-06T09:01:33","date_gmt":"2023-02-06T08:01:33","guid":{"rendered":"https:\/\/shop.swissphotoclub.com\/product\/profoto-ocf-magnum-reflektor\/"},"modified":"2023-02-06T09:01:33","modified_gmt":"2023-02-06T08:01:33","slug":"profoto-ocf-magnum-reflector","status":"publish","type":"product","link":"https:\/\/shop.swissphotoclub.com\/de\/produkt\/profoto-ocf-magnum-reflector\/","title":{"rendered":"Profoto OCF Magnum-Reflektor"},"content":{"rendered":"<p><strong>Profoto OCF Magnum-Reflektor<\/strong><\/p>\n<ul>\n<li>Kompaktes, leichtes Design f\u00fcr den Einsatz im Freien.<\/li>\n<li>Bis zu 2 Blendenstufen zus\u00e4tzliche Lichtleistung.<\/li>\n<li>Erzeugt einen gleichm\u00e4\u00dfigen Lichtstrahl mit einer allm\u00e4hlichen Abstufung.<\/li>\n<li>Zoomfunktion zur Einstellung des Lichtstrahls: Formen Sie das Licht, indem Sie den Reflektor am Kopf einfach nach vorne oder hinten schieben.<\/li>\n<li>Einstellbarer Lichtstrahl von 40-80\u00b0 mit Profoto Monobl\u00f6cken<\/li>\n<li>Inklusive Schutzh\u00fclle.<\/li>\n<li>Entwickelt, um jahrelangem professionellen Einsatz standzuhalten.<\/li>\n<\/ul>\n","protected":false},"excerpt":{"rendered":"<p>Kompaktes, leichtes Design f\u00fcr den Einsatz im Freien.<\/p>\n","protected":false},"featured_media":31825,"template":"","meta":{"_crdt_document":""},"product_brand":[],"product_cat":[299,296],"product_tag":[],"class_list":{"0":"post-31926","1":"product","2":"type-product","3":"status-publish","4":"has-post-thumbnail","6":"product_cat-profoto-lichtformer","7":"product_cat-blitz-zubehor","9":"first","10":"instock","11":"taxable","12":"shipping-taxable","13":"purchasable","14":"product-type-simple"},"_links":{"self":[{"href":"https:\/\/shop.swissphotoclub.com\/de\/wp-json\/wp\/v2\/product\/31926","targetHints":{"allow":["GET"]}}],"collection":[{"href":"https:\/\/shop.swissphotoclub.com\/de\/wp-json\/wp\/v2\/product"}],"about":[{"href":"https:\/\/shop.swissphotoclub.com\/de\/wp-json\/wp\/v2\/types\/product"}],"version-history":[{"count":0,"href":"https:\/\/shop.swissphotoclub.com\/de\/wp-json\/wp\/v2\/product\/31926\/revisions"}],"wp:featuredmedia":[{"embeddable":true,"href":"https:\/\/shop.swissphotoclub.com\/de\/wp-json\/wp\/v2\/media\/31825"}],"wp:attachment":[{"href":"https:\/\/shop.swissphotoclub.com\/de\/wp-json\/wp\/v2\/media?parent=31926"}],"wp:term":[{"taxonomy":"product_brand","embeddable":true,"href":"https:\/\/shop.swissphotoclub.com\/de\/wp-json\/wp\/v2\/product_brand?post=31926"},{"taxonomy":"product_cat","embeddable":true,"href":"https:\/\/shop.swissphotoclub.com\/de\/wp-json\/wp\/v2\/product_cat?post=31926"},{"taxonomy":"product_tag","embeddable":true,"href":"https:\/\/shop.swissphotoclub.com\/de\/wp-json\/wp\/v2\/product_tag?post=31926"}],"curies":[{"name":"wp","href":"https:\/\/api.w.org\/{rel}","templated":true}]}}