{"id":31927,"date":"2023-01-20T12:32:44","date_gmt":"2023-01-20T11:32:44","guid":{"rendered":"https:\/\/shop.swissphotoclub.com\/product\/profoto-air-fernbedienung\/"},"modified":"2023-01-20T12:32:44","modified_gmt":"2023-01-20T11:32:44","slug":"profoto-air-fernbedienung","status":"publish","type":"product","link":"https:\/\/shop.swissphotoclub.com\/de\/produkt\/profoto-air-fernbedienung\/","title":{"rendered":"Profoto Air Fernbedienung"},"content":{"rendered":"<p><strong>Profoto Air Fernbedienung<\/strong><\/p>\n<p>Die standardm\u00e4\u00dfige Air Remote erm\u00f6glicht die drahtlose Synchronisation und Steuerung von Profoto-Blitzger\u00e4ten mit integriertem Air-System von einer Blitzschuhkamera aus. Anders als die Air Remote TTL-S (f\u00fcr Sony), Air Remote TTL-N (f\u00fcr Nikon) und Air Remote TTL-C (f\u00fcr Canon) bietet die Air Remote keine TTL- oder HSS-Funktionalit\u00e4t. Sie erm\u00f6glicht es Ihnen aber auch, ohne Kabel und Zw\u00e4nge zu fotografieren. Die Reichweite von 300 m (1.000 ft) ist ebenfalls identisch. Die Air Remote verwendet das weltweit schnellste System zur Funksynchronisation und Fernsteuerung. So k\u00f6nnen Sie schneller und zuverl\u00e4ssiger schie\u00dfen.<\/p>\n<p><strong>Eigenschaften<\/strong><\/p>\n<ul>\n<li>Das schnellste Funksynchronisations- und Fernsteuerungssystem der Welt, das die Leistung eines Synchronisationskabels erreicht<\/li>\n<li>Unerreichte Reichweite von 300 m<\/li>\n<li>Offenes Frequenzband (2,4 GHz)<\/li>\n<li>Zugelassen f\u00fcr den weltweiten Einsatz<\/li>\n<li>Klein und praktisch<\/li>\n<li>Kann f\u00fcr die Synchronisierung von Blitzger\u00e4ten jeder Marke verwendet werden<\/li>\n<li>Kann als Fernausl\u00f6ser f\u00fcr die meisten Kameras verwendet werden<\/li>\n<li>Kann als Fernsteuerung f\u00fcr Profoto-Blitzger\u00e4te mit integriertem Air-System verwendet werden<\/li>\n<\/ul>\n","protected":false},"excerpt":{"rendered":"<p>Das Air Remote-System bietet alle Funktionen des Air Sync-Systems und zus\u00e4tzlich die M\u00f6glichkeit, jedes Blitzger\u00e4t mit integrierter Air Remote-Funktion aus der Ferne einzustellen.<\/p>\n","protected":false},"featured_media":31737,"template":"","meta":{"_crdt_document":""},"product_brand":[],"product_cat":[302],"product_tag":[],"class_list":{"0":"post-31927","1":"product","2":"type-product","3":"status-publish","4":"has-post-thumbnail","6":"product_cat-profoto-air-funkfernbedienungen","8":"first","9":"instock","10":"taxable","11":"shipping-taxable","12":"purchasable","13":"product-type-simple"},"_links":{"self":[{"href":"https:\/\/shop.swissphotoclub.com\/de\/wp-json\/wp\/v2\/product\/31927","targetHints":{"allow":["GET"]}}],"collection":[{"href":"https:\/\/shop.swissphotoclub.com\/de\/wp-json\/wp\/v2\/product"}],"about":[{"href":"https:\/\/shop.swissphotoclub.com\/de\/wp-json\/wp\/v2\/types\/product"}],"version-history":[{"count":0,"href":"https:\/\/shop.swissphotoclub.com\/de\/wp-json\/wp\/v2\/product\/31927\/revisions"}],"wp:featuredmedia":[{"embeddable":true,"href":"https:\/\/shop.swissphotoclub.com\/de\/wp-json\/wp\/v2\/media\/31737"}],"wp:attachment":[{"href":"https:\/\/shop.swissphotoclub.com\/de\/wp-json\/wp\/v2\/media?parent=31927"}],"wp:term":[{"taxonomy":"product_brand","embeddable":true,"href":"https:\/\/shop.swissphotoclub.com\/de\/wp-json\/wp\/v2\/product_brand?post=31927"},{"taxonomy":"product_cat","embeddable":true,"href":"https:\/\/shop.swissphotoclub.com\/de\/wp-json\/wp\/v2\/product_cat?post=31927"},{"taxonomy":"product_tag","embeddable":true,"href":"https:\/\/shop.swissphotoclub.com\/de\/wp-json\/wp\/v2\/product_tag?post=31927"}],"curies":[{"name":"wp","href":"https:\/\/api.w.org\/{rel}","templated":true}]}}