{"id":31940,"date":"2023-01-20T12:10:24","date_gmt":"2023-01-20T11:10:24","guid":{"rendered":"https:\/\/shop.swissphotoclub.com\/product\/profoto-connect-pro\/"},"modified":"2023-01-20T12:10:24","modified_gmt":"2023-01-20T11:10:24","slug":"profoto-connect-pro","status":"publish","type":"product","link":"https:\/\/shop.swissphotoclub.com\/de\/produkt\/profoto-connect-pro\/","title":{"rendered":"Profoto Connect Pro"},"content":{"rendered":"<p>Profoto Connect Pro<\/p>\n<ul>\n<li>Intuitive Benutzeroberfl\u00e4che auf einem gro\u00dfen Bildschirm<\/li>\n<li>Schlie\u00dfen Sie die Fernbedienung \u00fcber den Blitzschuh Ihres Ger\u00e4ts an<\/li>\n<li>100 verf\u00fcgbare Kan\u00e4le mit sechs Gruppen pro Kanal<\/li>\n<li>Lange Batterielebensdauer und wiederaufladbare Batterien<\/li>\n<li>Einfache Firmware-Updates \u00fcber Profoto AirX<\/li>\n<li>Steuerung aller Gruppen \u00fcber die Profoto Control App auf Ihrem iPad, iPhone und Android-Smartphone<\/li>\n<li>Wechsel vom TTL- zum manuellen Modus unter Beibehaltung der TTL-Einstellungen<\/li>\n<li>Synchronization and remote control 0.5-100 m<\/li>\n<\/ul>\n","protected":false},"excerpt":{"rendered":"<p>Verf\u00fcgbar f\u00fcr Canon, Nikon, Sony, Fujifilm, Leica und Non-TTL\/HSS<\/p>\n","protected":false},"featured_media":31685,"template":"","meta":{"_crdt_document":""},"product_brand":[],"product_cat":[302],"product_tag":[],"class_list":{"0":"post-31940","1":"product","2":"type-product","3":"status-publish","4":"has-post-thumbnail","6":"product_cat-profoto-air-funkfernbedienungen","8":"first","9":"instock","10":"taxable","11":"shipping-taxable","12":"purchasable","13":"product-type-variable"},"_links":{"self":[{"href":"https:\/\/shop.swissphotoclub.com\/de\/wp-json\/wp\/v2\/product\/31940","targetHints":{"allow":["GET"]}}],"collection":[{"href":"https:\/\/shop.swissphotoclub.com\/de\/wp-json\/wp\/v2\/product"}],"about":[{"href":"https:\/\/shop.swissphotoclub.com\/de\/wp-json\/wp\/v2\/types\/product"}],"version-history":[{"count":0,"href":"https:\/\/shop.swissphotoclub.com\/de\/wp-json\/wp\/v2\/product\/31940\/revisions"}],"wp:featuredmedia":[{"embeddable":true,"href":"https:\/\/shop.swissphotoclub.com\/de\/wp-json\/wp\/v2\/media\/31685"}],"wp:attachment":[{"href":"https:\/\/shop.swissphotoclub.com\/de\/wp-json\/wp\/v2\/media?parent=31940"}],"wp:term":[{"taxonomy":"product_brand","embeddable":true,"href":"https:\/\/shop.swissphotoclub.com\/de\/wp-json\/wp\/v2\/product_brand?post=31940"},{"taxonomy":"product_cat","embeddable":true,"href":"https:\/\/shop.swissphotoclub.com\/de\/wp-json\/wp\/v2\/product_cat?post=31940"},{"taxonomy":"product_tag","embeddable":true,"href":"https:\/\/shop.swissphotoclub.com\/de\/wp-json\/wp\/v2\/product_tag?post=31940"}],"curies":[{"name":"wp","href":"https:\/\/api.w.org\/{rel}","templated":true}]}}