{"id":32214,"date":"2023-03-09T08:58:32","date_gmt":"2023-03-09T07:58:32","guid":{"rendered":"https:\/\/shop.swissphotoclub.com\/?post_type=product&#038;p=32214"},"modified":"2023-03-09T09:08:51","modified_gmt":"2023-03-09T08:08:51","slug":"profoto-rfi-speedring","status":"publish","type":"product","link":"https:\/\/shop.swissphotoclub.com\/de\/produkt\/profoto-rfi-speedring\/","title":{"rendered":"Profoto RFi Speedring"},"content":{"rendered":"<h3>Zur einfachen Montage von RFi-Softboxen<\/h3>\n<div class=\"col-12 col-md-6 tab__multicolumn-first\">\n<p>Die hochwertigen RFi-Anschlussringe dienen zur Montage der RFi-Softboxen. Dank ihres intelligenten Designs l\u00e4sst sich die Softbox einfach aufsetzen, ohne mit den Spannst\u00e4ben zu hantieren, w\u00e4hrend die Farbcodierung Ihnen den Zusammenbau erleichtert. Die bekannte Gummimanschette und Klammer von Profoto machen die Montage des RFi-Anschlussrings am Blitz kinderleicht.<\/p>\n<p>Dank unseres umfangreichen Sortiments an RFI-Anschlussringen sind die RFi-Softboxen mit Blitzen aller wichtigen Hersteller kompatibel, vom Aufsteckblitz bis zum High-End-Studioblitz. Selbst wenn Sie Blitze vieler verschiedener Hersteller besitzen, brauchen Sie nur eine Softbox-Marke.<\/p>\n<\/div>\n<div class=\"col-12 col-md-6 tab__multicolumn-second\">\n<h3 class=\"tab__content-subtitle\">Eigenschaften<\/h3>\n<ul>\n<li>Erm\u00f6glicht die Anbringung von RFi-Softboxen an Profoto Blitzen oder Blitzen anderer, renommierter Blitzhersteller.<\/li>\n<li>Farbcodierte Bohrungen f\u00fcr einen schnellen und einfachen Aufbau.<\/li>\n<li>Mit hitzebest\u00e4ndiger Lackierung.<\/li>\n<li>Erm\u00f6glicht eine Drehung der Softbox um 360\u00b0.<\/li>\n<li>Ausgelegt auf viele Jahre des t\u00e4glichen Gebrauchs.<\/li>\n<\/ul>\n<\/div>\n","protected":false},"excerpt":{"rendered":"<p><span style=\"text-decoration: underline;\">Erforderlich<\/span> zur Befestigung von Profoto Softboxen an Ihrem Profoto Blitzkopf.<\/p>\n","protected":false},"featured_media":32206,"template":"","meta":{"_crdt_document":""},"product_brand":[],"product_cat":[299],"product_tag":[],"class_list":{"0":"post-32214","1":"product","2":"type-product","3":"status-publish","4":"has-post-thumbnail","6":"product_cat-profoto-lichtformer","8":"first","9":"instock","10":"taxable","11":"shipping-taxable","12":"purchasable","13":"product-type-simple"},"_links":{"self":[{"href":"https:\/\/shop.swissphotoclub.com\/de\/wp-json\/wp\/v2\/product\/32214","targetHints":{"allow":["GET"]}}],"collection":[{"href":"https:\/\/shop.swissphotoclub.com\/de\/wp-json\/wp\/v2\/product"}],"about":[{"href":"https:\/\/shop.swissphotoclub.com\/de\/wp-json\/wp\/v2\/types\/product"}],"version-history":[{"count":3,"href":"https:\/\/shop.swissphotoclub.com\/de\/wp-json\/wp\/v2\/product\/32214\/revisions"}],"predecessor-version":[{"id":32217,"href":"https:\/\/shop.swissphotoclub.com\/de\/wp-json\/wp\/v2\/product\/32214\/revisions\/32217"}],"wp:featuredmedia":[{"embeddable":true,"href":"https:\/\/shop.swissphotoclub.com\/de\/wp-json\/wp\/v2\/media\/32206"}],"wp:attachment":[{"href":"https:\/\/shop.swissphotoclub.com\/de\/wp-json\/wp\/v2\/media?parent=32214"}],"wp:term":[{"taxonomy":"product_brand","embeddable":true,"href":"https:\/\/shop.swissphotoclub.com\/de\/wp-json\/wp\/v2\/product_brand?post=32214"},{"taxonomy":"product_cat","embeddable":true,"href":"https:\/\/shop.swissphotoclub.com\/de\/wp-json\/wp\/v2\/product_cat?post=32214"},{"taxonomy":"product_tag","embeddable":true,"href":"https:\/\/shop.swissphotoclub.com\/de\/wp-json\/wp\/v2\/product_tag?post=32214"}],"curies":[{"name":"wp","href":"https:\/\/api.w.org\/{rel}","templated":true}]}}