{"id":32229,"date":"2023-03-10T10:07:54","date_gmt":"2023-03-10T09:07:54","guid":{"rendered":"https:\/\/shop.swissphotoclub.com\/?post_type=product&#038;p=32229"},"modified":"2023-03-10T12:07:32","modified_gmt":"2023-03-10T11:07:32","slug":"profoto-clic-softbox-2-octa-60-cm","status":"publish","type":"product","link":"https:\/\/shop.swissphotoclub.com\/de\/produkt\/profoto-clic-softbox-2-octa-60-cm\/","title":{"rendered":"Profoto Clic Softbox 2&#8242; Octa (60 cm)"},"content":{"rendered":"<p>Die neue Clic Softbox Oct erzeugt ein weiches und dennoch schmeichelndes Licht, das sich perfekt f\u00fcr Nahaufnahmen, Flatlays und Produkt-\/Stillebenfotografie mit Blitzen der Profoto A-Serie eignet.<br \/>\nEs ist perfekt f\u00fcr das Fotografieren unterwegs. Es ist nicht nur tragbar und leicht, es l\u00e4sst sich auch schnell ein- und ausklappen, und Magnete erm\u00f6glichen eine einfache Befestigung am Blitzkopf. Somit bist du mit einem kleinen \u201eKlick\u201c einsatzbereit. Die Clic Softbox Octa ist mit einem integrierten Tragegriff und einem Stativadapter ausgestattet. Dar\u00fcber hinaus kannst du es aufgrund seiner Kompatibilit\u00e4t mit anderen Clic-Lichtformern in viele Kombinationen integrieren.<\/p>\n<ul>\n<li>Erzeugt ein weiches, schmeichelhaftes Licht<\/li>\n<li>Einfache Montage dank Snap-In-Funktion<\/li>\n<li>Integrierter Handgriff und Stativadapter<\/li>\n<li>Kompatibel mit anderen Clic-Lichtformern<\/li>\n<li>Kompakt und leicht<\/li>\n<li>Hergestellt aus hochwertigem Stoff<\/li>\n<li>Lieferung im beschrifteten Softbag<\/li>\n<\/ul>\n<p>Video: https:\/\/www.youtube.com\/watch?v=ZgpH6Pw4PuE<\/p>\n","protected":false},"excerpt":{"rendered":"<p>Clic Softbox Oct erzeugt ein weiches und dennoch schmeichelndes Licht, das sich perfekt f\u00fcr Nahaufnahmen, Flatlays und Produkt-\/Stillebenfotografie mit Blitzen der Profoto A-Serie eignet.<\/p>\n","protected":false},"featured_media":32236,"template":"","meta":{"_crdt_document":""},"product_brand":[],"product_cat":[299],"product_tag":[],"class_list":{"0":"post-32229","1":"product","2":"type-product","3":"status-publish","4":"has-post-thumbnail","6":"product_cat-profoto-lichtformer","8":"first","9":"instock","10":"taxable","11":"shipping-taxable","12":"purchasable","13":"product-type-simple"},"_links":{"self":[{"href":"https:\/\/shop.swissphotoclub.com\/de\/wp-json\/wp\/v2\/product\/32229","targetHints":{"allow":["GET"]}}],"collection":[{"href":"https:\/\/shop.swissphotoclub.com\/de\/wp-json\/wp\/v2\/product"}],"about":[{"href":"https:\/\/shop.swissphotoclub.com\/de\/wp-json\/wp\/v2\/types\/product"}],"version-history":[{"count":2,"href":"https:\/\/shop.swissphotoclub.com\/de\/wp-json\/wp\/v2\/product\/32229\/revisions"}],"predecessor-version":[{"id":32277,"href":"https:\/\/shop.swissphotoclub.com\/de\/wp-json\/wp\/v2\/product\/32229\/revisions\/32277"}],"wp:featuredmedia":[{"embeddable":true,"href":"https:\/\/shop.swissphotoclub.com\/de\/wp-json\/wp\/v2\/media\/32236"}],"wp:attachment":[{"href":"https:\/\/shop.swissphotoclub.com\/de\/wp-json\/wp\/v2\/media?parent=32229"}],"wp:term":[{"taxonomy":"product_brand","embeddable":true,"href":"https:\/\/shop.swissphotoclub.com\/de\/wp-json\/wp\/v2\/product_brand?post=32229"},{"taxonomy":"product_cat","embeddable":true,"href":"https:\/\/shop.swissphotoclub.com\/de\/wp-json\/wp\/v2\/product_cat?post=32229"},{"taxonomy":"product_tag","embeddable":true,"href":"https:\/\/shop.swissphotoclub.com\/de\/wp-json\/wp\/v2\/product_tag?post=32229"}],"curies":[{"name":"wp","href":"https:\/\/api.w.org\/{rel}","templated":true}]}}