{"id":32268,"date":"2023-03-10T10:33:54","date_gmt":"2023-03-10T09:33:54","guid":{"rendered":"https:\/\/shop.swissphotoclub.com\/?post_type=product&#038;p=32268"},"modified":"2023-03-10T12:09:40","modified_gmt":"2023-03-10T11:09:40","slug":"profoto-clic-color-effects-kit","status":"publish","type":"product","link":"https:\/\/shop.swissphotoclub.com\/de\/produkt\/profoto-clic-color-effects-kit\/","title":{"rendered":"Profoto Clic Color Effects Kit"},"content":{"rendered":"<h3 class=\"product-info-title-desktop hidden-xs hidden-sm\">Profoto Clic Color Effects Kit<\/h3>\n<p>Verfeinere deine fotografischen Einstellungen, indem du deiner Szene sofort Farbe hinzuf\u00fcgst, sogar unterwegs. W\u00e4hle aus sieben Farben und passe die T\u00f6ne deiner Szene nach Bedarf an. Mit der magnetischen Halterung kannst du sie sofort an allen Blitzen der A-Serie befestigen. Clic Gels k\u00f6nnen sogar gestapelt werden, um noch mehr kreative M\u00f6glichkeiten zu haben. F\u00fcr den einfachen Transport kannst du sie in der Schutzh\u00fclle aufbewahren. Inhalt des Kits: Clic Gel Jade, Clic Gel Rose Pink, Clic Gel Peacock Blue, Clic Gel Yellow, Clic Gel Blue, Clic Gel Scarlett und Clic Gel Light Lavender.<\/p>\n<h4>Sieben Farben f\u00fcr eine Vielzahl von M\u00f6glichkeiten<\/h4>\n<ul>\n<li>Lieferung in einer Schutzh\u00fclle<\/li>\n<li>Kompatibel mit allen Blitzen der A-Serie<\/li>\n<li>Inhalt des Kits: Clic Gel Jade, Clic Gel Rose Pink, Clic Gel Peacock Blue, Clic Gel Yellow, Clic Gel Blue, Clic Gel<\/li>\n<li>Scarlett und Clic Gel Light Lavender<\/li>\n<li>Sofortige Befestigung mit der Magnethalterung<\/li>\n<\/ul>\n","protected":false},"excerpt":{"rendered":"<p>Verfeinern Sie Ihre Farben weiter, auch unterwegs. Sie k\u00f6nnen sie mit der magnetischen Halterung sofort an allen Blitzen der A-Serie befestigen.<\/p>\n","protected":false},"featured_media":32272,"template":"","meta":{"_crdt_document":""},"product_brand":[],"product_cat":[299],"product_tag":[],"class_list":{"0":"post-32268","1":"product","2":"type-product","3":"status-publish","4":"has-post-thumbnail","6":"product_cat-profoto-lichtformer","8":"first","9":"instock","10":"taxable","11":"shipping-taxable","12":"purchasable","13":"product-type-simple"},"_links":{"self":[{"href":"https:\/\/shop.swissphotoclub.com\/de\/wp-json\/wp\/v2\/product\/32268","targetHints":{"allow":["GET"]}}],"collection":[{"href":"https:\/\/shop.swissphotoclub.com\/de\/wp-json\/wp\/v2\/product"}],"about":[{"href":"https:\/\/shop.swissphotoclub.com\/de\/wp-json\/wp\/v2\/types\/product"}],"version-history":[{"count":2,"href":"https:\/\/shop.swissphotoclub.com\/de\/wp-json\/wp\/v2\/product\/32268\/revisions"}],"predecessor-version":[{"id":32279,"href":"https:\/\/shop.swissphotoclub.com\/de\/wp-json\/wp\/v2\/product\/32268\/revisions\/32279"}],"wp:featuredmedia":[{"embeddable":true,"href":"https:\/\/shop.swissphotoclub.com\/de\/wp-json\/wp\/v2\/media\/32272"}],"wp:attachment":[{"href":"https:\/\/shop.swissphotoclub.com\/de\/wp-json\/wp\/v2\/media?parent=32268"}],"wp:term":[{"taxonomy":"product_brand","embeddable":true,"href":"https:\/\/shop.swissphotoclub.com\/de\/wp-json\/wp\/v2\/product_brand?post=32268"},{"taxonomy":"product_cat","embeddable":true,"href":"https:\/\/shop.swissphotoclub.com\/de\/wp-json\/wp\/v2\/product_cat?post=32268"},{"taxonomy":"product_tag","embeddable":true,"href":"https:\/\/shop.swissphotoclub.com\/de\/wp-json\/wp\/v2\/product_tag?post=32268"}],"curies":[{"name":"wp","href":"https:\/\/api.w.org\/{rel}","templated":true}]}}