{"id":32411,"date":"2023-03-30T21:46:30","date_gmt":"2023-03-30T19:46:30","guid":{"rendered":"https:\/\/shop.swissphotoclub.com\/product\/artists-corner-hamburg-deine-eigene-ausstellungsflaeche\/"},"modified":"2023-03-30T21:46:30","modified_gmt":"2023-03-30T19:46:30","slug":"artists-corner-hamburg-your-own-wall-space-at-qvartr-gallery","status":"publish","type":"product","link":"https:\/\/shop.swissphotoclub.com\/de\/produkt\/artists-corner-hamburg-your-own-wall-space-at-qvartr-gallery\/","title":{"rendered":"Artist&#8217;s Corner Hamburg: deine eigene Ausstellungsfl\u00e4che"},"content":{"rendered":"<p>2 Laufmeter Wand, wo du deine Bilder selbst aufh\u00e4ngen und \u00fcber 1 Woche ausstellen und verkaufen kannst.<br \/>\nAusstellung: 20. &#8211; 29. Mai in der qvartr Gallery in Hamburg-Altona.<\/p>\n<ul>\n<li>Du bringst und h\u00e4ngst deine eigenen Bilder auf und ab. (Die Miete umfasst die reine Wandfl\u00e4che)<\/li>\n<li>Aufbau: Mittwoch und\/oder Donnerstag zwischen 10:00 &#8211; 18:00 Uhr<\/li>\n<li>Vernissage: Donnerstag, 20. April 18:00 &#8211; 21:00 Uhr<\/li>\n<li>Finissage: Samstag, 29. April um 15:00 Uhr<\/li>\n<li>Abbau: direkt im Anschluss an die Finissage, 16:00 &#8211; 19:00 Uhr.<\/li>\n<\/ul>\n","protected":false},"excerpt":{"rendered":"<p>2 Laufmeter Wand in der qvart Gallery an der du deine Bilder \u00fcber 1 Woche ausstellen und verkaufen kannst.<br \/>\nWir nehmen keine Verkaufsprovision. \u00dcber Preis und Abwicklung deiner Verk\u00e4ufe entscheidest alleine du.<\/p>\n<p>&nbsp;<\/p>\n","protected":false},"featured_media":32399,"template":"","meta":{"_crdt_document":""},"product_brand":[],"product_cat":[290],"product_tag":[],"class_list":{"0":"post-32411","1":"product","2":"type-product","3":"status-publish","4":"has-post-thumbnail","6":"product_cat-awards-de","8":"first","9":"instock","10":"taxable","11":"shipping-taxable","12":"product-type-simple"},"_links":{"self":[{"href":"https:\/\/shop.swissphotoclub.com\/de\/wp-json\/wp\/v2\/product\/32411","targetHints":{"allow":["GET"]}}],"collection":[{"href":"https:\/\/shop.swissphotoclub.com\/de\/wp-json\/wp\/v2\/product"}],"about":[{"href":"https:\/\/shop.swissphotoclub.com\/de\/wp-json\/wp\/v2\/types\/product"}],"version-history":[{"count":0,"href":"https:\/\/shop.swissphotoclub.com\/de\/wp-json\/wp\/v2\/product\/32411\/revisions"}],"wp:featuredmedia":[{"embeddable":true,"href":"https:\/\/shop.swissphotoclub.com\/de\/wp-json\/wp\/v2\/media\/32399"}],"wp:attachment":[{"href":"https:\/\/shop.swissphotoclub.com\/de\/wp-json\/wp\/v2\/media?parent=32411"}],"wp:term":[{"taxonomy":"product_brand","embeddable":true,"href":"https:\/\/shop.swissphotoclub.com\/de\/wp-json\/wp\/v2\/product_brand?post=32411"},{"taxonomy":"product_cat","embeddable":true,"href":"https:\/\/shop.swissphotoclub.com\/de\/wp-json\/wp\/v2\/product_cat?post=32411"},{"taxonomy":"product_tag","embeddable":true,"href":"https:\/\/shop.swissphotoclub.com\/de\/wp-json\/wp\/v2\/product_tag?post=32411"}],"curies":[{"name":"wp","href":"https:\/\/api.w.org\/{rel}","templated":true}]}}