{"id":32815,"date":"2023-08-24T15:16:42","date_gmt":"2023-08-24T13:16:42","guid":{"rendered":"https:\/\/shop.swissphotoclub.com\/product\/awards-versandgebuehr\/"},"modified":"2025-04-30T10:47:41","modified_gmt":"2025-04-30T08:47:41","slug":"awards-versandgebuhr","status":"publish","type":"product","link":"https:\/\/shop.swissphotoclub.com\/de\/produkt\/awards-versandgebuhr\/","title":{"rendered":"Auszeichnungen Foto-Postgeb\u00fchr (nur CH)"},"content":{"rendered":"","protected":false},"excerpt":{"rendered":"<p>W\u00e4hlen Sie die Gr\u00f6sse Ihrer Fotos f\u00fcr die Lieferung und wir werden sie innerhalb von 2-4 Wochen an Ihre Adresse senden. Nur f\u00fcr die Schweiz verf\u00fcgbar. <\/p>\n<p>Wir werden unser Bestes tun, um sicherzustellen, dass die Fotos ordnungsgem\u00e4ss verpackt sind, aber im Falle von Sch\u00e4den, melde dich bitte direkt an die Schweizerische Post \u00fcber diesen Link:<\/p>\n<p><a href=\"https:\/\/customer-service.post.ch\/public\/e\/l\/schadenfall\">https:\/\/customer-service.post.ch\/public\/e\/l\/schadenfall<\/a><\/p>\n","protected":false},"featured_media":32810,"template":"","meta":{"_crdt_document":""},"product_brand":[],"product_cat":[290],"product_tag":[],"class_list":{"0":"post-32815","1":"product","2":"type-product","3":"status-publish","4":"has-post-thumbnail","6":"product_cat-awards-de","8":"first","9":"instock","10":"sold-individually","11":"taxable","12":"shipping-taxable","13":"purchasable","14":"product-type-variable"},"_links":{"self":[{"href":"https:\/\/shop.swissphotoclub.com\/de\/wp-json\/wp\/v2\/product\/32815","targetHints":{"allow":["GET"]}}],"collection":[{"href":"https:\/\/shop.swissphotoclub.com\/de\/wp-json\/wp\/v2\/product"}],"about":[{"href":"https:\/\/shop.swissphotoclub.com\/de\/wp-json\/wp\/v2\/types\/product"}],"version-history":[{"count":2,"href":"https:\/\/shop.swissphotoclub.com\/de\/wp-json\/wp\/v2\/product\/32815\/revisions"}],"predecessor-version":[{"id":33650,"href":"https:\/\/shop.swissphotoclub.com\/de\/wp-json\/wp\/v2\/product\/32815\/revisions\/33650"}],"wp:featuredmedia":[{"embeddable":true,"href":"https:\/\/shop.swissphotoclub.com\/de\/wp-json\/wp\/v2\/media\/32810"}],"wp:attachment":[{"href":"https:\/\/shop.swissphotoclub.com\/de\/wp-json\/wp\/v2\/media?parent=32815"}],"wp:term":[{"taxonomy":"product_brand","embeddable":true,"href":"https:\/\/shop.swissphotoclub.com\/de\/wp-json\/wp\/v2\/product_brand?post=32815"},{"taxonomy":"product_cat","embeddable":true,"href":"https:\/\/shop.swissphotoclub.com\/de\/wp-json\/wp\/v2\/product_cat?post=32815"},{"taxonomy":"product_tag","embeddable":true,"href":"https:\/\/shop.swissphotoclub.com\/de\/wp-json\/wp\/v2\/product_tag?post=32815"}],"curies":[{"name":"wp","href":"https:\/\/api.w.org\/{rel}","templated":true}]}}