{"id":33280,"date":"2024-10-16T11:01:02","date_gmt":"2024-10-16T09:01:02","guid":{"rendered":"https:\/\/shop.swissphotoclub.com\/?post_type=product&#038;p=33280"},"modified":"2024-10-17T08:42:46","modified_gmt":"2024-10-17T06:42:46","slug":"shimoda-explore-v2-x40-starter-kit","status":"publish","type":"product","link":"https:\/\/shop.swissphotoclub.com\/de\/produkt\/shimoda-explore-v2-x40-starter-kit\/","title":{"rendered":"Shimoda Action X40 v2 Starter Kit (mit Medium DSLR Core Unit) &#8211; Gelb"},"content":{"rendered":"<p>Der Action X40 ist ein vielseitiger, wetterfester Kamerarucksack f\u00fcr Fotografen mit anspruchsvollem Ausr\u00fcstungsbedarf, der schnellen Zugriff, erweiterbaren Stauraum und Kompatibilit\u00e4t mit den meisten DSLR-\/spiegellosen Kameras bietet. Er verf\u00fcgt \u00fcber mehrere Befestigungsoptionen, gepolsterte Laptop-\/Tablet-H\u00fcllen und wird mit einer mittleren DSLR-Kerneinheit, einer Helmhalterung und einer Regenh\u00fclle geliefert.<\/p>\n<ul>\n<li>Internal dimensions 29.5 x 52.5 x 19 cm<\/li>\n<li>External dimensions 30 x 53 x 20 cm<\/li>\n<li>Weight 2.7 kg<\/li>\n<li>Laptop compartment dimensions 24 x 36 x 1.5 cm<\/li>\n<\/ul>\n","protected":false},"excerpt":{"rendered":"<p>Der Action X40 ist ein vielseitiger, wetterfester Kamerarucksack f\u00fcr Fotografen mit anspruchsvoller Ausr\u00fcstung, der schnellen Zugriff, erweiterbaren Stauraum und Kompatibilit\u00e4t mit den meisten DSLR-\/spiegellosen Kameras bietet.<\/p>\n","protected":false},"featured_media":33284,"template":"","meta":{"_crdt_document":""},"product_brand":[],"product_cat":[266],"product_tag":[],"class_list":{"0":"post-33280","1":"product","2":"type-product","3":"status-publish","4":"has-post-thumbnail","6":"product_cat-rucksacke","8":"first","9":"instock","10":"taxable","11":"shipping-taxable","12":"purchasable","13":"product-type-simple"},"_links":{"self":[{"href":"https:\/\/shop.swissphotoclub.com\/de\/wp-json\/wp\/v2\/product\/33280","targetHints":{"allow":["GET"]}}],"collection":[{"href":"https:\/\/shop.swissphotoclub.com\/de\/wp-json\/wp\/v2\/product"}],"about":[{"href":"https:\/\/shop.swissphotoclub.com\/de\/wp-json\/wp\/v2\/types\/product"}],"version-history":[{"count":4,"href":"https:\/\/shop.swissphotoclub.com\/de\/wp-json\/wp\/v2\/product\/33280\/revisions"}],"predecessor-version":[{"id":33375,"href":"https:\/\/shop.swissphotoclub.com\/de\/wp-json\/wp\/v2\/product\/33280\/revisions\/33375"}],"wp:featuredmedia":[{"embeddable":true,"href":"https:\/\/shop.swissphotoclub.com\/de\/wp-json\/wp\/v2\/media\/33284"}],"wp:attachment":[{"href":"https:\/\/shop.swissphotoclub.com\/de\/wp-json\/wp\/v2\/media?parent=33280"}],"wp:term":[{"taxonomy":"product_brand","embeddable":true,"href":"https:\/\/shop.swissphotoclub.com\/de\/wp-json\/wp\/v2\/product_brand?post=33280"},{"taxonomy":"product_cat","embeddable":true,"href":"https:\/\/shop.swissphotoclub.com\/de\/wp-json\/wp\/v2\/product_cat?post=33280"},{"taxonomy":"product_tag","embeddable":true,"href":"https:\/\/shop.swissphotoclub.com\/de\/wp-json\/wp\/v2\/product_tag?post=33280"}],"curies":[{"name":"wp","href":"https:\/\/api.w.org\/{rel}","templated":true}]}}