{"id":33320,"date":"2024-10-16T11:49:11","date_gmt":"2024-10-16T09:49:11","guid":{"rendered":"https:\/\/shop.swissphotoclub.com\/?post_type=product&#038;p=33320"},"modified":"2024-10-17T08:37:10","modified_gmt":"2024-10-17T06:37:10","slug":"shimoda-urban-explore-20","status":"publish","type":"product","link":"https:\/\/shop.swissphotoclub.com\/de\/produkt\/shimoda-urban-explore-20\/","title":{"rendered":"Shimoda Urban Explore 20 \u2013 Boa"},"content":{"rendered":"<p>Die Urban Explore Series ist eine stylishe, funktionelle Kameratasche f\u00fcr Kreative mit einer recycelten Cordura-Aussenh\u00fclle und Platz f\u00fcr die wichtigsten Ausr\u00fcstungsgegenst\u00e4nde, einschlie\u00dflich Kameras und Laptops bis zu 14 Zoll. Die 20-Liter-Version ist perfekt f\u00fcr minimale Ausr\u00fcstung und damit ideal f\u00fcr Stadt- und Reiseabenteuer.<\/p>\n<ul>\n<li>Innenma\u00dfe: 24 x 42 x 16 cm<\/li>\n<li>Au\u00dfenma\u00dfe: 27 x 43 x 20 cm<\/li>\n<li>Laptopma\u00dfe: 23 x 31 x 2 cm<\/li>\n<li>Gewicht: 1,8 kg<\/li>\n<\/ul>\n","protected":false},"excerpt":{"rendered":"<p>Die Urban Explore Series ist eine stylische, funktionale Kameratasche f\u00fcr Kreative, die mit einer recycelten Cordura-H\u00fclle ausgestattet ist und Platz f\u00fcr die wichtigsten Ausr\u00fcstungsgegenst\u00e4nde bietet.<\/p>\n","protected":false},"featured_media":33324,"template":"","meta":{"_crdt_document":""},"product_brand":[],"product_cat":[266],"product_tag":[],"class_list":{"0":"post-33320","1":"product","2":"type-product","3":"status-publish","4":"has-post-thumbnail","6":"product_cat-rucksacke","8":"first","9":"instock","10":"taxable","11":"shipping-taxable","12":"purchasable","13":"product-type-simple"},"_links":{"self":[{"href":"https:\/\/shop.swissphotoclub.com\/de\/wp-json\/wp\/v2\/product\/33320","targetHints":{"allow":["GET"]}}],"collection":[{"href":"https:\/\/shop.swissphotoclub.com\/de\/wp-json\/wp\/v2\/product"}],"about":[{"href":"https:\/\/shop.swissphotoclub.com\/de\/wp-json\/wp\/v2\/types\/product"}],"version-history":[{"count":3,"href":"https:\/\/shop.swissphotoclub.com\/de\/wp-json\/wp\/v2\/product\/33320\/revisions"}],"predecessor-version":[{"id":33378,"href":"https:\/\/shop.swissphotoclub.com\/de\/wp-json\/wp\/v2\/product\/33320\/revisions\/33378"}],"wp:featuredmedia":[{"embeddable":true,"href":"https:\/\/shop.swissphotoclub.com\/de\/wp-json\/wp\/v2\/media\/33324"}],"wp:attachment":[{"href":"https:\/\/shop.swissphotoclub.com\/de\/wp-json\/wp\/v2\/media?parent=33320"}],"wp:term":[{"taxonomy":"product_brand","embeddable":true,"href":"https:\/\/shop.swissphotoclub.com\/de\/wp-json\/wp\/v2\/product_brand?post=33320"},{"taxonomy":"product_cat","embeddable":true,"href":"https:\/\/shop.swissphotoclub.com\/de\/wp-json\/wp\/v2\/product_cat?post=33320"},{"taxonomy":"product_tag","embeddable":true,"href":"https:\/\/shop.swissphotoclub.com\/de\/wp-json\/wp\/v2\/product_tag?post=33320"}],"curies":[{"name":"wp","href":"https:\/\/api.w.org\/{rel}","templated":true}]}}