{"id":33344,"date":"2024-10-16T11:57:20","date_gmt":"2024-10-16T09:57:20","guid":{"rendered":"https:\/\/shop.swissphotoclub.com\/?post_type=product&#038;p=33344"},"modified":"2024-10-17T08:40:47","modified_gmt":"2024-10-17T06:40:47","slug":"shimoda-urban-explore-30","status":"publish","type":"product","link":"https:\/\/shop.swissphotoclub.com\/de\/produkt\/shimoda-urban-explore-30\/","title":{"rendered":"Shimoda Urban Explore 30 \u2013 Anthracite"},"content":{"rendered":"<p>Die 30-Liter-Version bietet Platz f\u00fcr einen 16-Zoll-Laptop und die meiste Ausr\u00fcstung und ist somit perfekt f\u00fcr alle, die ein komplettes Setup mit sich f\u00fchren m\u00fcssen.<\/p>\n<ul>\n<li>Innenmasse: 29 x 50 x 16 cm<\/li>\n<li>Au\u00dfenmasse: 32 x 52 x 20 cm<\/li>\n<li>Laptopmasse: 27 x 39 x 2 cm<\/li>\n<li>Gewicht: 2,1 kg<\/li>\n<\/ul>\n","protected":false},"excerpt":{"rendered":"<p>Die Urban Explore Series bietet eine vielseitige, stilvolle Kameratasche, die f\u00fcr Kreative entworfen wurde und Platz f\u00fcr wichtige Werkzeuge wie Kameras und Laptops bietet.<\/p>\n","protected":false},"featured_media":33347,"template":"","meta":{"_crdt_document":""},"product_brand":[],"product_cat":[266],"product_tag":[],"class_list":{"0":"post-33344","1":"product","2":"type-product","3":"status-publish","4":"has-post-thumbnail","6":"product_cat-rucksacke","8":"first","9":"instock","10":"taxable","11":"shipping-taxable","12":"purchasable","13":"product-type-simple"},"_links":{"self":[{"href":"https:\/\/shop.swissphotoclub.com\/de\/wp-json\/wp\/v2\/product\/33344","targetHints":{"allow":["GET"]}}],"collection":[{"href":"https:\/\/shop.swissphotoclub.com\/de\/wp-json\/wp\/v2\/product"}],"about":[{"href":"https:\/\/shop.swissphotoclub.com\/de\/wp-json\/wp\/v2\/types\/product"}],"version-history":[{"count":3,"href":"https:\/\/shop.swissphotoclub.com\/de\/wp-json\/wp\/v2\/product\/33344\/revisions"}],"predecessor-version":[{"id":33381,"href":"https:\/\/shop.swissphotoclub.com\/de\/wp-json\/wp\/v2\/product\/33344\/revisions\/33381"}],"wp:featuredmedia":[{"embeddable":true,"href":"https:\/\/shop.swissphotoclub.com\/de\/wp-json\/wp\/v2\/media\/33347"}],"wp:attachment":[{"href":"https:\/\/shop.swissphotoclub.com\/de\/wp-json\/wp\/v2\/media?parent=33344"}],"wp:term":[{"taxonomy":"product_brand","embeddable":true,"href":"https:\/\/shop.swissphotoclub.com\/de\/wp-json\/wp\/v2\/product_brand?post=33344"},{"taxonomy":"product_cat","embeddable":true,"href":"https:\/\/shop.swissphotoclub.com\/de\/wp-json\/wp\/v2\/product_cat?post=33344"},{"taxonomy":"product_tag","embeddable":true,"href":"https:\/\/shop.swissphotoclub.com\/de\/wp-json\/wp\/v2\/product_tag?post=33344"}],"curies":[{"name":"wp","href":"https:\/\/api.w.org\/{rel}","templated":true}]}}