{"id":33418,"date":"2024-10-27T14:31:56","date_gmt":"2024-10-27T13:31:56","guid":{"rendered":"https:\/\/shop.swissphotoclub.com\/product\/cobratether-usb-c-kabel-5m\/"},"modified":"2024-10-27T15:38:21","modified_gmt":"2024-10-27T14:38:21","slug":"cobratether-usb-c-kabel-5m","status":"publish","type":"product","link":"https:\/\/shop.swissphotoclub.com\/de\/produkt\/cobratether-usb-c-kabel-5m\/","title":{"rendered":"CobraTether USB-C Tether Kabel 5m 10GB"},"content":{"rendered":"<ul>\n<li>4,8 m<\/li>\n<li>USB-C 3.2<\/li>\n<li>Daten\u00fcbertragung bis zu 10Gb\/s<\/li>\n<li>Bis zu 100W Leistungsabgabe<\/li>\n<li>Bidirektional<\/li>\n<li>DisplayPort Video-Ausgang<\/li>\n<li>Aluminium-gesch\u00fctzte Anschl\u00fcsse<\/li>\n<li>1x gerader Stecker<\/li>\n<li>1x 90\u00b0 Stecker<\/li>\n<li>Klettverschluss f\u00fcr einfaches Packen<\/li>\n<\/ul>\n","protected":false},"excerpt":{"rendered":"<p>Das CobraTether 5M USB-C Kabel. Ein Kabel f\u00fcr professionelle Fotografen, Videofilmer und Digitaltechniker, die absolute Qualit\u00e4t und Funktion w\u00fcnschen. Es ist unser bisher schnellstes und bestes Kabel. Es funktioniert als Tetherkabel, als Stromkabel (bis zu 100W) oder als Videokabel (4K 60Hz). Dieses Kabel vereint alles, was Sie brauchen. Es funktioniert mit allen Kameras mit USB Typ-C Anschluss, verschiedenen Bildschirmen und vielen weiteren Ger\u00e4ten. Wir empfehlen, unsere Kabel mit der neuesten Firmware Ihrer Hard- und Software zu verwenden.    <\/p>\n","protected":false},"featured_media":33413,"template":"","meta":{"_crdt_document":""},"product_brand":[],"product_cat":[319],"product_tag":[],"class_list":{"0":"post-33418","1":"product","2":"type-product","3":"status-publish","4":"has-post-thumbnail","6":"product_cat-tether-anschluss","8":"first","9":"instock","10":"taxable","11":"shipping-taxable","12":"purchasable","13":"product-type-variable","14":"has-default-attributes"},"_links":{"self":[{"href":"https:\/\/shop.swissphotoclub.com\/de\/wp-json\/wp\/v2\/product\/33418","targetHints":{"allow":["GET"]}}],"collection":[{"href":"https:\/\/shop.swissphotoclub.com\/de\/wp-json\/wp\/v2\/product"}],"about":[{"href":"https:\/\/shop.swissphotoclub.com\/de\/wp-json\/wp\/v2\/types\/product"}],"version-history":[{"count":2,"href":"https:\/\/shop.swissphotoclub.com\/de\/wp-json\/wp\/v2\/product\/33418\/revisions"}],"predecessor-version":[{"id":33509,"href":"https:\/\/shop.swissphotoclub.com\/de\/wp-json\/wp\/v2\/product\/33418\/revisions\/33509"}],"wp:featuredmedia":[{"embeddable":true,"href":"https:\/\/shop.swissphotoclub.com\/de\/wp-json\/wp\/v2\/media\/33413"}],"wp:attachment":[{"href":"https:\/\/shop.swissphotoclub.com\/de\/wp-json\/wp\/v2\/media?parent=33418"}],"wp:term":[{"taxonomy":"product_brand","embeddable":true,"href":"https:\/\/shop.swissphotoclub.com\/de\/wp-json\/wp\/v2\/product_brand?post=33418"},{"taxonomy":"product_cat","embeddable":true,"href":"https:\/\/shop.swissphotoclub.com\/de\/wp-json\/wp\/v2\/product_cat?post=33418"},{"taxonomy":"product_tag","embeddable":true,"href":"https:\/\/shop.swissphotoclub.com\/de\/wp-json\/wp\/v2\/product_tag?post=33418"}],"curies":[{"name":"wp","href":"https:\/\/api.w.org\/{rel}","templated":true}]}}