{"id":33549,"date":"2024-10-27T16:00:11","date_gmt":"2024-10-27T15:00:11","guid":{"rendered":"https:\/\/shop.swissphotoclub.com\/product\/cobratether-20gb-usb-c-kabel-kurz\/"},"modified":"2024-10-27T16:00:11","modified_gmt":"2024-10-27T15:00:11","slug":"cobratether-20gb-usb-c-kabel-kurz","status":"publish","type":"product","link":"https:\/\/shop.swissphotoclub.com\/de\/produkt\/cobratether-20gb-usb-c-kabel-kurz\/","title":{"rendered":"CobraTether 20GB USB-C Kabel (kurz)"},"content":{"rendered":"<p>Das CobraTether 20GB USB-C-Kabel wurde f\u00fcr Profis und Techniker entwickelt, die ein H\u00f6chstma\u00df an Qualit\u00e4t und Leistung verlangen. Dieses Kabel ist das letzte USB-C-Kabel, das Sie jemals brauchen werden, denn es bietet un\u00fcbertroffene Geschwindigkeit und Funktionalit\u00e4t. Ob Sie gro\u00dfe Dateien mit unglaublichen <strong>20 Gbit\/s<\/strong> \u00fcbertragen, Ihre Ger\u00e4te mit <strong>100 W True Power Delivery<\/strong> aufladen oder Videos in atemberaubenden <strong>4K 60 Hz<\/strong>\u00fcbertragen <strong>&#8211; dieses<\/strong>Kabel macht alles mit. Die <strong>Metallanschl\u00fcsse<\/strong> sorgen f\u00fcr Langlebigkeit und das <strong>glatte Baumwollgeflecht<\/strong> f\u00fcr Flexibilit\u00e4t. Es ist so konstruiert, dass es starker Beanspruchung standh\u00e4lt und dabei Stil und Leistung beibeh\u00e4lt. Erh\u00e4ltlich in drei praktischen L\u00e4ngen &#8211; 0<strong>,3 m, 0,5 m und 1,2 m &#8211; ist es<\/strong>der perfekte Begleiter f\u00fcr <strong>SSDs, Tablets, Smartphones<\/strong> und mehr. Au\u00dferdem haben wir die Eigenschaften des Kabels auf dem Stecker eingraviert, damit Sie immer wissen, was Ihr Kabel leisten kann. Wir empfehlen, unsere Kabel mit der neuesten Firmware Ihrer Hard- und Software zu verwenden, um eine reibungslose Leistung auf allen Ger\u00e4ten zu gew\u00e4hrleisten.  <\/p>\n<ul>\n<li>Farbe: Schwarz<\/li>\n<li>0.3m (11,81&#8243;), 0.5m (19,69&#8243;) oder 1.2m (47,24&#8243;)<\/li>\n<li>USB-C 3.2<\/li>\n<li>Daten\u00fcbertragung mit bis zu 20Gb\/s<\/li>\n<li>4K 60Hz Video<\/li>\n<li>DisplayPort Aktiviert<\/li>\n<li>Bis zu 100W True Power Delivery<\/li>\n<li>Bidirektional<\/li>\n<li>Aluminium gesch\u00fctzte Steckverbinder<\/li>\n<li>Glattes Baumwollgeflecht<\/li>\n<li>Klettband zum Verpacken angebracht<\/li>\n<\/ul>\n","protected":false},"excerpt":{"rendered":"<ul>\n<li>Farbe: Schwarz<\/li>\n<li>30cm , 50cm oder 1,2m<\/li>\n<li>USB-C 3.2<\/li>\n<li>Daten\u00fcbertragung mit bis zu 20Gb\/s<\/li>\n<li>4K 60Hz Video<\/li>\n<li>DisplayPort Aktiviert<\/li>\n<li>Bis zu 100W True Power Delivery<\/li>\n<li>Bidirektional<\/li>\n<li>Aluminium gesch\u00fctzte Steckverbinder<\/li>\n<li>Glattes Baumwollgeflecht<\/li>\n<li>Klettband zum Verpacken angebracht<\/li>\n<\/ul>\n","protected":false},"featured_media":33540,"template":"","meta":{"_crdt_document":""},"product_brand":[],"product_cat":[319],"product_tag":[],"class_list":{"0":"post-33549","1":"product","2":"type-product","3":"status-publish","4":"has-post-thumbnail","6":"product_cat-tether-anschluss","8":"first","9":"instock","10":"taxable","11":"shipping-taxable","12":"purchasable","13":"product-type-variable"},"_links":{"self":[{"href":"https:\/\/shop.swissphotoclub.com\/de\/wp-json\/wp\/v2\/product\/33549","targetHints":{"allow":["GET"]}}],"collection":[{"href":"https:\/\/shop.swissphotoclub.com\/de\/wp-json\/wp\/v2\/product"}],"about":[{"href":"https:\/\/shop.swissphotoclub.com\/de\/wp-json\/wp\/v2\/types\/product"}],"version-history":[{"count":0,"href":"https:\/\/shop.swissphotoclub.com\/de\/wp-json\/wp\/v2\/product\/33549\/revisions"}],"wp:featuredmedia":[{"embeddable":true,"href":"https:\/\/shop.swissphotoclub.com\/de\/wp-json\/wp\/v2\/media\/33540"}],"wp:attachment":[{"href":"https:\/\/shop.swissphotoclub.com\/de\/wp-json\/wp\/v2\/media?parent=33549"}],"wp:term":[{"taxonomy":"product_brand","embeddable":true,"href":"https:\/\/shop.swissphotoclub.com\/de\/wp-json\/wp\/v2\/product_brand?post=33549"},{"taxonomy":"product_cat","embeddable":true,"href":"https:\/\/shop.swissphotoclub.com\/de\/wp-json\/wp\/v2\/product_cat?post=33549"},{"taxonomy":"product_tag","embeddable":true,"href":"https:\/\/shop.swissphotoclub.com\/de\/wp-json\/wp\/v2\/product_tag?post=33549"}],"curies":[{"name":"wp","href":"https:\/\/api.w.org\/{rel}","templated":true}]}}