{"id":33259,"date":"2024-10-09T17:01:30","date_gmt":"2024-10-09T15:01:30","guid":{"rendered":"https:\/\/shop.swissphotoclub.com\/options-de-paiement-spc-suisse\/"},"modified":"2026-01-15T12:03:00","modified_gmt":"2026-01-15T11:03:00","slug":"options-de-paiement-spc-suisse","status":"publish","type":"page","link":"https:\/\/shop.swissphotoclub.com\/fr\/options-de-paiement-spc-suisse\/","title":{"rendered":"Options de paiement : SPC Suisse"},"content":{"rendered":"\t\t<div data-elementor-type=\"wp-page\" data-elementor-id=\"33259\" class=\"elementor elementor-33259 elementor-33213\" data-elementor-post-type=\"page\">\n\t\t\t\t<div class=\"elementor-element elementor-element-3b023b29 e-con-full e-flex e-con e-parent\" data-id=\"3b023b29\" data-element_type=\"container\" data-e-type=\"container\">\n\t\t<div class=\"elementor-element elementor-element-9b87e4f e-flex e-con-boxed e-con e-child\" data-id=\"9b87e4f\" data-element_type=\"container\" data-e-type=\"container\">\n\t\t\t\t\t<div class=\"e-con-inner\">\n\t\t\t\t<div class=\"elementor-element elementor-element-7127e2ca elementor-widget elementor-widget-text-editor\" data-id=\"7127e2ca\" data-element_type=\"widget\" data-e-type=\"widget\" data-widget_type=\"text-editor.default\">\n\t\t\t\t<div class=\"elementor-widget-container\">\n\t\t\t\t\t\t\t\t\t<p>Bienvenue sur la page des options de paiement du Swiss Photo Club pour la Suisse !<\/p><p>Nous vous proposons plusieurs moyens s\u00fbrs et pratiques pour payer nos services et nos produits. <\/p><p>Voici la liste des options pour les services fournis par Swiss Photo Club Suisse. Si vous devez envoyer un paiement \u00e0 Swiss Photo Club Allemagne, veuillez consulter cette page.  <\/p>\t\t\t\t\t\t\t\t<\/div>\n\t\t\t\t<\/div>\n\t\t\t\t\t<\/div>\n\t\t\t\t<\/div>\n\t\t\t\t<\/div>\n\t\t<div class=\"elementor-element elementor-element-71d827a e-con-full e-flex e-con e-parent\" data-id=\"71d827a\" data-element_type=\"container\" data-e-type=\"container\">\n\t\t<div class=\"elementor-element elementor-element-960965a e-flex e-con-boxed e-con e-child\" data-id=\"960965a\" data-element_type=\"container\" data-e-type=\"container\" data-settings=\"{&quot;background_background&quot;:&quot;classic&quot;}\">\n\t\t\t\t\t<div class=\"e-con-inner\">\n\t\t\t\t<div class=\"elementor-element elementor-element-4a5c34b elementor-widget elementor-widget-heading\" data-id=\"4a5c34b\" data-element_type=\"widget\" data-e-type=\"widget\" data-widget_type=\"heading.default\">\n\t\t\t\t<div class=\"elementor-widget-container\">\n\t\t\t\t\t<h2 class=\"elementor-heading-title elementor-size-default\">Virement bancaire (CHF)<\/h2>\t\t\t\t<\/div>\n\t\t\t\t<\/div>\n\t\t\t\t<div class=\"elementor-element elementor-element-fb09c35 elementor-widget elementor-widget-text-editor\" data-id=\"fb09c35\" data-element_type=\"widget\" data-e-type=\"widget\" data-widget_type=\"text-editor.default\">\n\t\t\t\t<div class=\"elementor-widget-container\">\n\t\t\t\t\t\t\t\t\t<p><span style=\"text-align: var(--text-align); font-size: 1rem;\">Vous trouverez ci-dessous les coordonn\u00e9es de notre compte bancaire suisse (CHF). Pour les paiements internationaux dans d&rsquo;autres devises, nous vous recommandons d&rsquo;utiliser Wise ou Revolut.   <\/span><\/p><ul><li><b>Titulaire du compte<\/b>: Club photo suisse S\u00e0rl<\/li><li><b>Adresse<\/b>: 5 Rue Henri-Christin\u00e9, 1205 Gen\u00e8ve<\/li><li><b>IBAN<\/b>: CH570022622621059401U<\/li><li><b>BIC \/ SWIFT<\/b>: UBSWCHZH80A<\/li><\/ul>\t\t\t\t\t\t\t\t<\/div>\n\t\t\t\t<\/div>\n\t\t\t\t\t<\/div>\n\t\t\t\t<\/div>\n\t\t<div class=\"elementor-element elementor-element-863f84a e-flex e-con-boxed e-con e-child\" data-id=\"863f84a\" data-element_type=\"container\" data-e-type=\"container\">\n\t\t\t\t\t<div class=\"e-con-inner\">\n\t\t\t\t<div class=\"elementor-element elementor-element-df76b16 elementor-widget elementor-widget-heading\" data-id=\"df76b16\" data-element_type=\"widget\" data-e-type=\"widget\" data-widget_type=\"heading.default\">\n\t\t\t\t<div class=\"elementor-widget-container\">\n\t\t\t\t\t<h2 class=\"elementor-heading-title elementor-size-default\">TWINT (uniquement pour les comptes bancaires suisses)<\/h2>\t\t\t\t<\/div>\n\t\t\t\t<\/div>\n\t\t\t\t<div class=\"elementor-element elementor-element-58b559f elementor-widget elementor-widget-text-editor\" data-id=\"58b559f\" data-element_type=\"widget\" data-e-type=\"widget\" data-widget_type=\"text-editor.default\">\n\t\t\t\t<div class=\"elementor-widget-container\">\n\t\t\t\t\t\t\t\t\t<p><span style=\"text-align: var(--text-align);\">Veuillez utiliser le bouton ci-dessous pour envoyer votre paiement par TWINT :<\/span><\/p>\t\t\t\t\t\t\t\t<\/div>\n\t\t\t\t<\/div>\n\t\t\t\t<div class=\"elementor-element elementor-element-6640ea0 elementor-align-center elementor-widget elementor-widget-button\" data-id=\"6640ea0\" data-element_type=\"widget\" data-e-type=\"widget\" data-widget_type=\"button.default\">\n\t\t\t\t<div class=\"elementor-widget-container\">\n\t\t\t\t\t\t\t\t\t<div class=\"elementor-button-wrapper\">\n\t\t\t\t\t<a class=\"elementor-button elementor-button-link elementor-size-sm\" href=\"https:\/\/go.twint.ch\/1\/e\/tw?tw=acq.V8DGgOgyRFOCTfqok0kJ8JwfPrTf7d1tPCPVNlMEbls74rxwtq_-4APITjq4FkgZ.\" target=\"_blank\" rel=\"noopener\">\n\t\t\t\t\t\t<span class=\"elementor-button-content-wrapper\">\n\t\t\t\t\t\t\t\t\t<span class=\"elementor-button-text\">PAYER BY TWINT<\/span>\n\t\t\t\t\t<\/span>\n\t\t\t\t\t<\/a>\n\t\t\t\t<\/div>\n\t\t\t\t\t\t\t\t<\/div>\n\t\t\t\t<\/div>\n\t\t\t\t\t<\/div>\n\t\t\t\t<\/div>\n\t\t<div class=\"elementor-element elementor-element-0114cee e-flex e-con-boxed e-con e-child\" data-id=\"0114cee\" data-element_type=\"container\" data-e-type=\"container\" data-settings=\"{&quot;background_background&quot;:&quot;classic&quot;}\">\n\t\t\t\t\t<div class=\"e-con-inner\">\n\t\t\t\t<div class=\"elementor-element elementor-element-45126cf elementor-widget elementor-widget-heading\" data-id=\"45126cf\" data-element_type=\"widget\" data-e-type=\"widget\" data-widget_type=\"heading.default\">\n\t\t\t\t<div class=\"elementor-widget-container\">\n\t\t\t\t\t<h2 class=\"elementor-heading-title elementor-size-default\">Wise (recommand\u00e9 pour les paiements internationaux)<\/h2>\t\t\t\t<\/div>\n\t\t\t\t<\/div>\n\t\t\t\t<div class=\"elementor-element elementor-element-fc5c083 elementor-widget elementor-widget-text-editor\" data-id=\"fc5c083\" data-element_type=\"widget\" data-e-type=\"widget\" data-widget_type=\"text-editor.default\">\n\t\t\t\t<div class=\"elementor-widget-container\">\n\t\t\t\t\t\t\t\t\t<p><span style=\"text-align: var(--text-align); font-size: 1rem;\">Utilisez le code QR ou le bouton ci-dessous pour envoyer votre paiement sur le compte Swiss Photo Club Wise.<\/span><\/p>\t\t\t\t\t\t\t\t<\/div>\n\t\t\t\t<\/div>\n\t\t\t\t<div class=\"elementor-element elementor-element-cffd6c3 elementor-widget elementor-widget-image\" data-id=\"cffd6c3\" data-element_type=\"widget\" data-e-type=\"widget\" data-widget_type=\"image.default\">\n\t\t\t\t<div class=\"elementor-widget-container\">\n\t\t\t\t\t\t\t\t\t\t\t\t\t\t\t<img fetchpriority=\"high\" decoding=\"async\" width=\"300\" height=\"300\" src=\"https:\/\/shop.swissphotoclub.com\/wp-content\/uploads\/wise-quick-pay-qr-code-1.png\" class=\"attachment-large size-large wp-image-33220\" alt=\"\" srcset=\"https:\/\/shop.swissphotoclub.com\/wp-content\/uploads\/wise-quick-pay-qr-code-1.png 300w, https:\/\/shop.swissphotoclub.com\/wp-content\/uploads\/wise-quick-pay-qr-code-1-100x100.png 100w\" sizes=\"(max-width: 300px) 100vw, 300px\" \/>\t\t\t\t\t\t\t\t\t\t\t\t\t\t\t<\/div>\n\t\t\t\t<\/div>\n\t\t\t\t<div class=\"elementor-element elementor-element-c6571ad elementor-align-center elementor-widget elementor-widget-button\" data-id=\"c6571ad\" data-element_type=\"widget\" data-e-type=\"widget\" data-widget_type=\"button.default\">\n\t\t\t\t<div class=\"elementor-widget-container\">\n\t\t\t\t\t\t\t\t\t<div class=\"elementor-button-wrapper\">\n\t\t\t\t\t<a class=\"elementor-button elementor-button-link elementor-size-sm\" href=\"https:\/\/wise.com\/pay\/business\/swissphotoclubsarl\" target=\"_blank\" rel=\"noopener\">\n\t\t\t\t\t\t<span class=\"elementor-button-content-wrapper\">\n\t\t\t\t\t\t\t\t\t<span class=\"elementor-button-text\">Payez \u00e0 SPC Wise<\/span>\n\t\t\t\t\t<\/span>\n\t\t\t\t\t<\/a>\n\t\t\t\t<\/div>\n\t\t\t\t\t\t\t\t<\/div>\n\t\t\t\t<\/div>\n\t\t\t\t\t<\/div>\n\t\t\t\t<\/div>\n\t\t<div class=\"elementor-element elementor-element-7ed76a0 e-flex e-con-boxed e-con e-child\" data-id=\"7ed76a0\" data-element_type=\"container\" data-e-type=\"container\" data-settings=\"{&quot;background_background&quot;:&quot;classic&quot;}\">\n\t\t\t\t\t<div class=\"e-con-inner\">\n\t\t\t\t<div class=\"elementor-element elementor-element-dd04c58 elementor-widget elementor-widget-heading\" data-id=\"dd04c58\" data-element_type=\"widget\" data-e-type=\"widget\" data-widget_type=\"heading.default\">\n\t\t\t\t<div class=\"elementor-widget-container\">\n\t\t\t\t\t<h2 class=\"elementor-heading-title elementor-size-default\">Revolut<\/h2>\t\t\t\t<\/div>\n\t\t\t\t<\/div>\n\t\t\t\t<div class=\"elementor-element elementor-element-cf8a306 elementor-widget elementor-widget-text-editor\" data-id=\"cf8a306\" data-element_type=\"widget\" data-e-type=\"widget\" data-widget_type=\"text-editor.default\">\n\t\t\t\t<div class=\"elementor-widget-container\">\n\t\t\t\t\t\t\t\t\t<p>Utilisez le lien QR ci-dessous et suivez les instructions :<\/p>\t\t\t\t\t\t\t\t<\/div>\n\t\t\t\t<\/div>\n\t\t\t\t<div class=\"elementor-element elementor-element-43536a0 elementor-widget elementor-widget-image\" data-id=\"43536a0\" data-element_type=\"widget\" data-e-type=\"widget\" data-widget_type=\"image.default\">\n\t\t\t\t<div class=\"elementor-widget-container\">\n\t\t\t\t\t\t\t\t\t\t\t\t\t\t\t<img decoding=\"async\" width=\"768\" height=\"768\" data-src=\"https:\/\/shop.swissphotoclub.com\/wp-content\/uploads\/IMG_732B34D7E66C-1.jpeg\" class=\"attachment-large size-large wp-image-33897 lazyload\" alt=\"\" data-srcset=\"https:\/\/shop.swissphotoclub.com\/wp-content\/uploads\/IMG_732B34D7E66C-1.jpeg 768w, https:\/\/shop.swissphotoclub.com\/wp-content\/uploads\/IMG_732B34D7E66C-1-300x300.jpeg 300w, https:\/\/shop.swissphotoclub.com\/wp-content\/uploads\/IMG_732B34D7E66C-1-600x600.jpeg 600w, https:\/\/shop.swissphotoclub.com\/wp-content\/uploads\/IMG_732B34D7E66C-1-100x100.jpeg 100w\" data-sizes=\"(max-width: 768px) 100vw, 768px\" src=\"data:image\/svg+xml;base64,PHN2ZyB3aWR0aD0iMSIgaGVpZ2h0PSIxIiB4bWxucz0iaHR0cDovL3d3dy53My5vcmcvMjAwMC9zdmciPjwvc3ZnPg==\" style=\"--smush-placeholder-width: 768px; --smush-placeholder-aspect-ratio: 768\/768;\" \/>\t\t\t\t\t\t\t\t\t\t\t\t\t\t\t<\/div>\n\t\t\t\t<\/div>\n\t\t\t\t\t<\/div>\n\t\t\t\t<\/div>\n\t\t<div class=\"elementor-element elementor-element-cf039e5 e-flex e-con-boxed e-con e-child\" data-id=\"cf039e5\" data-element_type=\"container\" data-e-type=\"container\" data-settings=\"{&quot;background_background&quot;:&quot;classic&quot;}\">\n\t\t\t\t\t<div class=\"e-con-inner\">\n\t\t\t\t<div class=\"elementor-element elementor-element-c5f90f0 elementor-widget elementor-widget-heading\" data-id=\"c5f90f0\" data-element_type=\"widget\" data-e-type=\"widget\" data-widget_type=\"heading.default\">\n\t\t\t\t<div class=\"elementor-widget-container\">\n\t\t\t\t\t<h2 class=\"elementor-heading-title elementor-size-default\">PayPal<\/h2>\t\t\t\t<\/div>\n\t\t\t\t<\/div>\n\t\t\t\t<div class=\"elementor-element elementor-element-91819dc elementor-widget elementor-widget-text-editor\" data-id=\"91819dc\" data-element_type=\"widget\" data-e-type=\"widget\" data-widget_type=\"text-editor.default\">\n\t\t\t\t<div class=\"elementor-widget-container\">\n\t\t\t\t\t\t\t\t\t<p><span style=\"font-size: 1rem; text-align: var(--text-align);\">S\u00e9lectionnez PayPal lors de la commande et suivez les instructions.<\/span><\/p><p><span style=\"font-size: 1rem; text-align: var(--text-align);\">En cas de probl\u00e8me, vous pouvez \u00e9galement envoyer le montant exact sur notre compte PayPal en utilisant le code QR ou le bouton ci-dessous :<\/span><\/p>\t\t\t\t\t\t\t\t<\/div>\n\t\t\t\t<\/div>\n\t\t\t\t<div class=\"elementor-element elementor-element-b9b5dbc elementor-widget elementor-widget-image\" data-id=\"b9b5dbc\" data-element_type=\"widget\" data-e-type=\"widget\" data-widget_type=\"image.default\">\n\t\t\t\t<div class=\"elementor-widget-container\">\n\t\t\t\t\t\t\t\t\t\t\t\t\t\t\t<img decoding=\"async\" width=\"500\" height=\"500\" data-src=\"https:\/\/shop.swissphotoclub.com\/wp-content\/uploads\/qrcode.png\" class=\"attachment-large size-large wp-image-33223 lazyload\" alt=\"\" data-srcset=\"https:\/\/shop.swissphotoclub.com\/wp-content\/uploads\/qrcode.png 500w, https:\/\/shop.swissphotoclub.com\/wp-content\/uploads\/qrcode-300x300.png 300w, https:\/\/shop.swissphotoclub.com\/wp-content\/uploads\/qrcode-100x100.png 100w\" data-sizes=\"(max-width: 500px) 100vw, 500px\" src=\"data:image\/svg+xml;base64,PHN2ZyB3aWR0aD0iMSIgaGVpZ2h0PSIxIiB4bWxucz0iaHR0cDovL3d3dy53My5vcmcvMjAwMC9zdmciPjwvc3ZnPg==\" style=\"--smush-placeholder-width: 500px; --smush-placeholder-aspect-ratio: 500\/500;\" \/>\t\t\t\t\t\t\t\t\t\t\t\t\t\t\t<\/div>\n\t\t\t\t<\/div>\n\t\t\t\t<div class=\"elementor-element elementor-element-8c4ee69 elementor-align-center elementor-widget elementor-widget-button\" data-id=\"8c4ee69\" data-element_type=\"widget\" data-e-type=\"widget\" data-widget_type=\"button.default\">\n\t\t\t\t<div class=\"elementor-widget-container\">\n\t\t\t\t\t\t\t\t\t<div class=\"elementor-button-wrapper\">\n\t\t\t\t\t<a class=\"elementor-button elementor-button-link elementor-size-sm\" href=\"https:\/\/paypal.me\/spcch\" target=\"_blank\" rel=\"noopener\">\n\t\t\t\t\t\t<span class=\"elementor-button-content-wrapper\">\n\t\t\t\t\t\t\t\t\t<span class=\"elementor-button-text\">Payez \u00e0 SPC PayPal<\/span>\n\t\t\t\t\t<\/span>\n\t\t\t\t\t<\/a>\n\t\t\t\t<\/div>\n\t\t\t\t\t\t\t\t<\/div>\n\t\t\t\t<\/div>\n\t\t\t\t\t<\/div>\n\t\t\t\t<\/div>\n\t\t<div class=\"elementor-element elementor-element-490e75a e-flex e-con-boxed e-con e-child\" data-id=\"490e75a\" data-element_type=\"container\" data-e-type=\"container\">\n\t\t\t\t\t<div class=\"e-con-inner\">\n\t\t\t\t<div class=\"elementor-element elementor-element-b2d0771 elementor-widget elementor-widget-heading\" data-id=\"b2d0771\" data-element_type=\"widget\" data-e-type=\"widget\" data-widget_type=\"heading.default\">\n\t\t\t\t<div class=\"elementor-widget-container\">\n\t\t\t\t\t<h2 class=\"elementor-heading-title elementor-size-default\">Carte de cr\u00e9dit<\/h2>\t\t\t\t<\/div>\n\t\t\t\t<\/div>\n\t\t\t\t<div class=\"elementor-element elementor-element-f35b83b elementor-widget elementor-widget-text-editor\" data-id=\"f35b83b\" data-element_type=\"widget\" data-e-type=\"widget\" data-widget_type=\"text-editor.default\">\n\t\t\t\t<div class=\"elementor-widget-container\">\n\t\t\t\t\t\t\t\t\t<p><span style=\"text-align: var(--text-align); font-size: 1rem;\">S\u00e9lectionnez une carte de cr\u00e9dit lors du paiement. Si vous rencontrez des probl\u00e8mes, veuillez nous contacter pour demander un lien de paiement. <\/span><\/p>\t\t\t\t\t\t\t\t<\/div>\n\t\t\t\t<\/div>\n\t\t\t\t\t<\/div>\n\t\t\t\t<\/div>\n\t\t\t\t<\/div>\n\t\t\t\t<\/div>\n\t\t","protected":false},"excerpt":{"rendered":"<p>Bienvenue sur la page des options de paiement du Swiss Photo Club pour la Suisse ! Nous vous proposons plusieurs moyens s\u00fbrs et pratiques pour payer nos services et nos produits. Voici la liste des options pour les services fournis par Swiss Photo Club Suisse. Si vous devez envoyer un paiement \u00e0 Swiss Photo Club [&hellip;]<\/p>\n","protected":false},"author":1,"featured_media":0,"parent":0,"menu_order":0,"comment_status":"closed","ping_status":"closed","template":"","meta":{"_crdt_document":"","footnotes":""},"class_list":["post-33259","page","type-page","status-publish","hentry"],"_links":{"self":[{"href":"https:\/\/shop.swissphotoclub.com\/fr\/wp-json\/wp\/v2\/pages\/33259","targetHints":{"allow":["GET"]}}],"collection":[{"href":"https:\/\/shop.swissphotoclub.com\/fr\/wp-json\/wp\/v2\/pages"}],"about":[{"href":"https:\/\/shop.swissphotoclub.com\/fr\/wp-json\/wp\/v2\/types\/page"}],"author":[{"embeddable":true,"href":"https:\/\/shop.swissphotoclub.com\/fr\/wp-json\/wp\/v2\/users\/1"}],"replies":[{"embeddable":true,"href":"https:\/\/shop.swissphotoclub.com\/fr\/wp-json\/wp\/v2\/comments?post=33259"}],"version-history":[{"count":9,"href":"https:\/\/shop.swissphotoclub.com\/fr\/wp-json\/wp\/v2\/pages\/33259\/revisions"}],"predecessor-version":[{"id":33898,"href":"https:\/\/shop.swissphotoclub.com\/fr\/wp-json\/wp\/v2\/pages\/33259\/revisions\/33898"}],"wp:attachment":[{"href":"https:\/\/shop.swissphotoclub.com\/fr\/wp-json\/wp\/v2\/media?parent=33259"}],"curies":[{"name":"wp","href":"https:\/\/api.w.org\/{rel}","templated":true}]}}