{"id":33739,"date":"2025-06-12T11:49:35","date_gmt":"2025-06-12T09:49:35","guid":{"rendered":"https:\/\/shop.swissphotoclub.com\/location-de-materiel-photo-professionnel-en-suisse\/"},"modified":"2025-06-12T15:18:19","modified_gmt":"2025-06-12T13:18:19","slug":"location-de-materiel-photo-professionnel-en-suisse","status":"publish","type":"page","link":"https:\/\/shop.swissphotoclub.com\/fr\/location-de-materiel-photo-professionnel-en-suisse\/","title":{"rendered":"Location de Mat\u00e9riel Photo Professionnel en Suisse"},"content":{"rendered":"\t\t<div data-elementor-type=\"wp-page\" data-elementor-id=\"33739\" class=\"elementor elementor-33739 elementor-33667\" data-elementor-post-type=\"page\">\n\t\t\t\t<div class=\"elementor-element elementor-element-206b1e5 e-flex e-con-boxed e-con e-parent\" data-id=\"206b1e5\" data-element_type=\"container\" data-e-type=\"container\" data-settings=\"{&quot;background_background&quot;:&quot;classic&quot;}\">\n\t\t\t\t\t<div class=\"e-con-inner\">\n\t\t<div class=\"elementor-element elementor-element-f47e372 e-con-full e-flex e-con e-child\" data-id=\"f47e372\" data-element_type=\"container\" data-e-type=\"container\">\n\t\t\t\t<div class=\"elementor-element elementor-element-2b699bd elementor-widget elementor-widget-heading\" data-id=\"2b699bd\" data-element_type=\"widget\" data-e-type=\"widget\" data-widget_type=\"heading.default\">\n\t\t\t\t<div class=\"elementor-widget-container\">\n\t\t\t\t\t<h1 class=\"elementor-heading-title elementor-size-default\">Location de mat\u00e9riel photographique par Swiss Photo Club<\/h1>\t\t\t\t<\/div>\n\t\t\t\t<\/div>\n\t\t\t\t<div class=\"elementor-element elementor-element-9401cc7 elementor-widget elementor-widget-text-editor\" data-id=\"9401cc7\" data-element_type=\"widget\" data-e-type=\"widget\" data-widget_type=\"text-editor.default\">\n\t\t\t\t<div class=\"elementor-widget-container\">\n\t\t\t\t\t\t\t\t\t<p>Suisse : Gen\u00e8ve, Z\u00fcrich<\/p>\t\t\t\t\t\t\t\t<\/div>\n\t\t\t\t<\/div>\n\t\t\t\t<\/div>\n\t\t\t\t\t<\/div>\n\t\t\t\t<\/div>\n\t\t<div class=\"elementor-element elementor-element-366b4366 e-flex e-con-boxed e-con e-parent\" data-id=\"366b4366\" data-element_type=\"container\" data-e-type=\"container\">\n\t\t\t\t\t<div class=\"e-con-inner\">\n\t\t\t\t<div class=\"elementor-element elementor-element-001ec0f elementor-widget elementor-widget-heading\" data-id=\"001ec0f\" data-element_type=\"widget\" data-e-type=\"widget\" data-widget_type=\"heading.default\">\n\t\t\t\t<div class=\"elementor-widget-container\">\n\t\t\t\t\t<h2 class=\"elementor-heading-title elementor-size-default\">Pourquoi Louer du Mat\u00e9riel Photo Plut\u00f4t que d'Acheter ?<\/h2>\t\t\t\t<\/div>\n\t\t\t\t<\/div>\n\t\t\t\t<div class=\"elementor-element elementor-element-182469e elementor-widget elementor-widget-text-editor\" data-id=\"182469e\" data-element_type=\"widget\" data-e-type=\"widget\" data-widget_type=\"text-editor.default\">\n\t\t\t\t<div class=\"elementor-widget-container\">\n\t\t\t\t\t\t\t\t\t<p>La location de mat\u00e9riel photographique offre une flexibilit\u00e9 et une rentabilit\u00e9 in\u00e9gal\u00e9es pour les photographes de toute la Suisse. Que vous soyez photographe professionnel \u00e0 Gen\u00e8ve ou \u00e0 Zurich, ou passionn\u00e9 cherchant \u00e0 capturer la photo parfaite, la location d&rsquo;\u00e9quipement vous donne acc\u00e8s \u00e0 du mat\u00e9riel haut de gamme sans investissement initial consid\u00e9rable. <\/p>\t\t\t\t\t\t\t\t<\/div>\n\t\t\t\t<\/div>\n\t\t\t\t<div class=\"elementor-element elementor-element-c5bbc24 elementor-widget elementor-widget-heading\" data-id=\"c5bbc24\" data-element_type=\"widget\" data-e-type=\"widget\" data-widget_type=\"heading.default\">\n\t\t\t\t<div class=\"elementor-widget-container\">\n\t\t\t\t\t<h3 class=\"elementor-heading-title elementor-size-default\">Le Choix Intelligent pour les Photographes Modernes<\/h3>\t\t\t\t<\/div>\n\t\t\t\t<\/div>\n\t\t\t\t<div class=\"elementor-element elementor-element-eb502e6 elementor-widget elementor-widget-text-editor\" data-id=\"eb502e6\" data-element_type=\"widget\" data-e-type=\"widget\" data-widget_type=\"text-editor.default\">\n\t\t\t\t<div class=\"elementor-widget-container\">\n\t\t\t\t\t\t\t\t\t<p class=\"whitespace-normal break-words\"><strong>Solutions \u00e9conomiques<\/strong>: Le mat\u00e9riel photo professionnel peut co\u00fbter des milliers de francs. La location d&rsquo;appareils photo et la location de flash vous permettent d&rsquo;acc\u00e9der aux syst\u00e8mes d&rsquo;\u00e9clairage Profoto premium, aux appareils Nikon et Canon professionnels, et aux objectifs haute qualit\u00e9 pour une fraction du prix d&rsquo;achat. C&rsquo;est particuli\u00e8rement avantageux pour une utilisation occasionnelle, des projets sp\u00e9ciaux, ou pour tester du nouveau mat\u00e9riel avant un achat.  <\/p><p class=\"whitespace-normal break-words\"><strong>Acc\u00e8s aux derni\u00e8res technologies<\/strong>: La technologie photographique \u00e9volue rapidement. En choisissant la location d&rsquo;\u00e9quipement, vous travaillez toujours avec les mod\u00e8les les plus r\u00e9cents et les fonctionnalit\u00e9s de pointe. Du dernier bo\u00eetier Nikon Z8 aux syst\u00e8mes de flash Profoto B10X Plus avanc\u00e9s, la location garantit que vous ne travaillez jamais avec du mat\u00e9riel obsol\u00e8te.  <\/p><p class=\"whitespace-normal break-words\"><strong>Aucun Souci de Maintenance<\/strong>: Le mat\u00e9riel photo professionnel n\u00e9cessite un entretien r\u00e9gulier, un \u00e9talonnage et un stockage appropri\u00e9. Quand vous louez, toutes les responsabilit\u00e9s de maintenance nous incombent, vous assurant de recevoir un \u00e9quipement parfaitement fonctionnel et calibr\u00e9 \u00e0 chaque fois. <\/p><p class=\"whitespace-normal break-words\"><strong>Essayez avant d&rsquo;acheter<\/strong>: Vous envisagez un achat important ? La location d&rsquo;appareils photo et d&rsquo;objectifs offre l&rsquo;opportunit\u00e9 parfaite de tester minutieusement l&rsquo;\u00e9quipement dans des conditions r\u00e9elles avant de vous engager dans un achat. <\/p>\t\t\t\t\t\t\t\t<\/div>\n\t\t\t\t<\/div>\n\t\t\t\t<div class=\"elementor-element elementor-element-c9acf7a elementor-widget elementor-widget-heading\" data-id=\"c9acf7a\" data-element_type=\"widget\" data-e-type=\"widget\" data-widget_type=\"heading.default\">\n\t\t\t\t<div class=\"elementor-widget-container\">\n\t\t\t\t\t<h3 class=\"elementor-heading-title elementor-size-default\">Parfait pour tous les besoins photographiques<\/h3>\t\t\t\t<\/div>\n\t\t\t\t<\/div>\n\t\t\t\t<div class=\"elementor-element elementor-element-2e485603 elementor-widget elementor-widget-text-editor\" data-id=\"2e485603\" data-element_type=\"widget\" data-e-type=\"widget\" data-widget_type=\"text-editor.default\">\n\t\t\t\t<div class=\"elementor-widget-container\">\n\t\t\t\t\t\t\t\t\t<p class=\"whitespace-normal break-words\">Notre inventaire complet de location dessert les photographes dans toute la Suisse, avec des points de ramassage pratiques \u00e0 Gen\u00e8ve et \u00e0 Zurich. Que vous ayez besoin de : <\/p><ul class=\"[&amp;:not(:last-child)_ul]:pb-1 [&amp;:not(:last-child)_ol]:pb-1 list-disc space-y-1.5 pl-7\"><li class=\"whitespace-normal break-words\"><strong>\u00c9clairage de studio professionnel<\/strong> avec syst\u00e8mes de flashes et modificateurs Profoto complets<\/li><li class=\"whitespace-normal break-words\"><strong>Appareils photo haut de gamme<\/strong>, notamment les derniers Nikon Z8 et Canon EOS 5D Mark IV<\/li><li class=\"whitespace-normal break-words\"><strong>Objectifs de qualit\u00e9 sup\u00e9rieure<\/strong>, du grand angle au t\u00e9l\u00e9objectif, y compris des zooms professionnels f\/2,8<\/li><li class=\"whitespace-normal break-words\"><strong>Drones de<\/strong> DJI Mini et Mavic Pro<\/li><li class=\"whitespace-normal break-words\"><strong>Accessoires de studio<\/strong>, y compris supports, tr\u00e9pieds et syst\u00e8mes d&rsquo;arri\u00e8re-plan<\/li><li class=\"whitespace-normal break-words\"><strong>Mat\u00e9riel de vid\u00e9ographie<\/strong> avec solutions professionnelles d&rsquo;\u00e9clairage constant par LED<\/li><\/ul>\t\t\t\t\t\t\t\t<\/div>\n\t\t\t\t<\/div>\n\t\t\t\t<div class=\"elementor-element elementor-element-6bbc785 elementor-widget elementor-widget-heading\" data-id=\"6bbc785\" data-element_type=\"widget\" data-e-type=\"widget\" data-widget_type=\"heading.default\">\n\t\t\t\t<div class=\"elementor-widget-container\">\n\t\t\t\t\t<h2 class=\"elementor-heading-title elementor-size-default\">Au service de la communaut\u00e9 photographique suisse<\/h2>\t\t\t\t<\/div>\n\t\t\t\t<\/div>\n\t\t\t\t<div class=\"elementor-element elementor-element-38adabc elementor-widget elementor-widget-text-editor\" data-id=\"38adabc\" data-element_type=\"widget\" data-e-type=\"widget\" data-widget_type=\"text-editor.default\">\n\t\t\t\t<div class=\"elementor-widget-container\">\n\t\t\t\t\t\t\t\t\t<p class=\"whitespace-normal break-words\">Bas\u00e9s \u00e0 Gen\u00e8ve et \u00e0 Zurich, nous comprenons les besoins uniques des photographes suisses. Des s\u00e9ances de photographie d&rsquo;entreprise aux s\u00e9ances de photos de mariage, de la photographie de mode aux exp\u00e9ditions paysag\u00e8res dans les Alpes suisses, notre service de location de mat\u00e9riel vous offre un acc\u00e8s fiable \u00e0 du mat\u00e9riel de qualit\u00e9 professionnelle. <\/p><p class=\"whitespace-normal break-words\">Qu&rsquo;il s&rsquo;agisse d&rsquo;un \u00e9v\u00e9nement d&rsquo;entreprise d&rsquo;une journ\u00e9e, d&rsquo;un mariage de plusieurs jours ou de projets cr\u00e9atifs, nos p\u00e9riodes de location flexibles et notre vaste s\u00e9lection d&rsquo;\u00e9quipements vous garantissent d&rsquo;avoir exactement ce dont vous avez besoin, quand vous en avez besoin.<\/p>\t\t\t\t\t\t\t\t<\/div>\n\t\t\t\t<\/div>\n\t\t\t\t<div class=\"elementor-element elementor-element-3873543 elementor-widget-divider--view-line elementor-widget elementor-widget-divider\" data-id=\"3873543\" data-element_type=\"widget\" data-e-type=\"widget\" data-widget_type=\"divider.default\">\n\t\t\t\t<div class=\"elementor-widget-container\">\n\t\t\t\t\t\t\t<div class=\"elementor-divider\">\n\t\t\t<span class=\"elementor-divider-separator\">\n\t\t\t\t\t\t<\/span>\n\t\t<\/div>\n\t\t\t\t\t\t<\/div>\n\t\t\t\t<\/div>\n\t\t\t\t\t<\/div>\n\t\t\t\t<\/div>\n\t\t<div class=\"elementor-element elementor-element-2e64b84 e-flex e-con-boxed e-con e-parent\" data-id=\"2e64b84\" data-element_type=\"container\" data-e-type=\"container\">\n\t\t\t\t\t<div class=\"e-con-inner\">\n\t\t\t\t<div class=\"elementor-element elementor-element-d4dc010 elementor-widget elementor-widget-heading\" data-id=\"d4dc010\" data-element_type=\"widget\" data-e-type=\"widget\" data-widget_type=\"heading.default\">\n\t\t\t\t<div class=\"elementor-widget-container\">\n\t\t\t\t\t<h2 class=\"elementor-heading-title elementor-size-default\">Tarifs Location d'\u00c9quipement<\/h2>\t\t\t\t<\/div>\n\t\t\t\t<\/div>\n\t\t\t\t<div class=\"elementor-element elementor-element-17dfafb elementor-widget elementor-widget-text-editor\" data-id=\"17dfafb\" data-element_type=\"widget\" data-e-type=\"widget\" data-widget_type=\"text-editor.default\">\n\t\t\t\t<div class=\"elementor-widget-container\">\n\t\t\t\t\t\t\t\t\t<p>Vous trouverez ci-dessous les prix de location de notre mat\u00e9riel. La disponibilit\u00e9 du mat\u00e9riel peut varier en fonction de la ville et de la p\u00e9riode de location. <\/p><p>Pour v\u00e9rifier la disponibilit\u00e9 et commander la location, il <a href=\"https:\/\/shop.swissphotoclub.com\/fr\/contact\/\">vous suffit de nous envoyer un message via notre formulaire de contact<\/a> en indiquant vos coordonn\u00e9es, votre lieu de r\u00e9sidence et le mat\u00e9riel que vous souhaitez louer.&nbsp;<\/p>\t\t\t\t\t\t\t\t<\/div>\n\t\t\t\t<\/div>\n\t\t\t\t<div class=\"elementor-element elementor-element-077b61a elementor-widget elementor-widget-heading\" data-id=\"077b61a\" data-element_type=\"widget\" data-e-type=\"widget\" data-widget_type=\"heading.default\">\n\t\t\t\t<div class=\"elementor-widget-container\">\n\t\t\t\t\t<h4 class=\"elementor-heading-title elementor-size-default\">Calculer les prix de location<\/h4>\t\t\t\t<\/div>\n\t\t\t\t<\/div>\n\t\t\t\t<div class=\"elementor-element elementor-element-411ce03 elementor-widget elementor-widget-text-editor\" data-id=\"411ce03\" data-element_type=\"widget\" data-e-type=\"widget\" data-widget_type=\"text-editor.default\">\n\t\t\t\t<div class=\"elementor-widget-container\">\n\t\t\t\t\t\t\t\t\t<ul><li>3-5 jours de location : 3-5 x 1 jour prix moins 20% de r\u00e9duction<\/li><li>6-9 jours de location : 6-9 x 1 jour prix moins 30% de r\u00e9duction<\/li><li>10-14 jours de location : 10-14 x 1 jour prix moins 40% de r\u00e9duction<\/li><li>A partir de 15 jours de location : prix de location selon accord<\/li><\/ul><p>Le week-end est calcul\u00e9 comme un jour de location et commence le vendredi \u00e0 16 heures et se termine le lundi \u00e0 9 heures.<\/p>\t\t\t\t\t\t\t\t<\/div>\n\t\t\t\t<\/div>\n\t\t\t\t<div class=\"elementor-element elementor-element-fb20edb elementor-align-center elementor-widget elementor-widget-button\" data-id=\"fb20edb\" data-element_type=\"widget\" data-e-type=\"widget\" data-widget_type=\"button.default\">\n\t\t\t\t<div class=\"elementor-widget-container\">\n\t\t\t\t\t\t\t\t\t<div class=\"elementor-button-wrapper\">\n\t\t\t\t\t<a class=\"elementor-button elementor-button-link elementor-size-sm\" href=\"https:\/\/shop.swissphotoclub.com\/fr\/contact\/\">\n\t\t\t\t\t\t<span class=\"elementor-button-content-wrapper\">\n\t\t\t\t\t\t\t\t\t<span class=\"elementor-button-text\">contactez-nous pour un devis<\/span>\n\t\t\t\t\t<\/span>\n\t\t\t\t\t<\/a>\n\t\t\t\t<\/div>\n\t\t\t\t\t\t\t\t<\/div>\n\t\t\t\t<\/div>\n\t\t\t\t\t<\/div>\n\t\t\t\t<\/div>\n\t\t<div class=\"elementor-element elementor-element-6a59e22 e-flex e-con-boxed e-con e-parent\" data-id=\"6a59e22\" data-element_type=\"container\" data-e-type=\"container\">\n\t\t\t\t\t<div class=\"e-con-inner\">\n\t\t\t\t<div class=\"elementor-element elementor-element-fce7247 elementor-widget elementor-widget-shortcode\" data-id=\"fce7247\" data-element_type=\"widget\" data-e-type=\"widget\" data-widget_type=\"shortcode.default\">\n\t\t\t\t<div class=\"elementor-widget-container\">\n\t\t\t\t\t\t\t<div class=\"elementor-shortcode\"><style>\n       .errordiv { padding:10px; margin:10px; border: 1px solid #555555;color: #000000;background-color: #f8f8f8; width:500px; }#advanced_iframe {visibility:visible;opacity:1;vertical-align:top;}.ai-info-bottom-iframe { position: fixed; z-index: 10000; bottom:0; left: 0; margin: 0px; text-align: center; width: 100%; background-color: #ff9999; padding-left: 5px;padding-bottom: 5px; border-top: 1px solid #aaa } a.ai-bold {font-weight: bold;}#ai-layer-div-advanced_iframe p {height:100%;margin:0;padding:0}<\/style><script type=\"text\/javascript\">var ai_iframe_width_advanced_iframe = 0;var ai_iframe_height_advanced_iframe = 0;function aiReceiveMessageadvanced_iframe(event) {  aiProcessMessage(event,\"advanced_iframe\", \"true\",\"\",\"false\",\"false\");}if (window.addEventListener) {  window.addEventListener(\"message\", aiReceiveMessageadvanced_iframe);} else if (el.attachEvent)  {  el.attachEvent(\"message\", aiReceiveMessageadvanced_iframe);}var aiOnloadScrollTop=\"true\";var aiShowDebug=false;\n\t\tif (typeof aiReadyCallbacks === 'undefined') {\n\t\t\tvar aiReadyCallbacks = [];\n\t\t} else if (!(aiReadyCallbacks instanceof Array)) {\n\t\t\tvar aiReadyCallbacks = [];\n\t\t}    function aiShowIframeId(id_iframe) { jQuery(\"#\"+id_iframe).css(\"visibility\", \"visible\");    }    function aiResizeIframeHeight(height) { aiResizeIframeHeight(height,advanced_iframe); }    function aiResizeIframeHeightId(height,width,id) {aiResizeIframeHeightById(id,height);}<\/script><iframe id=\"advanced_iframe\"  name=\"advanced_iframe\"  data-src=\"\/\/docs.google.com\/spreadsheets\/d\/e\/2PACX-1vSrY0oEEdXgaGkovVzWsjqQ84T5MshSfGfckVrW5sEav-oBp8HfHhwFW4_lJxcR9g0Stz-C6fQkAtsV\/pubhtml?gid=1864807219&#038;single=true&#038;widget=true&#038;headers=false\"  width=\"700\"  height=\"1600\"  frameborder=\"0\"  border=\"0\"  allowtransparency=\"true\"   style=\";border-width: 0px;;border: none;;width:700px;;height:1600px;\"  src=\"data:image\/svg+xml;base64,PHN2ZyB3aWR0aD0iMSIgaGVpZ2h0PSIxIiB4bWxucz0iaHR0cDovL3d3dy53My5vcmcvMjAwMC9zdmciPjwvc3ZnPg==\" class=\"lazyload\" data-load-mode=\"1\"><\/iframe><script type=\"text\/javascript\">var ifrm_advanced_iframe = document.getElementById(\"advanced_iframe\");var hiddenTabsDoneadvanced_iframe = false;\nfunction resizeCallbackadvanced_iframe() {}<\/script><script type=\"text\/javascript\"><\/script><p style=\"display:block !important; visibility:visible !important;margin: -18px 14px 0 0;padding-left: 3px;padding-top:3px;background: white; overflow: hidden; position: relative; line-height:15px;width: fit-content;\"><small style=\"display:block !important;visibility:visible !important\">powered by Advanced iFrame<\/small><\/p><\/div>\n\t\t\t\t\t\t<\/div>\n\t\t\t\t<\/div>\n\t\t\t\t\t<\/div>\n\t\t\t\t<\/div>\n\t\t\t\t<\/div>\n\t\t","protected":false},"excerpt":{"rendered":"<p>Location de mat\u00e9riel photographique par Swiss Photo Club Suisse : Gen\u00e8ve, Z\u00fcrich Pourquoi Louer du Mat\u00e9riel Photo Plut\u00f4t que d&rsquo;Acheter ? La location de mat\u00e9riel photographique offre une flexibilit\u00e9 et une rentabilit\u00e9 in\u00e9gal\u00e9es pour les photographes de toute la Suisse. Que vous soyez photographe professionnel \u00e0 Gen\u00e8ve ou \u00e0 Zurich, ou passionn\u00e9 cherchant \u00e0 capturer [&hellip;]<\/p>\n","protected":false},"author":1,"featured_media":0,"parent":0,"menu_order":0,"comment_status":"closed","ping_status":"closed","template":"","meta":{"_crdt_document":"","footnotes":""},"class_list":["post-33739","page","type-page","status-publish","hentry"],"_links":{"self":[{"href":"https:\/\/shop.swissphotoclub.com\/fr\/wp-json\/wp\/v2\/pages\/33739","targetHints":{"allow":["GET"]}}],"collection":[{"href":"https:\/\/shop.swissphotoclub.com\/fr\/wp-json\/wp\/v2\/pages"}],"about":[{"href":"https:\/\/shop.swissphotoclub.com\/fr\/wp-json\/wp\/v2\/types\/page"}],"author":[{"embeddable":true,"href":"https:\/\/shop.swissphotoclub.com\/fr\/wp-json\/wp\/v2\/users\/1"}],"replies":[{"embeddable":true,"href":"https:\/\/shop.swissphotoclub.com\/fr\/wp-json\/wp\/v2\/comments?post=33739"}],"version-history":[{"count":1,"href":"https:\/\/shop.swissphotoclub.com\/fr\/wp-json\/wp\/v2\/pages\/33739\/revisions"}],"predecessor-version":[{"id":33740,"href":"https:\/\/shop.swissphotoclub.com\/fr\/wp-json\/wp\/v2\/pages\/33739\/revisions\/33740"}],"wp:attachment":[{"href":"https:\/\/shop.swissphotoclub.com\/fr\/wp-json\/wp\/v2\/media?parent=33739"}],"curies":[{"name":"wp","href":"https:\/\/api.w.org\/{rel}","templated":true}]}}