{"id":30237,"date":"2022-10-13T14:57:09","date_gmt":"2022-10-13T12:57:09","guid":{"rendered":"https:\/\/shop.swissphotoclub.com\/?post_type=product&#038;p=30237"},"modified":"2022-10-20T12:57:55","modified_gmt":"2022-10-20T10:57:55","slug":"harnais-blackrapid-double-breathe","status":"publish","type":"product","link":"https:\/\/shop.swissphotoclub.com\/fr\/produit\/harnais-blackrapid-double-breathe\/","title":{"rendered":"Harnais BlackRapid Double Breathe"},"content":{"rendered":"<p>La marque Blackrapid propose les populaires sangles R-Strap dans une nouvelle \u00e9dition perfectionn\u00e9e. Les nouvelles sangles sont plus l\u00e9g\u00e8res, plus fonctionnelles et plus respirantes que leurs pr\u00e9d\u00e9cesseurs. Le Double Slim est la version plus \u00e9troite du Double. Il est sp\u00e9cialement con\u00e7u pour les photographes plus \u00e9troits. Le Double Slim est \u00e9galement plus adapt\u00e9 aux appareils photo de petite et moyenne taille. Les appareils correspondants sont, par exemple, les petits et moyens appareils reflex ou les grands appareils DSLM.<\/p>\n<p>Le Double Slim se compose de deux harnais de forme ergonomique, qui sont reli\u00e9s par deux sangles. Les deux sangles forment un syst\u00e8me de transport de type sac \u00e0 dos pour deux cam\u00e9ras. La m\u00e9thode de transport en sac \u00e0 dos et les \u00e9paulettes relativement larges permettent de r\u00e9partir le poids des cam\u00e9ras de mani\u00e8re optimale, de sorte que les cam\u00e9ras ne deviennent pas un fardeau m\u00eame apr\u00e8s avoir \u00e9t\u00e9 port\u00e9es pendant longtemps. Les deux sangles fonctionnent selon le principe de l&rsquo;\u00e9lingue. Cela permet d&rsquo;acc\u00e9der rapidement et \u00e0 tout moment aux cam\u00e9ras fix\u00e9es \u00e0 la sangle. Toutes ces caract\u00e9ristiques font du Double Slim un compagnon parfait pour les photographes professionnels qui travaillent avec deux appareils. Et, bien s\u00fbr, les deux sangles peuvent \u00e9galement \u00eatre s\u00e9par\u00e9es l&rsquo;une de l&rsquo;autre pour les utiliser s\u00e9par\u00e9ment.<\/p>\n<p>Les \u00e9paulettes des ceintures ont une structure multicouche. Ils se composent d&rsquo;un tissu maill\u00e9 perm\u00e9able \u00e0 l&rsquo;air sur le c\u00f4t\u00e9 faisant face au corps, d&rsquo;un noyau en mousse avec des trous d&rsquo;air et d&rsquo;un tissu \u00e0 structure en filet sur le dessus. Cette construction rend les \u00e9paulettes particuli\u00e8rement respirantes. La transpiration \u00e9ventuelle sous les \u00e9paulettes est consid\u00e9rablement r\u00e9duite, tandis que l&rsquo;humidit\u00e9 est \u00e9vacu\u00e9e vers l&rsquo;ext\u00e9rieur.<\/p>\n<p>Comme toutes les ceintures R-Strap, le Double Slim offre un acc\u00e8s rapide aux cam\u00e9ras fix\u00e9es aux ceintures. Cela fonctionne gr\u00e2ce \u00e0 la conception \u00e9prouv\u00e9e du harnais : une des sangles passe de chaque c\u00f4t\u00e9 du corps, et chacune des cam\u00e9ras est attach\u00e9e \u00e0 un mousqueton. Les mousquetons peuvent \u00eatre d\u00e9plac\u00e9s le long de leurs sangles respectives. Ce syst\u00e8me permet des prises de vue spontan\u00e9es \u00e0 tout moment : Vous prenez un appareil photo, vous le mettez en position de tir et vous appuyez sur la d\u00e9tente. On ne pouvait pas \u00eatre plus rapide.<\/p>\n<p>Deux adaptateurs de cam\u00e9ra FastenR-5 sont inclus dans la livraison ; \u00e0 l&rsquo;aide des adaptateurs, vous pouvez fixer les deux sangles au filetage du tr\u00e9pied de vos cam\u00e9ras. Cela fonctionne tr\u00e8s facilement et est tr\u00e8s rapide. Il suffit de visser un adaptateur dans le filetage du tr\u00e9pied de chaque appareil photo, puis d&rsquo;encliqueter les mousquetons de la dragonne dans les oeillets pr\u00e9vus \u00e0 cet effet.<\/p>\n<p>Chacun de ces harnais est \u00e9quip\u00e9 d&rsquo;un mousqueton de type ConnectR-3. Le mousqueton relie le harnais proprement dit \u00e0 l&rsquo;attache de la cam\u00e9ra correspondante. La troisi\u00e8me g\u00e9n\u00e9ration de ConnectR est dot\u00e9e d&rsquo;une articulation pivotante am\u00e9lior\u00e9e. Et tout comme le FastenR-5, le ConnectR-3 est \u00e9galement fabriqu\u00e9 en acier inoxydable massif. Cela garantit une grande stabilit\u00e9. Le ConnectR-3 est \u00e9galement \u00e9quip\u00e9 d&rsquo;un manchon \u00e0 vis. Le manchon sert \u00e0 s\u00e9curiser la prise du mousqueton afin qu&rsquo;il ne puisse pas \u00eatre ouvert accidentellement.<\/p>\n<p><strong>Caract\u00e9ristiques:<\/strong><\/p>\n<p>Longueur ajustable min: 91 cm<br \/>\nLongueur ajustable max: 160 cm<br \/>\nContenu de l&#8217;emballage: 2 adaptateurs FR5, 2 Connecteur CR-3 Connecteur, 2 Protection LockStar<br \/>\nPoids: 400 gr<\/p>\n<p>&nbsp;<\/p>\n","protected":false},"excerpt":{"rendered":"<p>Harnais \u00e0 double respiration BlackRapid pour appareil photo, conception de qualit\u00e9 et solide pour 1 ou 2 SLR, DSLR et appareils hybrides.<\/p>\n","protected":false},"featured_media":30748,"template":"","meta":{"_crdt_document":""},"product_brand":[],"product_cat":[231],"product_tag":[],"class_list":{"0":"post-30237","1":"product","2":"type-product","3":"status-publish","4":"has-post-thumbnail","6":"product_cat-sangle-depaule","8":"first","9":"instock","10":"taxable","11":"shipping-taxable","12":"purchasable","13":"product-type-simple"},"_links":{"self":[{"href":"https:\/\/shop.swissphotoclub.com\/fr\/wp-json\/wp\/v2\/product\/30237","targetHints":{"allow":["GET"]}}],"collection":[{"href":"https:\/\/shop.swissphotoclub.com\/fr\/wp-json\/wp\/v2\/product"}],"about":[{"href":"https:\/\/shop.swissphotoclub.com\/fr\/wp-json\/wp\/v2\/types\/product"}],"version-history":[{"count":9,"href":"https:\/\/shop.swissphotoclub.com\/fr\/wp-json\/wp\/v2\/product\/30237\/revisions"}],"predecessor-version":[{"id":30666,"href":"https:\/\/shop.swissphotoclub.com\/fr\/wp-json\/wp\/v2\/product\/30237\/revisions\/30666"}],"wp:featuredmedia":[{"embeddable":true,"href":"https:\/\/shop.swissphotoclub.com\/fr\/wp-json\/wp\/v2\/media\/30748"}],"wp:attachment":[{"href":"https:\/\/shop.swissphotoclub.com\/fr\/wp-json\/wp\/v2\/media?parent=30237"}],"wp:term":[{"taxonomy":"product_brand","embeddable":true,"href":"https:\/\/shop.swissphotoclub.com\/fr\/wp-json\/wp\/v2\/product_brand?post=30237"},{"taxonomy":"product_cat","embeddable":true,"href":"https:\/\/shop.swissphotoclub.com\/fr\/wp-json\/wp\/v2\/product_cat?post=30237"},{"taxonomy":"product_tag","embeddable":true,"href":"https:\/\/shop.swissphotoclub.com\/fr\/wp-json\/wp\/v2\/product_tag?post=30237"}],"curies":[{"name":"wp","href":"https:\/\/api.w.org\/{rel}","templated":true}]}}