{"id":30287,"date":"2022-10-13T16:12:33","date_gmt":"2022-10-13T14:12:33","guid":{"rendered":"https:\/\/shop.swissphotoclub.com\/?post_type=product&#038;p=30287"},"modified":"2026-01-09T11:41:09","modified_gmt":"2026-01-09T10:41:09","slug":"adobe-creative-cloud-pour-la-photo-lightroom-photoshop","status":"publish","type":"product","link":"https:\/\/shop.swissphotoclub.com\/fr\/produit\/adobe-creative-cloud-pour-la-photo-lightroom-photoshop\/","title":{"rendered":"Adobe Photography Pack : Lightroom et Photoshop"},"content":{"rendered":"<p><strong>Comprend :<\/strong><\/p>\n<ul>\n<li>Adobe Photoshop<\/li>\n<li>Adobe Lightroom<\/li>\n<li>Adobe Lightroom Classic<\/li>\n<li>1 To d\u2019espace de stockage dans le cloud<\/li>\n<li>25 cr\u00e9dits g\u00e9n\u00e9ratifs mensuels<\/li>\n<\/ul>\n<p>Modifiez, organisez, stockez et partagez vos photos, o\u00f9 que vous soyez. Am\u00e9liorez ou transformez compl\u00e8tement vos photos. 1 To de stockage sur le cloud pour synchroniser les images modifi\u00e9es sur tous les appareils.<\/p>\n<p>Cette solution compl\u00e8te offre aux photographes amateurs ambitieux et aux professionnels les meilleurs outils au monde pour l&rsquo;\u00e9dition de photos professionnelles et la composition extensive &#8211; toujours \u00e0 jour et avec un acc\u00e8s instantan\u00e9 aux fonctions les plus r\u00e9centes. Cette offre group\u00e9e comprend Adobe Photoshop, Lightroom (les deux versions) et un certain nombre d&rsquo;autres applications et services \u00e0 utiliser sur des appareils mobiles.<\/p>\n<p>Photoshop est le principal programme de retouche d&rsquo;images et de conception, ce qui le rend indispensable \u00e0 tous les professionnels de la cr\u00e9ation. Cr\u00e9ez et am\u00e9liorez vos photos, vos conceptions de sites web et d&rsquo;applications, vos graphiques 3D, vos vid\u00e9os et bien plus encore gr\u00e2ce \u00e0 une vaste gamme d&rsquo;outils avanc\u00e9s. Pratiquement toutes les id\u00e9es peuvent \u00eatre r\u00e9alis\u00e9es ici. D\u00e9couvrez tous les outils, les mod\u00e8les, les ressources en stock et bien plus encore dans la derni\u00e8re version. Stockez facilement des pinceaux, des images, des couleurs, des formats de dessin et d&rsquo;autres ressources dans des biblioth\u00e8ques Creative Cloud pour y acc\u00e9der instantan\u00e9ment sur tous vos p\u00e9riph\u00e9riques.<\/p>\n<p>Avec Lightroom, vos photos sont toujours \u00e0 port\u00e9e de main, o\u00f9 que vous soyez. Vous pouvez les modifier, les organiser et les partager \u00e0 tout moment, que ce soit sur votre ordinateur, sur le web ou sur vos appareils iOS et Android. Le logiciel est livr\u00e9 avec tous les outils dont vous avez besoin pour une \u00e9dition rapide afin de tirer le meilleur parti de vos photos en quelques \u00e9tapes seulement. Intensifiez les couleurs, dynamisez les clich\u00e9s sans vie, supprimez les objets g\u00eanants, redressez les lignes tordues, cr\u00e9ez des panoramas \u00e9poustouflants et modifiez m\u00eame les images RAW sur votre appareil mobile.<\/p>\n<p>Profitez d&rsquo;un large \u00e9ventail d&rsquo;applications et de services suppl\u00e9mentaires qui vous permettent de travailler sur vos appareils mobiles Android ou iOS en d\u00e9placement. Retouchez, organisez et partagez vos photos o\u00f9 que vous soyez avec Lightroom mobile. Photoshop Fix vous offre un large \u00e9ventail d&rsquo;options de retouche photo dans une interface utilisateur optimis\u00e9e pour les appareils tactiles. Cr\u00e9ez de superbes compositions \u00e0 partir de plusieurs images avec Photoshop Mix.<\/p>\n<p><strong>Comment utiliser ces logiciels :<\/strong><\/p>\n<p>Consultez nos <a href=\"https:\/\/swissphotoclub.com\/en-ch\/courses#level6\" target=\"_blank\" rel=\"noopener\">cours sur les logiciels<\/a> pour apprendre \u00e0 utiliser Lightroom et d&rsquo;autres logiciels de photographie.<\/p>\n","protected":false},"excerpt":{"rendered":"<p>Le plan Creative Cloud pour la Photo inclus:<\/p>\n<ul>\n<li>Adobe Photoshop<\/li>\n<li>Adobe Lightroom Classic<\/li>\n<li>Adobe Lightroom<\/li>\n<li>1 To d\u2019espace de stockage dans le cloud<\/li>\n<li>25 cr\u00e9dits g\u00e9n\u00e9ratifs mensuels<\/li>\n<\/ul>\n<p>1 mois, 1 x, Windows, Mac OS<\/p>\n","protected":false},"featured_media":30310,"template":"","meta":{"_crdt_document":""},"product_brand":[],"product_cat":[247],"product_tag":[],"class_list":{"0":"post-30287","1":"product","2":"type-product","3":"status-publish","4":"has-post-thumbnail","6":"product_cat-logiciel","8":"first","9":"instock","10":"featured","11":"product-type-external"},"_links":{"self":[{"href":"https:\/\/shop.swissphotoclub.com\/fr\/wp-json\/wp\/v2\/product\/30287","targetHints":{"allow":["GET"]}}],"collection":[{"href":"https:\/\/shop.swissphotoclub.com\/fr\/wp-json\/wp\/v2\/product"}],"about":[{"href":"https:\/\/shop.swissphotoclub.com\/fr\/wp-json\/wp\/v2\/types\/product"}],"version-history":[{"count":8,"href":"https:\/\/shop.swissphotoclub.com\/fr\/wp-json\/wp\/v2\/product\/30287\/revisions"}],"predecessor-version":[{"id":33868,"href":"https:\/\/shop.swissphotoclub.com\/fr\/wp-json\/wp\/v2\/product\/30287\/revisions\/33868"}],"wp:featuredmedia":[{"embeddable":true,"href":"https:\/\/shop.swissphotoclub.com\/fr\/wp-json\/wp\/v2\/media\/30310"}],"wp:attachment":[{"href":"https:\/\/shop.swissphotoclub.com\/fr\/wp-json\/wp\/v2\/media?parent=30287"}],"wp:term":[{"taxonomy":"product_brand","embeddable":true,"href":"https:\/\/shop.swissphotoclub.com\/fr\/wp-json\/wp\/v2\/product_brand?post=30287"},{"taxonomy":"product_cat","embeddable":true,"href":"https:\/\/shop.swissphotoclub.com\/fr\/wp-json\/wp\/v2\/product_cat?post=30287"},{"taxonomy":"product_tag","embeddable":true,"href":"https:\/\/shop.swissphotoclub.com\/fr\/wp-json\/wp\/v2\/product_tag?post=30287"}],"curies":[{"name":"wp","href":"https:\/\/api.w.org\/{rel}","templated":true}]}}