{"id":30299,"date":"2022-10-13T16:51:25","date_gmt":"2022-10-13T14:51:25","guid":{"rendered":"https:\/\/shop.swissphotoclub.com\/?post_type=product&#038;p=30299"},"modified":"2026-01-09T11:46:19","modified_gmt":"2026-01-09T10:46:19","slug":"adobe-toute-creative-cloud","status":"publish","type":"product","link":"https:\/\/shop.swissphotoclub.com\/fr\/produit\/adobe-toute-creative-cloud\/","title":{"rendered":"Adobe Creative Cloud Toutes les applications"},"content":{"rendered":"<p>Toutes les applications comprend plus de 20 applications et services Creative Cloud. Vous pouvez ainsi r\u00e9aliser des conceptions, des vid\u00e9os, des supports marketing et bien d&rsquo;autres choses encore. Et continuez \u00e0 d\u00e9velopper votre cr\u00e9ativit\u00e9 et vos comp\u00e9tences.<\/p>\n<p>Creative Cloud comprend les applications et services les plus performants au monde pour la vid\u00e9o, la conception, la photographie et le web. Dans les programmes, vous avez un acc\u00e8s direct \u00e0 des tutoriels et \u00e0 des mod\u00e8les qui vous aident \u00e0 d\u00e9marrer de nouveaux projets cr\u00e9atifs et de nouvelles techniques. Que vous soyez d\u00e9butant ou professionnel, vous trouverez tout ce dont vous avez besoin pour r\u00e9aliser vos r\u00eaves. Les applications les plus populaires de ce pack sont les suivantes :<\/p>\n<ul>\n<li>Photoshop<\/li>\n<li>Lightroom<\/li>\n<li>Illustrateur<\/li>\n<li>Adobe Acrobat Pro<\/li>\n<li>Premiere Pro<\/li>\n<li>InDesign<\/li>\n<li>Adobe Express<\/li>\n<\/ul>\n","protected":false},"excerpt":{"rendered":"<p>Toutes les applications comprend plus de 20 applications et services Creative Cloud. Vous pouvez ainsi r\u00e9aliser des conceptions, des vid\u00e9os, des supports marketing et bien d&rsquo;autres choses encore. Et continuez \u00e0 d\u00e9velopper votre cr\u00e9ativit\u00e9 et vos comp\u00e9tences.<\/p>\n","protected":false},"featured_media":30302,"template":"","meta":{"_crdt_document":""},"product_brand":[],"product_cat":[247],"product_tag":[],"class_list":{"0":"post-30299","1":"product","2":"type-product","3":"status-publish","4":"has-post-thumbnail","6":"product_cat-logiciel","8":"first","9":"instock","10":"sale","11":"product-type-external"},"_links":{"self":[{"href":"https:\/\/shop.swissphotoclub.com\/fr\/wp-json\/wp\/v2\/product\/30299","targetHints":{"allow":["GET"]}}],"collection":[{"href":"https:\/\/shop.swissphotoclub.com\/fr\/wp-json\/wp\/v2\/product"}],"about":[{"href":"https:\/\/shop.swissphotoclub.com\/fr\/wp-json\/wp\/v2\/types\/product"}],"version-history":[{"count":4,"href":"https:\/\/shop.swissphotoclub.com\/fr\/wp-json\/wp\/v2\/product\/30299\/revisions"}],"predecessor-version":[{"id":33870,"href":"https:\/\/shop.swissphotoclub.com\/fr\/wp-json\/wp\/v2\/product\/30299\/revisions\/33870"}],"wp:featuredmedia":[{"embeddable":true,"href":"https:\/\/shop.swissphotoclub.com\/fr\/wp-json\/wp\/v2\/media\/30302"}],"wp:attachment":[{"href":"https:\/\/shop.swissphotoclub.com\/fr\/wp-json\/wp\/v2\/media?parent=30299"}],"wp:term":[{"taxonomy":"product_brand","embeddable":true,"href":"https:\/\/shop.swissphotoclub.com\/fr\/wp-json\/wp\/v2\/product_brand?post=30299"},{"taxonomy":"product_cat","embeddable":true,"href":"https:\/\/shop.swissphotoclub.com\/fr\/wp-json\/wp\/v2\/product_cat?post=30299"},{"taxonomy":"product_tag","embeddable":true,"href":"https:\/\/shop.swissphotoclub.com\/fr\/wp-json\/wp\/v2\/product_tag?post=30299"}],"curies":[{"name":"wp","href":"https:\/\/api.w.org\/{rel}","templated":true}]}}