{"id":30314,"date":"2022-10-13T17:04:07","date_gmt":"2022-10-13T15:04:07","guid":{"rendered":"https:\/\/shop.swissphotoclub.com\/?post_type=product&#038;p=30314"},"modified":"2022-10-27T23:44:58","modified_gmt":"2022-10-27T21:44:58","slug":"adobe-premiere-pro","status":"publish","type":"product","link":"https:\/\/shop.swissphotoclub.com\/fr\/produit\/adobe-premiere-pro\/","title":{"rendered":"Adobe Premiere Pro"},"content":{"rendered":"<p>Laissez parler vos visuels avec Premiere Pro.<br \/>\nQu&rsquo;il s&rsquo;agisse d&rsquo;\u00e9crans ou d&rsquo;un smartphone, cr\u00e9ez des r\u00e9cits visuels captivants avec Premiere Pro.<\/p>\n","protected":false},"excerpt":{"rendered":"<p>Adobe Premiere Pro<\/p>\n<p>Compatible: Mac OS et Windows<br \/>\nPrix: Par mois<\/p>\n","protected":false},"featured_media":30316,"template":"","meta":{"_crdt_document":""},"product_brand":[],"product_cat":[247],"product_tag":[],"class_list":{"0":"post-30314","1":"product","2":"type-product","3":"status-publish","4":"has-post-thumbnail","6":"product_cat-logiciel","8":"first","9":"instock","10":"product-type-external"},"_links":{"self":[{"href":"https:\/\/shop.swissphotoclub.com\/fr\/wp-json\/wp\/v2\/product\/30314","targetHints":{"allow":["GET"]}}],"collection":[{"href":"https:\/\/shop.swissphotoclub.com\/fr\/wp-json\/wp\/v2\/product"}],"about":[{"href":"https:\/\/shop.swissphotoclub.com\/fr\/wp-json\/wp\/v2\/types\/product"}],"version-history":[{"count":3,"href":"https:\/\/shop.swissphotoclub.com\/fr\/wp-json\/wp\/v2\/product\/30314\/revisions"}],"predecessor-version":[{"id":30504,"href":"https:\/\/shop.swissphotoclub.com\/fr\/wp-json\/wp\/v2\/product\/30314\/revisions\/30504"}],"wp:featuredmedia":[{"embeddable":true,"href":"https:\/\/shop.swissphotoclub.com\/fr\/wp-json\/wp\/v2\/media\/30316"}],"wp:attachment":[{"href":"https:\/\/shop.swissphotoclub.com\/fr\/wp-json\/wp\/v2\/media?parent=30314"}],"wp:term":[{"taxonomy":"product_brand","embeddable":true,"href":"https:\/\/shop.swissphotoclub.com\/fr\/wp-json\/wp\/v2\/product_brand?post=30314"},{"taxonomy":"product_cat","embeddable":true,"href":"https:\/\/shop.swissphotoclub.com\/fr\/wp-json\/wp\/v2\/product_cat?post=30314"},{"taxonomy":"product_tag","embeddable":true,"href":"https:\/\/shop.swissphotoclub.com\/fr\/wp-json\/wp\/v2\/product_tag?post=30314"}],"curies":[{"name":"wp","href":"https:\/\/api.w.org\/{rel}","templated":true}]}}