{"id":30494,"date":"2022-10-13T18:15:45","date_gmt":"2022-10-13T16:15:45","guid":{"rendered":"https:\/\/shop.swissphotoclub.com\/?post_type=product&#038;p=30494"},"modified":"2022-10-14T11:04:03","modified_gmt":"2022-10-14T09:04:03","slug":"kit-v7-nisi-avance-100mm","status":"publish","type":"product","link":"https:\/\/shop.swissphotoclub.com\/fr\/produit\/kit-v7-nisi-avance-100mm\/","title":{"rendered":"Kit V7 NiSi Avanc\u00e9 100mm"},"content":{"rendered":"<p>Le kit avanc\u00e9 NiSi 100 mm V7 est le kit ultime pour les photographes de paysages et de paysages marins avec tout ce dont vous avez besoin pour commencer. Il est parfait pour tous ceux qui souhaitent cr\u00e9er des images \u00e0 longue exposition et utiliser des filtres ND\/GND avec plusieurs objectifs jusqu&rsquo;\u00e0 82 mm avec un filetage de filtre standard. Le kit comprend les bagues d&rsquo;adaptation les plus populaires (67 mm, 72 mm, 77 mm et 82 mm) avec d&rsquo;autres vendues s\u00e9par\u00e9ment. Le kit avanc\u00e9 NiSi 100 mm V7 repr\u00e9sente une grande \u00e9conomie par rapport \u00e0 l&rsquo;achat de tous les \u00e9l\u00e9ments inclus s\u00e9par\u00e9ment.<\/p>\n<p><img fetchpriority=\"high\" decoding=\"async\" class=\"alignnone size-large wp-image-30376\" src=\"https:\/\/shop.swissphotoclub.com\/wp-content\/uploads\/2022\/10\/V7-advanced-kit-1000x1024.jpg\" alt=\"\" width=\"1000\" height=\"1024\" srcset=\"https:\/\/shop.swissphotoclub.com\/wp-content\/uploads\/2022\/10\/V7-advanced-kit-1000x1024.jpg 1000w, https:\/\/shop.swissphotoclub.com\/wp-content\/uploads\/2022\/10\/V7-advanced-kit-293x300.jpg 293w, https:\/\/shop.swissphotoclub.com\/wp-content\/uploads\/2022\/10\/V7-advanced-kit-768x787.jpg 768w, https:\/\/shop.swissphotoclub.com\/wp-content\/uploads\/2022\/10\/V7-advanced-kit-1499x1536.jpg 1499w, https:\/\/shop.swissphotoclub.com\/wp-content\/uploads\/2022\/10\/V7-advanced-kit-600x615.jpg 600w, https:\/\/shop.swissphotoclub.com\/wp-content\/uploads\/2022\/10\/V7-advanced-kit.jpg 2000w\" sizes=\"(max-width: 1000px) 100vw, 1000px\" \/><\/p>\n<p>&nbsp;<\/p>\n<h3>Porte Filtre V7 100mm<\/h3>\n<p>Le kit de porte-filtre NiSi V7 100 mm avec le filtre polarisant CPL True Color NC et bouchon d\u2019objectif est le porte-filtre 100 mm le plus avanc\u00e9 que nous ayons jamais cr\u00e9\u00e9. Son design est directement bas\u00e9 sur les commentaires des photographes du monde entier. Le V7 permet d\u2019utiliser facilement jusqu\u2019\u00e0 trois filtres de 100 mm de large et 2 mm d\u2019\u00e9paisseur ainsi que le tout nouveau filtre polarisant circulaire NiSi True Color inclus. Il n\u2019y a pas de vignettage \u00e0 16 mm avec des objectifs grand angle en plein format.<\/p>\n<p>Il est fabriqu\u00e9 \u00e0 partir d\u2019aluminium de qualit\u00e9 a\u00e9ronautique, la finition noire mate sur la surface minimise les reflets. Le kit V7 est livr\u00e9 complet avec le porte-filtre 100 mm, un CPL True Color ultra fin, quatre bagues d\u2019adaptation pour les objectifs grand angle les plus populaires (67 mm, 72 mm, 77 mm et 82 mm), un bouchon d\u2019objectif et une pochette de rangement. Le V7 pr\u00e9sente une bague principale \u00e0 la conception unique, permettant au le filtre CPL d\u2019\u00eatre tourn\u00e9 ind\u00e9pendamment avec les filtres toujours en place via un rouage \u00e0 l\u2019arri\u00e8re du porte-filtre.<\/p>\n<p>Cette version du V7 comprend le tout nouveau CPL True Color qui emp\u00eache la dominante jaune introduite par la plupart des filtres CPL. Le True Color CPL est dot\u00e9 de notre rev\u00eatement exclusif NiSi Pro Nano qui aide \u00e0 r\u00e9duire les reflets ind\u00e9sirables et fournit une couche imperm\u00e9able et r\u00e9sistante \u00e0 l\u2019huile pour aider au nettoyage des empreintes digitales, de la poussi\u00e8re et des taches d\u2019eau ind\u00e9sirables.<\/p>\n<p>Notre nouvelle conception CPL \u00ab point \u00e0 point \u00bb permet une installation guid\u00e9e plus facile du CPL dans l\u2019adaptateur principal de 82 mm. En alignant les marqueurs blancs sur le CPL avec la marque blanche sur l\u2019adaptateur principal et en tournant, vous pouvez facilement fixer le CPL en place et le retirer sans effort.<\/p>\n<p>Notre syst\u00e8me de serrage unique est con\u00e7u pour saisir uniquement les bords du filtre ND Et GND en \u00e9vitant tout contact avec la surface du filtre. Les filtres sont faciles \u00e0 ins\u00e9rer et le contact avec les surfaces principales d\u2019un filtre est \u00e9vit\u00e9, en particulier lors de l\u2019utilisation de filtres gradu\u00e9s, dont l\u2019effet peut \u00eatre ajust\u00e9 pour mieux s\u2019adapter aux conditions d\u2019\u00e9clairage changeantes.<\/p>\n<p>L\u2019utilisation du porte-filtre NiSi V7 100 mm peut \u00eatre facilement r\u00e9alis\u00e9e en vissant d\u2019abord la bague d\u2019adaptation de 82 mm incluse sur un objectif avec des filetages de filtre avant de 82 mm. Des bagues de r\u00e9duction sont incluses pour permettre \u00e0 la bague d\u2019adaptation d\u2019\u00eatre utilis\u00e9e avec des objectifs dot\u00e9s de filetages de filtre avant de 67 mm, 72 mm ou 77 mm, avec des bagues de renforcement suppl\u00e9mentaires disponibles s\u00e9par\u00e9ment pour les objectifs avec un avant de 49 mm, 52 mm, 55 mm, 58 mm ou 62 mm filtrer les fils. Pour s\u00e9curiser davantage la position du porte-filtre, il comporte un verrou qui peut \u00eatre activ\u00e9 en faisant tourner une petite molette autour de la goupille de d\u00e9verrouillage qui emp\u00eache toute rotation du porte-filtre.<\/p>\n<p>Des bagues d\u2019adaptation pour objectifs avec filetage de filtre avant de 86 mm ou 95 mm sont \u00e9galement disponibles s\u00e9par\u00e9ment. La combinaison de l\u2019une ou l\u2019autre de ces bagues d\u2019adaptation avec le porte-filtre ne permet pas d\u2019accueillir un filtre polarisant circulaire NiSi de 86 mm ; cependant, un effet de polarisation peut \u00eatre obtenu \u00e0 la place en pla\u00e7ant un filtre polarisant de 100 mm de large et 2 mm d\u2019\u00e9paisseur disponible s\u00e9par\u00e9ment.<\/p>\n<p>Le kit V7 comprend un bouchon d\u2019objectif \u00e0 pression qui prot\u00e9gera le CPL tout en restant connect\u00e9 \u00e0 un objectif et une pochette de support rembourr\u00e9e pour un stockage et un transport en toute s\u00e9curit\u00e9.<\/p>\n<h3>Filtre ND<\/h3>\n<p>Les Filtres \u00e0 Densit\u00e9 Neutre (ND) r\u00e9duit uniform\u00e9ment la quantit\u00e9 de lumi\u00e8re p\u00e9n\u00e9trant dans l\u2019objectif. Les filtres ND peuvent permettre un plus grand flou de mouvement. IL permet aussi l\u2019utilisation d\u2019une grande ouverture et une vitesse d\u2019obturation lente. Les filtres ND sont \u00e9galement utiles lorsque le contraste entre les hautes lumi\u00e8res et les ombres est trop \u00e9lev\u00e9 pour obtenir une exposition de qualit\u00e9.<\/p>\n<p>Les filtres NiSi ND n\u2019affectent pas la coloration de l\u2019image, offrent une couleur fid\u00e8le \u00e0 la r\u00e9alit\u00e9 et sont fabriqu\u00e9s \u00e0 partir de verre optique de haute qualit\u00e9 (pas de r\u00e9sine) avec un nano-rev\u00eatement pour \u00e9viter de perdre le moindre d\u00e9tail. En utilisant des filtres de densit\u00e9 neutre, l\u2019appareil photo est vuln\u00e9rable \u00e0 la lumi\u00e8re infrarouge qui projettera la couleur rouge ind\u00e9sirable sur les photos lors de la prise de vue \u00e0 petite ouverture. Les filtres NiSi ND ont une couche de rev\u00eatement de protection infrarouge pour \u00e9liminer la lumi\u00e8re infrarouge \u00e0 travers la lentille pour ramener la couleur naturelle fid\u00e8le \u00e0 la vie.<\/p>\n<h3>Filtre GND<\/h3>\n<p>Les filtre de Densit\u00e9 Neutre Gradu\u00e9 GND sont des filtres rectangulaires qui aide \u00e0 assombrir des zones sp\u00e9cifiques d\u2019une image, telles que des ciels clairs, tout en permettant une exposition normale et non affect\u00e9e dans les autres r\u00e9gions de l\u2019image.<\/p>\n<p>Le filtre de Densit\u00e9 Neutre Gradu\u00e9 <strong>GND Reverse (3 stops)<\/strong> est couramment utilis\u00e9 pour le coucher et le lever du soleil. Le filtre NiSi reverse GND est con\u00e7u avec une zone sombre au centre du filtre et progressivement plus claire vers le haut tandis que la partie inf\u00e9rieure est claire, emp\u00eachant la surexposition de l\u2019horizon.<\/p>\n<p>Le filtre de Densit\u00e9 Neutre Gradu\u00e9 <strong>GND Medium (3 stops)<\/strong> est particuli\u00e8rement utile pour les photos qui pr\u00e9sentent des b\u00e2timents, de petites montagnes et d\u2019autres \u00e9l\u00e9ments qui d\u00e9passent dans l\u2019horizon. La zone de transition d\u2019un filtre GND Medium est 40% plus petite qu\u2019un Soft GND et est id\u00e9al pour la prise de vue au lever et au coucher du soleil.<\/p>\n<h3>Pochette de filtres Caddie 100mm<\/h3>\n<div id=\"product-399983\" class=\"product type-product post-399983 status-publish first instock product_cat-100mm-v6-system product_cat-nisi-100mm-square-filter-system product_cat-pouches-and-cases product_tag-case has-post-thumbnail taxable shipping-taxable purchasable product-type-simple yith-wcbm-product-has-badges\">\n<div class=\"woocommerce-tabs\">\n<div id=\"tab-description\" class=\"panel entry-content current\">\n<div class=\"row\">\n<div class=\"large-8 xlarge-6 large-centered xlarge-centered columns\">\n<p>La pochette de filtre NiSi Caddy 100 mm pour 9 filtres est con\u00e7ue pour les filtres du syst\u00e8me NiSi 100 mm et peut contenir 4 x 100 x 100 mm et 5 x 100 x 150 mm. elle est dot\u00e9e d\u2019une bandouli\u00e8re r\u00e9glable et peut \u00eatre port\u00e9e comme un sac \u00e0 bandouli\u00e8re, un sac messager ou un sac banane. Elle peut \u00eatre facilement mont\u00e9 sur un pied de tr\u00e9pied pour un acc\u00e8s et une utilisation faciles et est con\u00e7u \u00e0 partir d\u2019un mat\u00e9riau l\u00e9ger qui prot\u00e8ge vos filtres des rayures. La pochette peut contenir jusqu\u2019\u00e0 9 filtres dans la combinaison 4 x 100 x 100 mm et 5 x 100 x 150 mm et dispose d\u2019un design \u00e0 rabat pour garder la pochette ouverte lors de l\u2019utilisation.<\/p>\n<p>La pochette de filtre NiSi Caddy 100 mm peut \u00e9galement contenir un support NiSi 100 mm V7 dans la premi\u00e8re fente de la pochette (r\u00e9duisant les fentes de filtre \u00e0 8).L\u2019\u00e9tui est tr\u00e8s l\u00e9ger \u00e0 350 g et tout en restant assez petit pour tenir dans la plupart des sacs photo. Les dimensions physiques sont : 19 cm x 13,5 cm x 8 cm.<\/p>\n<\/div>\n<\/div>\n<\/div>\n<\/div>\n<\/div>\n","protected":false},"excerpt":{"rendered":"<ul>\n<li>Comprend le nouveau support NiSi V7<\/li>\n<li>Comprend le nouveau True Color CPL et des adaptateurs pour 67mm, 72, 77mm and 82mm<\/li>\n<li>Le support permet l&rsquo;utilisation de 3 filtres carr\u00e9s + 1 polariseur circulaire<\/li>\n<li>Pas de vignettage \u00e0 16 mm (plein format)<\/li>\n<li>Comprend quatre filtres : 100x100mm IR ND64 6 Stop ND, 100x100mm IR ND1000 10 Stop ND, 100x150mm IR GND8<\/li>\n<li>Filtre Reverse 3 Stop 100x150mm IR GND8<\/li>\n<li>Filtre Medium 3 Stop 100x150mm IR GND8<\/li>\n<li>Comprend la pochette NiSi Caddy, le capuchon d&rsquo;objectif, nettoyant Clever Cleaner, chiffon de nettoyage et le souffleur<\/li>\n<li>Kit de d\u00e9marrage d&rsquo;un excellent rapport qualit\u00e9-prix pour d\u00e9buter avec les filtres ND et la photographie de paysage<\/li>\n<li>\u00c9CONOMISEZ 15\u00a0% par rapport \u00e0 l&rsquo;achat des articles inclus s\u00e9par\u00e9ment.<\/li>\n<\/ul>\n","protected":false},"featured_media":30736,"template":"","meta":{"_crdt_document":""},"product_brand":[],"product_cat":[250],"product_tag":[],"class_list":{"0":"post-30494","1":"product","2":"type-product","3":"status-publish","4":"has-post-thumbnail","6":"product_cat-filtre-photo","8":"first","9":"instock","10":"sale","11":"taxable","12":"shipping-taxable","13":"purchasable","14":"product-type-simple"},"_links":{"self":[{"href":"https:\/\/shop.swissphotoclub.com\/fr\/wp-json\/wp\/v2\/product\/30494","targetHints":{"allow":["GET"]}}],"collection":[{"href":"https:\/\/shop.swissphotoclub.com\/fr\/wp-json\/wp\/v2\/product"}],"about":[{"href":"https:\/\/shop.swissphotoclub.com\/fr\/wp-json\/wp\/v2\/types\/product"}],"version-history":[{"count":2,"href":"https:\/\/shop.swissphotoclub.com\/fr\/wp-json\/wp\/v2\/product\/30494\/revisions"}],"predecessor-version":[{"id":30496,"href":"https:\/\/shop.swissphotoclub.com\/fr\/wp-json\/wp\/v2\/product\/30494\/revisions\/30496"}],"wp:featuredmedia":[{"embeddable":true,"href":"https:\/\/shop.swissphotoclub.com\/fr\/wp-json\/wp\/v2\/media\/30736"}],"wp:attachment":[{"href":"https:\/\/shop.swissphotoclub.com\/fr\/wp-json\/wp\/v2\/media?parent=30494"}],"wp:term":[{"taxonomy":"product_brand","embeddable":true,"href":"https:\/\/shop.swissphotoclub.com\/fr\/wp-json\/wp\/v2\/product_brand?post=30494"},{"taxonomy":"product_cat","embeddable":true,"href":"https:\/\/shop.swissphotoclub.com\/fr\/wp-json\/wp\/v2\/product_cat?post=30494"},{"taxonomy":"product_tag","embeddable":true,"href":"https:\/\/shop.swissphotoclub.com\/fr\/wp-json\/wp\/v2\/product_tag?post=30494"}],"curies":[{"name":"wp","href":"https:\/\/api.w.org\/{rel}","templated":true}]}}