{"id":30497,"date":"2022-10-13T17:58:29","date_gmt":"2022-10-13T15:58:29","guid":{"rendered":"https:\/\/shop.swissphotoclub.com\/?post_type=product&#038;p=30497"},"modified":"2022-10-14T11:49:34","modified_gmt":"2022-10-14T09:49:34","slug":"kit-v7-nisi-astrophotographie","status":"publish","type":"product","link":"https:\/\/shop.swissphotoclub.com\/fr\/produit\/kit-v7-nisi-astrophotographie\/","title":{"rendered":"Kit V7 Nisi Astrophotographie"},"content":{"rendered":"<p>Kit V7 Nisi Astrophotographie 100mm<\/p>\n<p>Les kits NiSi V7 100mm ND sont parfaits pour commencer la photographie \u00e0 exposition longue. Ils contiennent le nouveau porte-filtre V7, le filtre polarisant True Color ainsi qu&rsquo;une s\u00e9rie de filtres ND et GND &#8211; selon le kit.<\/p>\n<ul>\n<li>Porte Filtre V7 Syst\u00e8me 100mm<\/li>\n<li>Filtre CPL True Color (polarisant circulaire)<\/li>\n<li>Bagues d\u2019adaptation (67,72,77,82mm) \u00e0 visser sur l\u2019objectif suivant la taille du diam\u00e8tre<\/li>\n<li>Le support permet l&rsquo;utilisation de 3 filtres carr\u00e9s + 1 polariseur circulaire<\/li>\n<li>Pas de vignettage \u00e0 16 mm (plein format)<\/li>\n<li>Comprend deux filtres\u00a0: 100x100mm Natural Night et 100x150mm Star Soft<\/li>\n<li>Comprend la pochette NiSi Caddy, capuchon d&rsquo;objectif, Clever Cleaner, le chiffon de nettoyage et le souffleur<\/li>\n<li>\u00c9CONOMISEZ 15\u00a0% par rapport \u00e0 l&rsquo;achat des articles inclus s\u00e9par\u00e9ment.<\/li>\n<\/ul>\n<p><img fetchpriority=\"high\" decoding=\"async\" class=\"alignnone size-large wp-image-30384\" src=\"https:\/\/shop.swissphotoclub.com\/wp-content\/uploads\/2022\/10\/V7-night-kit-1000x1024.jpg\" alt=\"\" width=\"1000\" height=\"1024\" srcset=\"https:\/\/shop.swissphotoclub.com\/wp-content\/uploads\/2022\/10\/V7-night-kit-1000x1024.jpg 1000w, https:\/\/shop.swissphotoclub.com\/wp-content\/uploads\/2022\/10\/V7-night-kit-293x300.jpg 293w, https:\/\/shop.swissphotoclub.com\/wp-content\/uploads\/2022\/10\/V7-night-kit-768x787.jpg 768w, https:\/\/shop.swissphotoclub.com\/wp-content\/uploads\/2022\/10\/V7-night-kit-1499x1536.jpg 1499w, https:\/\/shop.swissphotoclub.com\/wp-content\/uploads\/2022\/10\/V7-night-kit-600x615.jpg 600w, https:\/\/shop.swissphotoclub.com\/wp-content\/uploads\/2022\/10\/V7-night-kit.jpg 2000w\" sizes=\"(max-width: 1000px) 100vw, 1000px\" \/><\/p>\n<h3>Porte Filtre V7<\/h3>\n<p>Le kit de porte-filtre NiSi V7 100 mm avec le filtre polarisant CPL True Color NC et bouchon d\u2019objectif est le porte-filtre 100 mm le plus avanc\u00e9 que nous ayons jamais cr\u00e9\u00e9. Son design est directement bas\u00e9 sur les commentaires des photographes du monde entier. Le V7 permet d\u2019utiliser facilement jusqu\u2019\u00e0 trois filtres de 100 mm de large et 2 mm d\u2019\u00e9paisseur ainsi que le tout nouveau filtre polarisant circulaire NiSi True Color inclus. Il n\u2019y a pas de vignettage \u00e0 16 mm avec des objectifs grand angle en plein format.<\/p>\n<p>Il est fabriqu\u00e9 \u00e0 partir d\u2019aluminium de qualit\u00e9 a\u00e9ronautique, la finition noire mate sur la surface minimise les reflets. Le kit V7 est livr\u00e9 complet avec le porte-filtre 100 mm, un CPL True Color ultra fin, quatre bagues d\u2019adaptation pour les objectifs grand angle les plus populaires (67 mm, 72 mm, 77 mm et 82 mm), un bouchon d\u2019objectif et une pochette de rangement. Le V7 pr\u00e9sente une bague principale \u00e0 la conception unique, permettant au le filtre CPL d\u2019\u00eatre tourn\u00e9 ind\u00e9pendamment avec les filtres toujours en place via un rouage \u00e0 l\u2019arri\u00e8re du porte-filtre.<\/p>\n<p>Cette version du V7 comprend le tout nouveau CPL True Color qui emp\u00eache la dominante jaune introduite par la plupart des filtres CPL. Le True Color CPL est dot\u00e9 de notre rev\u00eatement exclusif NiSi Pro Nano qui aide \u00e0 r\u00e9duire les reflets ind\u00e9sirables et fournit une couche imperm\u00e9able et r\u00e9sistante \u00e0 l\u2019huile pour aider au nettoyage des empreintes digitales, de la poussi\u00e8re et des taches d\u2019eau ind\u00e9sirables.<\/p>\n<p>Notre nouvelle conception CPL \u00ab point \u00e0 point \u00bb permet une installation guid\u00e9e plus facile du CPL dans l\u2019adaptateur principal de 82 mm. En alignant les marqueurs blancs sur le CPL avec la marque blanche sur l\u2019adaptateur principal et en tournant, vous pouvez facilement fixer le CPL en place et le retirer sans effort.<\/p>\n<p>Notre syst\u00e8me de serrage unique est con\u00e7u pour saisir uniquement les bords du filtre ND Et GND en \u00e9vitant tout contact avec la surface du filtre. Les filtres sont faciles \u00e0 ins\u00e9rer et le contact avec les surfaces principales d\u2019un filtre est \u00e9vit\u00e9, en particulier lors de l\u2019utilisation de filtres gradu\u00e9s, dont l\u2019effet peut \u00eatre ajust\u00e9 pour mieux s\u2019adapter aux conditions d\u2019\u00e9clairage changeantes.<\/p>\n<p>L\u2019utilisation du porte-filtre NiSi V7 100 mm peut \u00eatre facilement r\u00e9alis\u00e9e en vissant d\u2019abord la bague d\u2019adaptation de 82 mm incluse sur un objectif avec des filetages de filtre avant de 82 mm. Des bagues de r\u00e9duction sont incluses pour permettre \u00e0 la bague d\u2019adaptation d\u2019\u00eatre utilis\u00e9e avec des objectifs dot\u00e9s de filetages de filtre avant de 67 mm, 72 mm ou 77 mm, avec des bagues de renforcement suppl\u00e9mentaires disponibles s\u00e9par\u00e9ment pour les objectifs avec un avant de 49 mm, 52 mm, 55 mm, 58 mm ou 62 mm filtrer les fils. Pour s\u00e9curiser davantage la position du porte-filtre, il comporte un verrou qui peut \u00eatre activ\u00e9 en faisant tourner une petite molette autour de la goupille de d\u00e9verrouillage qui emp\u00eache toute rotation du porte-filtre.<\/p>\n<p>Des bagues d\u2019adaptation pour objectifs avec filetage de filtre avant de 86 mm ou 95 mm sont \u00e9galement disponibles s\u00e9par\u00e9ment. La combinaison de l\u2019une ou l\u2019autre de ces bagues d\u2019adaptation avec le porte-filtre ne permet pas d\u2019accueillir un filtre polarisant circulaire NiSi de 86 mm ; cependant, un effet de polarisation peut \u00eatre obtenu \u00e0 la place en pla\u00e7ant un filtre polarisant de 100 mm de large et 2 mm d\u2019\u00e9paisseur disponible s\u00e9par\u00e9ment.<\/p>\n<p>Le kit V7 comprend un bouchon d\u2019objectif \u00e0 pression qui prot\u00e9gera le CPL tout en restant connect\u00e9 \u00e0 un objectif et une pochette de support rembourr\u00e9e pour un stockage et un transport en toute s\u00e9curit\u00e9.<\/p>\n<h3>Filtre Natural Night<\/h3>\n<p>Le filtre <strong>NiSi Natural Night<\/strong> est notre premier filtre exclusif pour la photographie de nuit. Entre la vapeur de mercure, le sodium et les lampadaires \u00e0 faible IRC, il existe de nombreuses longueurs d\u2019onde ind\u00e9sirables qui polluent le ciel nocturne. Pour cette raison, NiSi a cr\u00e9\u00e9 le filtre Natural Night pour bloquer les longueurs d\u2019onde les plus courantes de la pollution lumineuse.<\/p>\n<h3>Filtre Star Soft<\/h3>\n<p>Le <strong>filtre d\u2019astrophotographie NiSi 100x150mm Star Soft<\/strong> est un filtre pour l\u2019astrophotographie con\u00e7u pour faire appara\u00eetre les \u00e9toiles plus grandes et faire ressortir les constellations. Plus l\u2019\u00e9toile est brillante, plus elle para\u00eetra grande. Faites scintiller les constellations et les \u00e9toiles dans vos images de ciel nocturne. Le filtre d\u2019astrophotographie Star Soft est con\u00e7u comme un filtre GND avec un effet maximum sur la partie sup\u00e9rieure du filtre, tandis que la partie inf\u00e9rieur inf\u00e9rieurs est sans effet. Le filtre d\u2019astrophotographie Star Soft n\u2019a aucune perte de lumi\u00e8re et offre un ton neutre sans dominante de couleur ajout\u00e9e. Le filtre est compatible avec nos supports V5 \/ V6\/ V7 de 100 mm et le support compatible qui prend en charge les filtres de 100 mm de large \u00e0 2 mm d\u2019\u00e9paisseur.<\/p>\n<h3>Pochette de filtres Caddie 100mm<\/h3>\n<div id=\"product-399983\" class=\"product type-product post-399983 status-publish first instock product_cat-100mm-v6-system product_cat-nisi-100mm-square-filter-system product_cat-pouches-and-cases product_tag-case has-post-thumbnail taxable shipping-taxable purchasable product-type-simple yith-wcbm-product-has-badges\">\n<div class=\"woocommerce-tabs\">\n<div id=\"tab-description\" class=\"panel entry-content current\">\n<div class=\"row\">\n<div class=\"large-8 xlarge-6 large-centered xlarge-centered columns\">\n<p>La <strong>pochette de filtre NiSi Caddy 100 mm<\/strong> pour 9 filtres est con\u00e7ue pour les filtres du syst\u00e8me NiSi 100 mm et peut contenir 4 x 100 x 100 mm et 5 x 100 x 150 mm. elle est dot\u00e9e d\u2019une bandouli\u00e8re r\u00e9glable et peut \u00eatre port\u00e9e comme un sac \u00e0 bandouli\u00e8re, un sac messager ou un sac banane. Elle peut \u00eatre facilement mont\u00e9 sur un pied de tr\u00e9pied pour un acc\u00e8s et une utilisation faciles et est con\u00e7u \u00e0 partir d\u2019un mat\u00e9riau l\u00e9ger qui prot\u00e8ge vos filtres des rayures. La pochette peut contenir jusqu\u2019\u00e0 9 filtres dans la combinaison 4 x 100 x 100 mm et 5 x 100 x 150 mm et dispose d\u2019un design \u00e0 rabat pour garder la pochette ouverte lors de l\u2019utilisation.<\/p>\n<p>La pochette de filtre NiSi Caddy 100 mm peut \u00e9galement contenir un support NiSi 100 mm V7 dans la premi\u00e8re fente de la pochette (r\u00e9duisant les fentes de filtre \u00e0 8).L\u2019\u00e9tui est tr\u00e8s l\u00e9ger \u00e0 350 g et tout en restant assez petit pour tenir dans la plupart des sacs photo. Les dimensions physiques sont : 19 cm x 13,5 cm x 8 cm.<\/p>\n<\/div>\n<\/div>\n<\/div>\n<\/div>\n<\/div>\n","protected":false},"excerpt":{"rendered":"<p>Le kit de photographie de nuit NiSi 100 mm V7 est con\u00e7u pour la photographie de nuit et propose le filtre Natural Night, le nouveau filtre Star Soft ainsi que le support NiSi V7 100 mm. Le kit comprend les bagues d&rsquo;adaptation les plus populaires (67 mm, 72 mm, 77 mm et 82 mm) avec d&rsquo;autres vendues s\u00e9par\u00e9ment. Le kit de photographie nocturne NiSi 100 mm V7 repr\u00e9sente une grande \u00e9conomie par rapport \u00e0 l&rsquo;achat de tous les \u00e9l\u00e9ments inclus s\u00e9par\u00e9ment.<\/p>\n","protected":false},"featured_media":30729,"template":"","meta":{"_crdt_document":""},"product_brand":[],"product_cat":[250],"product_tag":[],"class_list":{"0":"post-30497","1":"product","2":"type-product","3":"status-publish","4":"has-post-thumbnail","6":"product_cat-filtre-photo","8":"first","9":"instock","10":"sale","11":"taxable","12":"shipping-taxable","13":"purchasable","14":"product-type-simple"},"_links":{"self":[{"href":"https:\/\/shop.swissphotoclub.com\/fr\/wp-json\/wp\/v2\/product\/30497","targetHints":{"allow":["GET"]}}],"collection":[{"href":"https:\/\/shop.swissphotoclub.com\/fr\/wp-json\/wp\/v2\/product"}],"about":[{"href":"https:\/\/shop.swissphotoclub.com\/fr\/wp-json\/wp\/v2\/types\/product"}],"version-history":[{"count":3,"href":"https:\/\/shop.swissphotoclub.com\/fr\/wp-json\/wp\/v2\/product\/30497\/revisions"}],"predecessor-version":[{"id":30500,"href":"https:\/\/shop.swissphotoclub.com\/fr\/wp-json\/wp\/v2\/product\/30497\/revisions\/30500"}],"wp:featuredmedia":[{"embeddable":true,"href":"https:\/\/shop.swissphotoclub.com\/fr\/wp-json\/wp\/v2\/media\/30729"}],"wp:attachment":[{"href":"https:\/\/shop.swissphotoclub.com\/fr\/wp-json\/wp\/v2\/media?parent=30497"}],"wp:term":[{"taxonomy":"product_brand","embeddable":true,"href":"https:\/\/shop.swissphotoclub.com\/fr\/wp-json\/wp\/v2\/product_brand?post=30497"},{"taxonomy":"product_cat","embeddable":true,"href":"https:\/\/shop.swissphotoclub.com\/fr\/wp-json\/wp\/v2\/product_cat?post=30497"},{"taxonomy":"product_tag","embeddable":true,"href":"https:\/\/shop.swissphotoclub.com\/fr\/wp-json\/wp\/v2\/product_tag?post=30497"}],"curies":[{"name":"wp","href":"https:\/\/api.w.org\/{rel}","templated":true}]}}