{"id":30508,"date":"2022-10-13T15:55:25","date_gmt":"2022-10-13T13:55:25","guid":{"rendered":"https:\/\/shop.swissphotoclub.com\/?post_type=product&#038;p=30508"},"modified":"2022-10-20T13:02:50","modified_gmt":"2022-10-20T11:02:50","slug":"spc-hoodie-zippe-premium","status":"publish","type":"product","link":"https:\/\/shop.swissphotoclub.com\/fr\/produit\/spc-hoodie-zippe-premium\/","title":{"rendered":"SPC Hoodie Zipp\u00e9 Premium"},"content":{"rendered":"<p>Hoodie \u00e0 capuche zipp\u00e9 noir unisexe avec logo Swiss Photo Club. L&rsquo;int\u00e9rieur est en polaire pour plus de confort. Les coutures des poches kangourou sont renforc\u00e9es.<\/p>\n","protected":false},"excerpt":{"rendered":"<p>SPC Hoodie Zipp\u00e9 Premium<\/p>\n","protected":false},"featured_media":30272,"template":"","meta":{"_crdt_document":""},"product_brand":[],"product_cat":[236],"product_tag":[],"class_list":{"0":"post-30508","1":"product","2":"type-product","3":"status-publish","4":"has-post-thumbnail","6":"product_cat-sweats-a-capuche","7":"product_shipping_class-printify-fr","9":"first","10":"instock","11":"taxable","12":"shipping-taxable","13":"purchasable","14":"product-type-variable"},"_links":{"self":[{"href":"https:\/\/shop.swissphotoclub.com\/fr\/wp-json\/wp\/v2\/product\/30508","targetHints":{"allow":["GET"]}}],"collection":[{"href":"https:\/\/shop.swissphotoclub.com\/fr\/wp-json\/wp\/v2\/product"}],"about":[{"href":"https:\/\/shop.swissphotoclub.com\/fr\/wp-json\/wp\/v2\/types\/product"}],"version-history":[{"count":3,"href":"https:\/\/shop.swissphotoclub.com\/fr\/wp-json\/wp\/v2\/product\/30508\/revisions"}],"predecessor-version":[{"id":30677,"href":"https:\/\/shop.swissphotoclub.com\/fr\/wp-json\/wp\/v2\/product\/30508\/revisions\/30677"}],"wp:featuredmedia":[{"embeddable":true,"href":"https:\/\/shop.swissphotoclub.com\/fr\/wp-json\/wp\/v2\/media\/30272"}],"wp:attachment":[{"href":"https:\/\/shop.swissphotoclub.com\/fr\/wp-json\/wp\/v2\/media?parent=30508"}],"wp:term":[{"taxonomy":"product_brand","embeddable":true,"href":"https:\/\/shop.swissphotoclub.com\/fr\/wp-json\/wp\/v2\/product_brand?post=30508"},{"taxonomy":"product_cat","embeddable":true,"href":"https:\/\/shop.swissphotoclub.com\/fr\/wp-json\/wp\/v2\/product_cat?post=30508"},{"taxonomy":"product_tag","embeddable":true,"href":"https:\/\/shop.swissphotoclub.com\/fr\/wp-json\/wp\/v2\/product_tag?post=30508"}],"curies":[{"name":"wp","href":"https:\/\/api.w.org\/{rel}","templated":true}]}}