{"id":30525,"date":"2022-08-10T17:44:20","date_gmt":"2022-08-10T15:44:20","guid":{"rendered":"https:\/\/shop.swissphotoclub.com\/?post_type=product&#038;p=30525"},"modified":"2022-10-20T12:49:09","modified_gmt":"2022-10-20T10:49:09","slug":"harnais-blackrapid-curve-breathe","status":"publish","type":"product","link":"https:\/\/shop.swissphotoclub.com\/fr\/produit\/harnais-blackrapid-curve-breathe\/","title":{"rendered":"Harnais BlackRapid Curve Breathe"},"content":{"rendered":"<p>Le harnais d&rsquo;appareil photo BlackRapid Curve Breathe int\u00e8gre un coussin unique et ergonomique qui \u00e9pouse votre \u00e9paule gauche pour offrir le maximum de stabilit\u00e9 et de confort. Choisi par les professionnels du monde entier, ainsi que par les amateurs d&rsquo;appareils photo, vous ne pouvez pas vous tromper avec ce harnais!<\/p>\n<p>Cliquez avec le stabilisateur sous les aisselles int\u00e9gr\u00e9 pour maintenir l&rsquo;\u00e9pauli\u00e8re en place lorsque vous vous d\u00e9placez et lorsque vous photographiez \u00e0 diff\u00e9rents angles et perspectives. Photographes qui veulent garder les choses simples, ce bracelet est fait pour vous. Il est suffisamment durable pour supporter une longue journ\u00e9e de tournage et, comme tous les harnais de la s\u00e9rie BlackRapid Breathe, il est fabriqu\u00e9 \u00e0 partir de mat\u00e9riaux l\u00e9gers, respirants et \u00e9vacuant l&rsquo;humidit\u00e9 pour vous garder au frais tout en travaillant votre art.<\/p>\n<p>Avec la s\u00e9curit\u00e9 \u00e0 l&rsquo;esprit, toutes les sangles de cam\u00e9ra BlackRapid utilisent un mousqueton pivotant verrouillable et une barri\u00e8re de s\u00e9curit\u00e9 Lock-Star pour garder votre \u00e9quipement en s\u00e9curit\u00e9. Consultez nos vid\u00e9os d&rsquo;instructions pour plus de d\u00e9tails. Faites confiance \u00e0 BlackRapid &#8211; nous avons transform\u00e9 le monde de la cam\u00e9ra \u00e0 l&rsquo;envers avec le harnais d&rsquo;origine!<\/p>\n<p><strong>Caract\u00e9ristiques:<\/strong><br \/>\nMat\u00e9rieu: Nylon<br \/>\nCouleur: Noir<br \/>\nLongueur ajustable min: 91 cm<br \/>\nLongueur r\u00e9glable max: 167 cm<\/p>\n<p>&nbsp;<\/p>\n","protected":false},"excerpt":{"rendered":"<p>Le harnais d&rsquo;appareil photo BlackRapid Curve Breathe int\u00e8gre un coussin unique et ergonomique qui \u00e9pouse votre \u00e9paule gauche pour offrir le maximum de stabilit\u00e9 et de confort.<\/p>\n","protected":false},"featured_media":32345,"template":"","meta":{"_crdt_document":""},"product_brand":[],"product_cat":[231],"product_tag":[],"class_list":{"0":"post-30525","1":"product","2":"type-product","3":"status-publish","4":"has-post-thumbnail","6":"product_cat-sangle-depaule","8":"first","9":"instock","10":"featured","11":"taxable","12":"shipping-taxable","13":"purchasable","14":"product-type-simple"},"_links":{"self":[{"href":"https:\/\/shop.swissphotoclub.com\/fr\/wp-json\/wp\/v2\/product\/30525","targetHints":{"allow":["GET"]}}],"collection":[{"href":"https:\/\/shop.swissphotoclub.com\/fr\/wp-json\/wp\/v2\/product"}],"about":[{"href":"https:\/\/shop.swissphotoclub.com\/fr\/wp-json\/wp\/v2\/types\/product"}],"version-history":[{"count":4,"href":"https:\/\/shop.swissphotoclub.com\/fr\/wp-json\/wp\/v2\/product\/30525\/revisions"}],"predecessor-version":[{"id":30663,"href":"https:\/\/shop.swissphotoclub.com\/fr\/wp-json\/wp\/v2\/product\/30525\/revisions\/30663"}],"wp:featuredmedia":[{"embeddable":true,"href":"https:\/\/shop.swissphotoclub.com\/fr\/wp-json\/wp\/v2\/media\/32345"}],"wp:attachment":[{"href":"https:\/\/shop.swissphotoclub.com\/fr\/wp-json\/wp\/v2\/media?parent=30525"}],"wp:term":[{"taxonomy":"product_brand","embeddable":true,"href":"https:\/\/shop.swissphotoclub.com\/fr\/wp-json\/wp\/v2\/product_brand?post=30525"},{"taxonomy":"product_cat","embeddable":true,"href":"https:\/\/shop.swissphotoclub.com\/fr\/wp-json\/wp\/v2\/product_cat?post=30525"},{"taxonomy":"product_tag","embeddable":true,"href":"https:\/\/shop.swissphotoclub.com\/fr\/wp-json\/wp\/v2\/product_tag?post=30525"}],"curies":[{"name":"wp","href":"https:\/\/api.w.org\/{rel}","templated":true}]}}