{"id":30568,"date":"2022-10-18T10:47:27","date_gmt":"2022-10-18T08:47:27","guid":{"rendered":"https:\/\/shop.swissphotoclub.com\/?post_type=product&#038;p=30568"},"modified":"2022-10-18T10:51:29","modified_gmt":"2022-10-18T08:51:29","slug":"gitzo-legende-traveler-tripod-kit","status":"publish","type":"product","link":"https:\/\/shop.swissphotoclub.com\/fr\/produit\/gitzo-legende-traveler-tripod-kit\/","title":{"rendered":"Gitzo L\u00e9gende &#8211; Traveler Tripod Kit"},"content":{"rendered":"<p>Gitzo pr\u00e9sente le Kit Traveler L\u00e9gende (GK 1545T-RTI) compos\u00e9 du tr\u00e9pied Traveler S\u00e9rie 1 \u00e0 4 sections et de la rotule ball en aluminium argent\u00e9 mat con\u00e7ue sp\u00e9cifiquement pour cette \u00e9dition sp\u00e9ciale. Ce kit a \u00e9t\u00e9 pens\u00e9 pour les photographes voyageurs avertis qui ont besoin d\u2019\u00e9quipement compact. Il est id\u00e9al pour les optiques de 135 \u00e0 200 mm.<\/p>\n<p>Le tr\u00e9pied Traveler S\u00e9rie 1 en fibre de carbone est tr\u00e8s compact gr\u00e2ce \u00e0 ses jambes fabriqu\u00e9es en tubes de Carbone eXact pour plus de r\u00e9sistance et de rigidit\u00e9 . Les bagues en aluminium confectionn\u00e9es sp\u00e9cifiquement pour ce mod\u00e8le lui conf\u00e8rent une silhouette fine. Les jambes \u00e0 4 sections b\u00e9n\u00e9ficient du syst\u00e8me innovant de Gitzo de pliage invers\u00e9 qui permet de replier les jambes sur la colonne centrale et la rotule pour offrir une taille de transport de 43 cm. Le tr\u00e9pied est \u00e9galement adapt\u00e9 \u00e0 la prises de vue au niveau du sol et \u00e0 la macrophotographie gr\u00e2ce aux angles de jambes et \u00e0 la colonne courte. Les pieds en caoutchouc sont rigides et rempla\u00e7ables. Enfin, le tr\u00e9pied est \u00e9quip\u00e9 d\u2019une sangle d\u2019\u00e9paule en cuir v\u00e9g\u00e9tal pour \u00eatre transport\u00e9 confortablement.<\/p>\n<p>La rotule ball centr\u00e9e de ce kit est une nouvelle rotule de la gamme professionnelle de Gitzo, fabriqu\u00e9e avec des composants en aluminium et en acier de haute qualit\u00e9 et tr\u00e8s r\u00e9sistants. Cette rotule polyvalente offre un \u00e9quilibrage parfait et un contr\u00f4le de la friction par molette pour assurer la pr\u00e9cision du mouvement et une fluidit\u00e9 sans faille. Elle est \u00e9quip\u00e9e d&rsquo;un plateau rapide compatible Arca-Swiss id\u00e9al pour les plateaux \u00e0 profil D et pour la plupart des plateaux type Arca-Swiss d\u2019autres marques. Le plateau se verrouille \u00e0 l\u2019aide d&rsquo;une molette et il est \u00e9quip\u00e9 d&rsquo;un niveau \u00e0 bulle pour garantir une mise \u00e0 niveau pr\u00e9cise.<\/p>\n","protected":false},"excerpt":{"rendered":"<ul class=\"pdp-info__bulletpoints\">\n<li>Kit tr\u00e9pied de voyage Traveler \u00e0 4 sections en fibre de carbone<\/li>\n<li>Rotule ball centr\u00e9e haute qualit\u00e9 pour une fluidit\u00e9 remarquable<\/li>\n<li>Colonne courte fournie pour les prises de vue au niveau du sol<\/li>\n<li>Rotule compatible Arca avec deux verrouillages ind\u00e9pendants<\/li>\n<li>Sangle d\u2019\u00e9paule en cuir v\u00e9g\u00e9tal pour un port confortable<\/li>\n<\/ul>\n","protected":false},"featured_media":30711,"template":"","meta":{"_crdt_document":""},"product_brand":[],"product_cat":[232],"product_tag":[],"class_list":{"0":"post-30568","1":"product","2":"type-product","3":"status-publish","4":"has-post-thumbnail","6":"product_cat-trepieds","8":"first","9":"instock","10":"taxable","11":"shipping-taxable","12":"purchasable","13":"product-type-simple"},"_links":{"self":[{"href":"https:\/\/shop.swissphotoclub.com\/fr\/wp-json\/wp\/v2\/product\/30568","targetHints":{"allow":["GET"]}}],"collection":[{"href":"https:\/\/shop.swissphotoclub.com\/fr\/wp-json\/wp\/v2\/product"}],"about":[{"href":"https:\/\/shop.swissphotoclub.com\/fr\/wp-json\/wp\/v2\/types\/product"}],"version-history":[{"count":2,"href":"https:\/\/shop.swissphotoclub.com\/fr\/wp-json\/wp\/v2\/product\/30568\/revisions"}],"predecessor-version":[{"id":30573,"href":"https:\/\/shop.swissphotoclub.com\/fr\/wp-json\/wp\/v2\/product\/30568\/revisions\/30573"}],"wp:featuredmedia":[{"embeddable":true,"href":"https:\/\/shop.swissphotoclub.com\/fr\/wp-json\/wp\/v2\/media\/30711"}],"wp:attachment":[{"href":"https:\/\/shop.swissphotoclub.com\/fr\/wp-json\/wp\/v2\/media?parent=30568"}],"wp:term":[{"taxonomy":"product_brand","embeddable":true,"href":"https:\/\/shop.swissphotoclub.com\/fr\/wp-json\/wp\/v2\/product_brand?post=30568"},{"taxonomy":"product_cat","embeddable":true,"href":"https:\/\/shop.swissphotoclub.com\/fr\/wp-json\/wp\/v2\/product_cat?post=30568"},{"taxonomy":"product_tag","embeddable":true,"href":"https:\/\/shop.swissphotoclub.com\/fr\/wp-json\/wp\/v2\/product_tag?post=30568"}],"curies":[{"name":"wp","href":"https:\/\/api.w.org\/{rel}","templated":true}]}}