{"id":30591,"date":"2022-10-18T10:59:40","date_gmt":"2022-10-18T08:59:40","guid":{"rendered":"https:\/\/shop.swissphotoclub.com\/?post_type=product&#038;p=30591"},"modified":"2022-10-18T11:02:54","modified_gmt":"2022-10-18T09:02:54","slug":"gitzo-kit-trepied-traveler-serie-1-4-sections-avec-rotule","status":"publish","type":"product","link":"https:\/\/shop.swissphotoclub.com\/fr\/produit\/gitzo-kit-trepied-traveler-serie-1-4-sections-avec-rotule\/","title":{"rendered":"Gitzo Kit tr\u00e9pied Traveler S\u00e9rie 1, 4 sections, avec rotule"},"content":{"rendered":"<p>Le Kit GK1545T-82TQD comprend un tr\u00e9pied Traveler GT1545T en fibre de carbone et une rotule ball centr\u00e9e GH1382TQD.<\/p>\n<p>Le tr\u00e9pied Traveler S\u00e9rie 1 en fibre de carbone GT1545T de Gitzo est un tr\u00e9pied ultra compact. Ses jambes \u00e0 4 sections se replient \u00e0 180\u00b0, un syst\u00e8me invent\u00e9 par Gitzo qui permet de replier les jambes sur la colonne centrale m\u00eame mont\u00e9e avec une rotule ball pour offrir une taille de transport de 42,5 cm. Le GT1545T offre une hauteur de travail maximale de 153 cm et supporte 10 kg alors qu\u2019il ne p\u00e8se que 1,055 kg. Il est id\u00e9al pour les bo\u00eetiers avec optique 135 mm (jusqu\u2019\u00e0 200 mm). Avec la colonne courte fournie, la hauteur de travail minimal du tr\u00e9pied est de 22 cm, id\u00e9al pour les prises de vue au niveau du sol et pour la macrophotographie.<\/p>\n<p>Les jambes du tr\u00e9pied sont en Carbone eXact pour garantir rigidit\u00e9 et robustesse tout en \u00e9tant l\u00e9ger. Le verrouillage des sections s\u2019effectue avec les bagues de serrage Traveler G-lock, la version voyage des G-lock de Gitzo, con\u00e7ues sp\u00e9cialement pour garantir la s\u00e9curit\u00e9 du verrouillage. Ses pieds en caoutchouc rigide sont rempla\u00e7ables et il est \u00e9quip\u00e9 d\u2019un pas de vis r\u00e9versible 1\/4\u00a0\u00bb et 3\/8\u00a0\u00bb. Le GT1545T de Gitzo est fourni avec sa sangle d\u2019\u00e9paule pour un \u00eatre facilement transport\u00e9.<\/p>\n<p>La Rotule Ball centr\u00e9e Traveler, plateau rapide, S\u00e9rie 1, GH1382TQD est la plus fine des rotules professionnelles Gitzo. Elle p\u00e8se seulement 390 g et supporte une charge de 11 kg. Avec une hauteur de travail de 10,4 cm, cette rotule est assez compacte pour tenir entre les jambes repli\u00e9es d\u2019un tr\u00e9pied Traveler S\u00e9rie 0 et S\u00e9rie 1. Ce mod\u00e8le offre un mouvement panoramique \u00e0 360\u00b0 avec verrouillage ind\u00e9pendant et une fluidit\u00e9 remarquable gr\u00e2ce \u00e0 ses composants en aluminium r\u00e9sistant de haute qualit\u00e9.<br \/>\nLa rotule Ball centr\u00e9e GH1382TQD est fournie avec un plateau court compatible Arca-Swiss (GS5370SD) mais est \u00e9galement compatible avec tous les plateaux \u00e0 profil D de Gitzo et s\u2019adapte \u00e0 la plupart des plateaux de style Arca-Swiss produits par d\u2019autres marques. Le plateau rapide est verrouill\u00e9 \u00e0 l\u2019aide d\u2019une poign\u00e9e et la rotule est \u00e9quip\u00e9e d\u2019un niveau \u00e0 bulle pour un cadrage rapide et pr\u00e9cis.<br \/>\nComme toutes les rotules Ball centr\u00e9es de Gitzo, la GH1382TQD est une rotule polyvalente et parfaitement \u00e9quilibr\u00e9, con\u00e7ue pour assurer fluidit\u00e9, pr\u00e9cision et verrouillage s\u00e9curis\u00e9.<\/p>\n<p>Le kit GK1545T-82TQD comprend un tr\u00e9pied en fibre de carbone et une rotule ball de tr\u00e8s haute qualit\u00e9, il a \u00e9t\u00e9 pens\u00e9 pour les photographes voyageurs exigeants qui aiment voyager l\u00e9ger sans compromettre la stabilit\u00e9.<\/p>\n","protected":false},"excerpt":{"rendered":"<ul>\n<li>Kit avec tr\u00e9pied \u00e0 4 sections en carbone ultra compact<\/li>\n<li>Avec rotule ball centr\u00e9e haute qualit\u00e9 pour une grande fluidit\u00e9<\/li>\n<li>2 angles de jambe et colonne courte : travail au niveau du sol<\/li>\n<li>Tr\u00e9pied avec sangle d&rsquo;\u00e9paule pour un transport facile<\/li>\n<li>Rotule compatible Arca-type avec verrouillages ind\u00e9pendants<\/li>\n<\/ul>\n","protected":false},"featured_media":30714,"template":"","meta":{"_crdt_document":""},"product_brand":[],"product_cat":[232],"product_tag":[],"class_list":{"0":"post-30591","1":"product","2":"type-product","3":"status-publish","4":"has-post-thumbnail","6":"product_cat-trepieds","8":"first","9":"instock","10":"taxable","11":"shipping-taxable","12":"purchasable","13":"product-type-simple"},"_links":{"self":[{"href":"https:\/\/shop.swissphotoclub.com\/fr\/wp-json\/wp\/v2\/product\/30591","targetHints":{"allow":["GET"]}}],"collection":[{"href":"https:\/\/shop.swissphotoclub.com\/fr\/wp-json\/wp\/v2\/product"}],"about":[{"href":"https:\/\/shop.swissphotoclub.com\/fr\/wp-json\/wp\/v2\/types\/product"}],"version-history":[{"count":2,"href":"https:\/\/shop.swissphotoclub.com\/fr\/wp-json\/wp\/v2\/product\/30591\/revisions"}],"predecessor-version":[{"id":30593,"href":"https:\/\/shop.swissphotoclub.com\/fr\/wp-json\/wp\/v2\/product\/30591\/revisions\/30593"}],"wp:featuredmedia":[{"embeddable":true,"href":"https:\/\/shop.swissphotoclub.com\/fr\/wp-json\/wp\/v2\/media\/30714"}],"wp:attachment":[{"href":"https:\/\/shop.swissphotoclub.com\/fr\/wp-json\/wp\/v2\/media?parent=30591"}],"wp:term":[{"taxonomy":"product_brand","embeddable":true,"href":"https:\/\/shop.swissphotoclub.com\/fr\/wp-json\/wp\/v2\/product_brand?post=30591"},{"taxonomy":"product_cat","embeddable":true,"href":"https:\/\/shop.swissphotoclub.com\/fr\/wp-json\/wp\/v2\/product_cat?post=30591"},{"taxonomy":"product_tag","embeddable":true,"href":"https:\/\/shop.swissphotoclub.com\/fr\/wp-json\/wp\/v2\/product_tag?post=30591"}],"curies":[{"name":"wp","href":"https:\/\/api.w.org\/{rel}","templated":true}]}}