{"id":30611,"date":"2022-10-18T11:11:16","date_gmt":"2022-10-18T09:11:16","guid":{"rendered":"https:\/\/shop.swissphotoclub.com\/?post_type=product&#038;p=30611"},"modified":"2022-10-18T11:15:48","modified_gmt":"2022-10-18T09:15:48","slug":"gitzo-kit-trepied-traveler-serie-2-4-sections-avec-rotule","status":"publish","type":"product","link":"https:\/\/shop.swissphotoclub.com\/fr\/produit\/gitzo-kit-trepied-traveler-serie-2-4-sections-avec-rotule\/","title":{"rendered":"Gitzo Kit tr\u00e9pied Traveler S\u00e9rie 2, 4 sections, avec rotule"},"content":{"rendered":"<p>Le Kit GK2545T-82QD comprend un tr\u00e9pied Traveler GT2545T en fibre de carbone et une rotule ball centr\u00e9e GH1382QD.<\/p>\n<p>Le tr\u00e9pied Traveler S\u00e9rie 2 en fibre de carbone GT2545T de Gitzo est un tr\u00e9pied ultra compact professionnel. Ses jambes \u00e0 4 sections se replient \u00e0 180\u00b0, un syst\u00e8me invent\u00e9 par Gitzo qui permet de replier les jambes sur la colonne centrale m\u00eame mont\u00e9e avec une rotule ball pour offrir une taille de transport de 44,5 cm. Le GT2545T offre une hauteur de travail maximale de 154,5 cm et supporte 12 kg alors qu\u2019il ne p\u00e8se que 1,33 kg. Il est id\u00e9al pour les bo\u00eetiers avec optique 200 mm (jusqu\u2019\u00e0 300 mm). Avec la colonne courte fournie, la hauteur de travail minimal du tr\u00e9pied est de 22 cm, id\u00e9al pour les prises de vue au niveau du sol et pour la macrophotographie.<br \/>\nLes jambes du tr\u00e9pied sont les plus larges de la collection Traveler. Fabriqu\u00e9es en Carbone eXact, elles garantissent rigidit\u00e9 et robustesse tout en \u00e9tant l\u00e9ger. Le verrouillage des sections s\u2019effectue avec les bagues de serrage Traveler G-lock, la version voyage des G-lock de Gitzo, con\u00e7ues sp\u00e9cialement pour garantir la s\u00e9curit\u00e9 du verrouillage. Ses pieds en caoutchouc rigide sont amovibles et peuvent \u00eatre remplac\u00e9s par d\u2019autres mod\u00e8les, comme des embouts en pointe ou des pieds larges. Le Traveler est \u00e9quip\u00e9 d\u2019un pas de vis r\u00e9versible 1\/4\u00a0\u00bb et 3\/8\u00a0\u00bb. Le GT2545T de Gitzo est fourni avec sa sangle d\u2019\u00e9paule pour un \u00eatre facilement transport\u00e9. Il s\u2019agit du tr\u00e9pied id\u00e9al pour les photographes professionnels qui se d\u00e9placent beaucoup, utilisent des optiques longues et ont besoin d\u2019une stabilit\u00e9 \u00e9lev\u00e9e.<\/p>\n<p>La Rotule Ball centr\u00e9e, plateau rapide, S\u00e9rie 1, GH1382QD est la rotule professionnelle de taille moyenne de Gitzo. Elle a \u00e9t\u00e9 con\u00e7ue pour les tr\u00e9pieds Mountaineer S\u00e9rie 0 et S\u00e9rie 1. Elle p\u00e8se seulement 500 g et supporte une charge de 14 kg. Avec une hauteur de travail de 11,2 cm, cette rotule est assez compacte pour tenir entre les jambes repli\u00e9es d\u2019un tr\u00e9pied Traveler S\u00e9rie 2.<\/p>\n<p>Malgr\u00e9 son design fin, elle offre de nombreuses fonctionnalit\u00e9s comme le contr\u00f4le de la friction situ\u00e9 dans la poign\u00e9e de verrouillage de la ball pour des r\u00e9glages pr\u00e9cis. Ce mod\u00e8le offre un mouvement panoramique \u00e0 360\u00b0 avec verrouillage ind\u00e9pendant et une fluidit\u00e9 remarquable gr\u00e2ce \u00e0 ses composants en aluminium r\u00e9sistant de haute qualit\u00e9.<br \/>\nLa rotule Ball centr\u00e9e GH1382QD est fournie avec un plateau rapide, verrouill\u00e9 \u00e0 l\u2019aide d\u2019une poign\u00e9e, et elle \u00e9quip\u00e9e d\u2019un niveau \u00e0 bulle pour un cadrage rapide et pr\u00e9cis. Elle est \u00e9galement fournie avec le plateau court compatible Arca-Swiss (GS5370SD) mais est \u00e9galement compatible avec tous les plateaux \u00e0 profil D de Gitzo et s\u2019adapte \u00e0 la plupart des plateaux de style Arca-Swiss produits par d\u2019autres marques.<\/p>\n<p>Le kit GK2545T-82QD comprend un tr\u00e9pied en fibre de carbone et une rotule ball de tr\u00e8s haute qualit\u00e9, il est id\u00e9al pour les photographes professionnels et amateurs \u00e0 la recherche d\u2019un support fiable et r\u00e9sistant pour la photographie de voyage.<\/p>\n","protected":false},"excerpt":{"rendered":"<ul>\n<li>Kit avec tr\u00e9pied \u00e0 4 sections en carbone ultra compact<\/li>\n<li>Avec rotule ball centr\u00e9e haute qualit\u00e9 pour une grande fluidit\u00e9<\/li>\n<li>Tr\u00e9pied avec sangle d&rsquo;\u00e9paule pour un transport facile<\/li>\n<li>Con\u00e7u pour les optiques longues et un transport confortable<\/li>\n<li>Rotule compatible Arca-type avec verrouillages ind\u00e9pendants<\/li>\n<\/ul>\n","protected":false},"featured_media":30704,"template":"","meta":{"_crdt_document":""},"product_brand":[],"product_cat":[232],"product_tag":[],"class_list":{"0":"post-30611","1":"product","2":"type-product","3":"status-publish","4":"has-post-thumbnail","6":"product_cat-trepieds","8":"first","9":"instock","10":"taxable","11":"shipping-taxable","12":"purchasable","13":"product-type-simple"},"_links":{"self":[{"href":"https:\/\/shop.swissphotoclub.com\/fr\/wp-json\/wp\/v2\/product\/30611","targetHints":{"allow":["GET"]}}],"collection":[{"href":"https:\/\/shop.swissphotoclub.com\/fr\/wp-json\/wp\/v2\/product"}],"about":[{"href":"https:\/\/shop.swissphotoclub.com\/fr\/wp-json\/wp\/v2\/types\/product"}],"version-history":[{"count":2,"href":"https:\/\/shop.swissphotoclub.com\/fr\/wp-json\/wp\/v2\/product\/30611\/revisions"}],"predecessor-version":[{"id":30613,"href":"https:\/\/shop.swissphotoclub.com\/fr\/wp-json\/wp\/v2\/product\/30611\/revisions\/30613"}],"wp:featuredmedia":[{"embeddable":true,"href":"https:\/\/shop.swissphotoclub.com\/fr\/wp-json\/wp\/v2\/media\/30704"}],"wp:attachment":[{"href":"https:\/\/shop.swissphotoclub.com\/fr\/wp-json\/wp\/v2\/media?parent=30611"}],"wp:term":[{"taxonomy":"product_brand","embeddable":true,"href":"https:\/\/shop.swissphotoclub.com\/fr\/wp-json\/wp\/v2\/product_brand?post=30611"},{"taxonomy":"product_cat","embeddable":true,"href":"https:\/\/shop.swissphotoclub.com\/fr\/wp-json\/wp\/v2\/product_cat?post=30611"},{"taxonomy":"product_tag","embeddable":true,"href":"https:\/\/shop.swissphotoclub.com\/fr\/wp-json\/wp\/v2\/product_tag?post=30611"}],"curies":[{"name":"wp","href":"https:\/\/api.w.org\/{rel}","templated":true}]}}