{"id":30659,"date":"2022-08-10T17:42:29","date_gmt":"2022-08-10T15:42:29","guid":{"rendered":"https:\/\/shop.swissphotoclub.com\/?post_type=product&#038;p=30659"},"modified":"2023-10-31T11:01:27","modified_gmt":"2023-10-31T10:01:27","slug":"blackrapid-sport-breathe","status":"publish","type":"product","link":"https:\/\/shop.swissphotoclub.com\/fr\/produit\/blackrapid-sport-breathe\/","title":{"rendered":"BlackRapid Sport Breathe"},"content":{"rendered":"<h2>La Sangle d&rsquo;\u00e9paule parfaite pour Canon, Nikon, Sony, DSLR et sans miroir<\/h2>\n<p>La sangle d&rsquo;\u00e9paule BLACKRAPID Sport Camera Strap est un moyen durable et confortable de transporter votre appareil photo DSLR ou sans miroir. C&rsquo;est la sangle de choix pour les photographes qui doivent transporter leur appareil photo lors de longs tournages ou de tournages n\u00e9cessitant un acc\u00e8s rapide \u00e0 leur(s) appareil(s) photo et elle a \u00e9t\u00e9 test\u00e9e et re-test\u00e9e pour garantir la s\u00e9curit\u00e9.<\/p>\n<p>La sangle d&rsquo;\u00e9paule est une simple \u00e9charpe qui maintient fermement votre appareil photo sur l&rsquo;\u00e9paule gr\u00e2ce \u00e0 son stabilisateur sous l&rsquo;aisselle inclus et qui est confortable pour les s\u00e9ances photo de toute la journ\u00e9e. La sangle est polyvalente et existe en version droitier et gaucher, avec une \u00e9pauli\u00e8re respirante en nylon mono-maille, en mousse TPE ergonomique, en polyester et en tissu a\u00e9r\u00e9.<\/p>\n<p>Le coussin mesure 16 pouces de long, 2,2 \u00e0 3,7 pouces de large et 0,3 pouce d&rsquo;\u00e9paisseur. La sangle est 100 % nylon et large d&rsquo;un pouce. La longueur de la sangle est r\u00e9glable jusqu&rsquo;\u00e0 66 pouces.<\/p>\n<p>L&rsquo;ensemble comprend un ConnectR (CR-3), un LockStar Breathe, des Can-Locks, un FastenR (FR-5), un Underarm Stabilizer, un Camera Safety Tether et un sac en filet noir.<\/p>\n<p>La courroie BLACKRAPID Sport Camera Strap est le choix des professionnels et des amateurs et vous permettra de garder votre \u00e9quipement \u00e0 vos c\u00f4t\u00e9s et pr\u00eat \u00e0 tout moment.<\/p>\n<h3>Sp\u00e9cifications du produit :<\/h3>\n<ul>\n<li>Longueur de la sangle r\u00e9glable avec le coussin : 66\u2033 (167 cm)<\/li>\n<li>Le coussin est compos\u00e9 d&rsquo;un mono-maille en nylon, d&rsquo;une mousse Vers TPE, de polyester et d&rsquo;un filet d&rsquo;air.<\/li>\n<li>Longueur du coussin : 16\u2033 (40,5 cm)<\/li>\n<li>Largeur du tampon : 2.2\u2033 &#8211; 3.7\u2033 (5.5 cm &#8211; 9.5 cm)<\/li>\n<li>Epaisseur du tampon : 0,3\u2033 (.65 cm)<\/li>\n<li>Sangle : 100% Nylon<\/li>\n<li>Largeur de la sangle : 1\u2033 (2,5 cm)<\/li>\n<li>Comprend ConnectR (CR-3), LockStar Breathe, Can-Locks, FastenR (FR-5), Underarm Stabilizer, Camera Safety Tether, Black Mesh Bag<\/li>\n<\/ul>\n","protected":false},"excerpt":{"rendered":"<p>La sangle pour appareil photo Sport est notre premi\u00e8re vente, car c&rsquo;est le premier produit que nous recommandons \u00e0 tous les passionn\u00e9s de photographie. Dot\u00e9e de mat\u00e9riaux de haute technologie pour une meilleure respirabilit\u00e9 et d&rsquo;une \u00e9pauli\u00e8re brevet\u00e9e pour un confort ergonomique, cette sangle de travail ne montre aucun signe de ralentissement. La sangle Sport est la sangle de choix de Nikon et Canon lorsqu&rsquo;ils travaillent en co-branding avec nous. Notre mat\u00e9riel a \u00e9t\u00e9 test\u00e9 et re-test\u00e9, et nous pensons que nous avons r\u00e9ussi notre pari avec le mousqueton \u00e0 verrouillage et le LockStar, qui offrent un double avantage en termes de s\u00e9curit\u00e9 et de s\u00fbret\u00e9.<\/p>\n<p>Toujours \u00e0 vos c\u00f4t\u00e9s et pr\u00eat \u00e0 tout moment, une fois que vous l&rsquo;aurez essay\u00e9, vous ne le regretterez pas. C&rsquo;est aussi bon que cela.<\/p>\n<p>Epauli\u00e8re compos\u00e9e de nylon mono-maille, de mousse TPE incurv\u00e9e et de poly-maille d&rsquo;air. Sangle en nylon de longueur r\u00e9glable avec boucles \u00e0 came. Comprend un stabilisateur d&rsquo;aisselle int\u00e9gr\u00e9 (BRAD), un connecteur (CR-3), un couvercle de connecteur (LockStar) et une attache (FR-5), ainsi qu&rsquo;un sac \u00e0 poussi\u00e8re en polyester.<\/p>\n","protected":false},"featured_media":32342,"template":"","meta":{"_crdt_document":""},"product_brand":[],"product_cat":[231],"product_tag":[],"class_list":{"0":"post-30659","1":"product","2":"type-product","3":"status-publish","4":"has-post-thumbnail","6":"product_cat-sangle-depaule","8":"first","9":"instock","10":"featured","11":"taxable","12":"shipping-taxable","13":"purchasable","14":"product-type-simple"},"_links":{"self":[{"href":"https:\/\/shop.swissphotoclub.com\/fr\/wp-json\/wp\/v2\/product\/30659","targetHints":{"allow":["GET"]}}],"collection":[{"href":"https:\/\/shop.swissphotoclub.com\/fr\/wp-json\/wp\/v2\/product"}],"about":[{"href":"https:\/\/shop.swissphotoclub.com\/fr\/wp-json\/wp\/v2\/types\/product"}],"version-history":[{"count":7,"href":"https:\/\/shop.swissphotoclub.com\/fr\/wp-json\/wp\/v2\/product\/30659\/revisions"}],"predecessor-version":[{"id":32888,"href":"https:\/\/shop.swissphotoclub.com\/fr\/wp-json\/wp\/v2\/product\/30659\/revisions\/32888"}],"wp:featuredmedia":[{"embeddable":true,"href":"https:\/\/shop.swissphotoclub.com\/fr\/wp-json\/wp\/v2\/media\/32342"}],"wp:attachment":[{"href":"https:\/\/shop.swissphotoclub.com\/fr\/wp-json\/wp\/v2\/media?parent=30659"}],"wp:term":[{"taxonomy":"product_brand","embeddable":true,"href":"https:\/\/shop.swissphotoclub.com\/fr\/wp-json\/wp\/v2\/product_brand?post=30659"},{"taxonomy":"product_cat","embeddable":true,"href":"https:\/\/shop.swissphotoclub.com\/fr\/wp-json\/wp\/v2\/product_cat?post=30659"},{"taxonomy":"product_tag","embeddable":true,"href":"https:\/\/shop.swissphotoclub.com\/fr\/wp-json\/wp\/v2\/product_tag?post=30659"}],"curies":[{"name":"wp","href":"https:\/\/api.w.org\/{rel}","templated":true}]}}