{"id":30667,"date":"2022-08-10T17:28:46","date_gmt":"2022-08-10T15:28:46","guid":{"rendered":"https:\/\/shop.swissphotoclub.com\/?post_type=product&#038;p=30667"},"modified":"2022-10-20T13:02:10","modified_gmt":"2022-10-20T11:02:10","slug":"t-shirt-spc-noir-avec-logo","status":"publish","type":"product","link":"https:\/\/shop.swissphotoclub.com\/fr\/produit\/t-shirt-spc-noir-avec-logo\/","title":{"rendered":"T-Shirt SPC noir avec Logo"},"content":{"rendered":"<p>T-Shirt noir unisex confortable avec le logo SPC \u00e0 l&rsquo;avant et \u00e0 l&rsquo;arri\u00e8re.<br \/>\n100% cotton in 180 gr\/m2. Parfaitement fini avec une bande de doublure contrast\u00e9e.<br \/>\nLe T-shirt est compos\u00e9 \u00e0 100% de coton et est lav\u00e9 aux enzymes pour assurer un toucher parfait sans exc\u00e8s de fibres.<\/p>\n","protected":false},"excerpt":{"rendered":"<p>T-Shirt unisex noir confortable avec le logo SPC<\/p>\n","protected":false},"featured_media":29051,"template":"","meta":{"_crdt_document":""},"product_brand":[],"product_cat":[234],"product_tag":[],"class_list":{"0":"post-30667","1":"product","2":"type-product","3":"status-publish","4":"has-post-thumbnail","6":"product_cat-tee-shirts","8":"first","9":"instock","10":"taxable","11":"shipping-taxable","12":"purchasable","13":"product-type-variable","14":"has-default-attributes"},"_links":{"self":[{"href":"https:\/\/shop.swissphotoclub.com\/fr\/wp-json\/wp\/v2\/product\/30667","targetHints":{"allow":["GET"]}}],"collection":[{"href":"https:\/\/shop.swissphotoclub.com\/fr\/wp-json\/wp\/v2\/product"}],"about":[{"href":"https:\/\/shop.swissphotoclub.com\/fr\/wp-json\/wp\/v2\/types\/product"}],"version-history":[{"count":4,"href":"https:\/\/shop.swissphotoclub.com\/fr\/wp-json\/wp\/v2\/product\/30667\/revisions"}],"predecessor-version":[{"id":30676,"href":"https:\/\/shop.swissphotoclub.com\/fr\/wp-json\/wp\/v2\/product\/30667\/revisions\/30676"}],"wp:featuredmedia":[{"embeddable":true,"href":"https:\/\/shop.swissphotoclub.com\/fr\/wp-json\/wp\/v2\/media\/29051"}],"wp:attachment":[{"href":"https:\/\/shop.swissphotoclub.com\/fr\/wp-json\/wp\/v2\/media?parent=30667"}],"wp:term":[{"taxonomy":"product_brand","embeddable":true,"href":"https:\/\/shop.swissphotoclub.com\/fr\/wp-json\/wp\/v2\/product_brand?post=30667"},{"taxonomy":"product_cat","embeddable":true,"href":"https:\/\/shop.swissphotoclub.com\/fr\/wp-json\/wp\/v2\/product_cat?post=30667"},{"taxonomy":"product_tag","embeddable":true,"href":"https:\/\/shop.swissphotoclub.com\/fr\/wp-json\/wp\/v2\/product_tag?post=30667"}],"curies":[{"name":"wp","href":"https:\/\/api.w.org\/{rel}","templated":true}]}}