{"id":31097,"date":"2022-12-12T09:34:55","date_gmt":"2022-12-12T08:34:55","guid":{"rendered":"https:\/\/shop.swissphotoclub.com\/?post_type=product&#038;p=31097"},"modified":"2022-12-12T09:41:50","modified_gmt":"2022-12-12T08:41:50","slug":"mefoto-globetrotter-trepied-classic-carbon","status":"publish","type":"product","link":"https:\/\/shop.swissphotoclub.com\/fr\/produit\/mefoto-globetrotter-trepied-classic-carbon\/","title":{"rendered":"MeFOTO GlobeTrotter Tr\u00e9pied Classic Carbon"},"content":{"rendered":"<p>Le Globetrotter Classic de MeFOTO est un tr\u00e9pied et un monopode de voyage et monopode en un, id\u00e9al pour les appareils photo compacts et les appareils photo plein cadre avec des objectifs plus grands. Il se transforme en monopode en quelques secondes.<\/p>\n<ul>\n<li>Seulement 41cm repli\u00e9, se d\u00e9plie jusqu&rsquo;\u00e0 163 cm<\/li>\n<li>P\u00e8se seulement 1.67 kg, supporte jusqu&rsquo;\u00e0 12 kg<\/li>\n<li>Inclus un plateau QR compatible Arca<\/li>\n<li>Inclus sac de transport<\/li>\n<\/ul>\n","protected":false},"excerpt":{"rendered":"<ul class=\"pdp-info__bulletpoints\">\n<li>Only 41cm folded, unfolds to 163cm<\/li>\n<li>Weighs only 1.67 kg, supports up to 12 kg<\/li>\n<li>Includes an Arca compatible QR tray<\/li>\n<li>Includes carry bag<\/li>\n<\/ul>\n","protected":false},"featured_media":31105,"template":"","meta":{"_crdt_document":""},"product_brand":[],"product_cat":[232],"product_tag":[],"class_list":{"0":"post-31097","1":"product","2":"type-product","3":"status-publish","4":"has-post-thumbnail","6":"product_cat-trepieds","8":"first","9":"instock","10":"taxable","11":"shipping-taxable","12":"purchasable","13":"product-type-simple"},"_links":{"self":[{"href":"https:\/\/shop.swissphotoclub.com\/fr\/wp-json\/wp\/v2\/product\/31097","targetHints":{"allow":["GET"]}}],"collection":[{"href":"https:\/\/shop.swissphotoclub.com\/fr\/wp-json\/wp\/v2\/product"}],"about":[{"href":"https:\/\/shop.swissphotoclub.com\/fr\/wp-json\/wp\/v2\/types\/product"}],"version-history":[{"count":1,"href":"https:\/\/shop.swissphotoclub.com\/fr\/wp-json\/wp\/v2\/product\/31097\/revisions"}],"predecessor-version":[{"id":31117,"href":"https:\/\/shop.swissphotoclub.com\/fr\/wp-json\/wp\/v2\/product\/31097\/revisions\/31117"}],"wp:featuredmedia":[{"embeddable":true,"href":"https:\/\/shop.swissphotoclub.com\/fr\/wp-json\/wp\/v2\/media\/31105"}],"wp:attachment":[{"href":"https:\/\/shop.swissphotoclub.com\/fr\/wp-json\/wp\/v2\/media?parent=31097"}],"wp:term":[{"taxonomy":"product_brand","embeddable":true,"href":"https:\/\/shop.swissphotoclub.com\/fr\/wp-json\/wp\/v2\/product_brand?post=31097"},{"taxonomy":"product_cat","embeddable":true,"href":"https:\/\/shop.swissphotoclub.com\/fr\/wp-json\/wp\/v2\/product_cat?post=31097"},{"taxonomy":"product_tag","embeddable":true,"href":"https:\/\/shop.swissphotoclub.com\/fr\/wp-json\/wp\/v2\/product_tag?post=31097"}],"curies":[{"name":"wp","href":"https:\/\/api.w.org\/{rel}","templated":true}]}}