{"id":31124,"date":"2022-12-12T09:57:43","date_gmt":"2022-12-12T08:57:43","guid":{"rendered":"https:\/\/shop.swissphotoclub.com\/?post_type=product&#038;p=31124"},"modified":"2022-12-12T10:16:22","modified_gmt":"2022-12-12T09:16:22","slug":"shimoda-explore-v2-35-starter-kit","status":"publish","type":"product","link":"https:\/\/shop.swissphotoclub.com\/fr\/produit\/shimoda-explore-v2-35-starter-kit\/","title":{"rendered":"Shimoda Explore V2 35 Starter Kit"},"content":{"rendered":"<p>L&rsquo;Explore V2 35 est le plus grand sac d&rsquo;aventure sp\u00e9cifique aux paysages de Shimoda. Il a \u00e9t\u00e9 con\u00e7u pour les photographes qui souhaitent s&rsquo;aventurer dans des lieux exigeants, mais qui doivent \u00e9galement voyager dans le monde entier pour partir \u00e0 l&rsquo;aventure.<\/p>\n<ul>\n<li>Dimensions internes 28.5 x 53 x 19 cm<\/li>\n<li>Dimensions externes 29.5 x 54 x 20 cm<\/li>\n<li>Poids 2.61 kg<\/li>\n<\/ul>\n","protected":false},"excerpt":{"rendered":"<ul class=\"pdp-info__bulletpoints\">\n<li>Dimensions internes 28.5 x 53 x 19 cm<\/li>\n<li>Dimensions externes 29.5 x 54 x 20 cm<\/li>\n<li>Poids 2.61 kg<\/li>\n<\/ul>\n","protected":false},"featured_media":31126,"template":"","meta":{"_crdt_document":""},"product_brand":[],"product_cat":[265],"product_tag":[],"class_list":{"0":"post-31124","1":"product","2":"type-product","3":"status-publish","4":"has-post-thumbnail","6":"product_cat-sacs-a-dos","8":"first","9":"instock","10":"sale","11":"taxable","12":"shipping-taxable","13":"purchasable","14":"product-type-simple"},"_links":{"self":[{"href":"https:\/\/shop.swissphotoclub.com\/fr\/wp-json\/wp\/v2\/product\/31124","targetHints":{"allow":["GET"]}}],"collection":[{"href":"https:\/\/shop.swissphotoclub.com\/fr\/wp-json\/wp\/v2\/product"}],"about":[{"href":"https:\/\/shop.swissphotoclub.com\/fr\/wp-json\/wp\/v2\/types\/product"}],"version-history":[{"count":1,"href":"https:\/\/shop.swissphotoclub.com\/fr\/wp-json\/wp\/v2\/product\/31124\/revisions"}],"predecessor-version":[{"id":31150,"href":"https:\/\/shop.swissphotoclub.com\/fr\/wp-json\/wp\/v2\/product\/31124\/revisions\/31150"}],"wp:featuredmedia":[{"embeddable":true,"href":"https:\/\/shop.swissphotoclub.com\/fr\/wp-json\/wp\/v2\/media\/31126"}],"wp:attachment":[{"href":"https:\/\/shop.swissphotoclub.com\/fr\/wp-json\/wp\/v2\/media?parent=31124"}],"wp:term":[{"taxonomy":"product_brand","embeddable":true,"href":"https:\/\/shop.swissphotoclub.com\/fr\/wp-json\/wp\/v2\/product_brand?post=31124"},{"taxonomy":"product_cat","embeddable":true,"href":"https:\/\/shop.swissphotoclub.com\/fr\/wp-json\/wp\/v2\/product_cat?post=31124"},{"taxonomy":"product_tag","embeddable":true,"href":"https:\/\/shop.swissphotoclub.com\/fr\/wp-json\/wp\/v2\/product_tag?post=31124"}],"curies":[{"name":"wp","href":"https:\/\/api.w.org\/{rel}","templated":true}]}}