{"id":31154,"date":"2022-12-12T10:23:17","date_gmt":"2022-12-12T09:23:17","guid":{"rendered":"https:\/\/shop.swissphotoclub.com\/?post_type=product&#038;p=31154"},"modified":"2022-12-12T10:28:55","modified_gmt":"2022-12-12T09:28:55","slug":"shimoda-action-x30","status":"publish","type":"product","link":"https:\/\/shop.swissphotoclub.com\/fr\/produit\/shimoda-action-x30\/","title":{"rendered":"Shimoda Action X30"},"content":{"rendered":"<p>L&rsquo;Action X30 est con\u00e7u pour les photographes exigeants qui recherchent un sac d&rsquo;appareil photo efficace, rapide d&rsquo;acc\u00e8s et compact pour la photographie en ext\u00e9rieur. Il est con\u00e7u pour le mauvais temps et les environnements en constante \u00e9volution.<\/p>\n<ul>\n<li>Dimensions internes 29.5 x 49.5 x 15.5 cm<\/li>\n<li>Dimensions externes 30 x 50 x 16 cm<\/li>\n<li>Poids 1.72 kg<\/li>\n<\/ul>\n","protected":false},"excerpt":{"rendered":"<ul>\n<li>Dimensions internes 29.5 x 49.5 x 15.5 cm<\/li>\n<li>Dimensions externes 30 x 50 x 16 cm<\/li>\n<li>Poids 1.72 kg<\/li>\n<\/ul>\n","protected":false},"featured_media":31159,"template":"","meta":{"_crdt_document":""},"product_brand":[],"product_cat":[265],"product_tag":[],"class_list":{"0":"post-31154","1":"product","2":"type-product","3":"status-publish","4":"has-post-thumbnail","6":"product_cat-sacs-a-dos","8":"first","9":"instock","10":"sale","11":"taxable","12":"shipping-taxable","13":"purchasable","14":"product-type-simple"},"_links":{"self":[{"href":"https:\/\/shop.swissphotoclub.com\/fr\/wp-json\/wp\/v2\/product\/31154","targetHints":{"allow":["GET"]}}],"collection":[{"href":"https:\/\/shop.swissphotoclub.com\/fr\/wp-json\/wp\/v2\/product"}],"about":[{"href":"https:\/\/shop.swissphotoclub.com\/fr\/wp-json\/wp\/v2\/types\/product"}],"version-history":[{"count":1,"href":"https:\/\/shop.swissphotoclub.com\/fr\/wp-json\/wp\/v2\/product\/31154\/revisions"}],"predecessor-version":[{"id":31168,"href":"https:\/\/shop.swissphotoclub.com\/fr\/wp-json\/wp\/v2\/product\/31154\/revisions\/31168"}],"wp:featuredmedia":[{"embeddable":true,"href":"https:\/\/shop.swissphotoclub.com\/fr\/wp-json\/wp\/v2\/media\/31159"}],"wp:attachment":[{"href":"https:\/\/shop.swissphotoclub.com\/fr\/wp-json\/wp\/v2\/media?parent=31154"}],"wp:term":[{"taxonomy":"product_brand","embeddable":true,"href":"https:\/\/shop.swissphotoclub.com\/fr\/wp-json\/wp\/v2\/product_brand?post=31154"},{"taxonomy":"product_cat","embeddable":true,"href":"https:\/\/shop.swissphotoclub.com\/fr\/wp-json\/wp\/v2\/product_cat?post=31154"},{"taxonomy":"product_tag","embeddable":true,"href":"https:\/\/shop.swissphotoclub.com\/fr\/wp-json\/wp\/v2\/product_tag?post=31154"}],"curies":[{"name":"wp","href":"https:\/\/api.w.org\/{rel}","templated":true}]}}