{"id":31234,"date":"2022-12-20T14:12:45","date_gmt":"2022-12-20T13:12:45","guid":{"rendered":"https:\/\/shop.swissphotoclub.com\/product\/gant-de-photographie-markhof-pro-v3\/"},"modified":"2022-12-20T14:12:45","modified_gmt":"2022-12-20T13:12:45","slug":"markhof-pro-v3-gant-de-photographie","status":"publish","type":"product","link":"https:\/\/shop.swissphotoclub.com\/fr\/produit\/markhof-pro-v3-gant-de-photographie\/","title":{"rendered":"Gant de photographie Markhof Pro V3"},"content":{"rendered":"<p><b>POUR VOS PHOTOS D&rsquo;HIVER AU QUOTIDIEN<\/b><\/p>\n<p><b>Le Markhof Pro V3<\/b> est la nouvelle g\u00e9n\u00e9ration de notre gant de photographie polyvalent, fonctionnel et \u00e9l\u00e9gant.<\/p>\n<p>Nous avons repris tous les meilleurs \u00e9l\u00e9ments des versions pr\u00e9c\u00e9dentes du Markhof Pro Model, et nous leur avons donn\u00e9 du <b>punch !<\/b> En cr\u00e9ant un gant chaud et ajust\u00e9 avec une excellente sensation d&rsquo;appareil photo, le V3 a tout ce que vous pouvez attendre d&rsquo;un grand gant de photographie. Des rues aux sommets, le Markhof Pro V3 continue d&rsquo;\u00eatre le favori des fans.<\/p>\n<p><strong>Avantages suppl\u00e9mentaires :<\/strong><\/p>\n<p><mark class=\"has-inline-color has-theme-primary-color\"><strong>R\u00e9sistance \u00e0 l&rsquo;eau.  <\/strong><\/mark>Bien qu&rsquo;il ne soit pas compl\u00e8tement \u00e9tanche, le Markhof Pro V3 peut certainement r\u00e9sister \u00e0 une pluie l\u00e9g\u00e8re ou \u00e0 la bruine gr\u00e2ce \u00e0 ses mat\u00e9riaux d\u00e9perlants.<\/p>\n<p><strong><mark class=\"has-inline-color has-theme-primary-color\">Poches lat\u00e9rales.<\/mark><\/strong>  Tous les gants de photographie Vallerret comportent des poches lat\u00e9rales zipp\u00e9es. Ils sont parfaits pour ranger de petites choses auxquelles vous devez avoir acc\u00e8s rapidement, comme des pi\u00e8ces de monnaie, des tickets de parking, des cartes m\u00e9moire ou des cl\u00e9s. Dans le Markhof Pro V3, Vallerret a agrandi les poches, qui peuvent d\u00e9sormais accueillir des chauffe-mains. Super utile si vous voulez utiliser les Markhofs dans des conditions plus s\u00e9v\u00e8res.<\/p>\n<p><strong><mark class=\"has-inline-color has-theme-primary-color\">Cl\u00e9 de tr\u00e9pied.<\/mark><\/strong>  Dans l&rsquo;une des poches lat\u00e9rales, Vallerret a plac\u00e9 une \u00e9l\u00e9gante cl\u00e9 tripode \u00e0 l&rsquo;image de son logo. \u00c0 moins que vous ne soyez novice en photographie, je suis s\u00fbr que vous avez connu ces moments un peu embarrassants o\u00f9 vous deviez saisir une pi\u00e8ce de monnaie ou quelque chose de similaire pour d\u00e9visser la plaque du tr\u00e9pied. Avec le Markhof Pro V3, plus jamais.<\/p>\n<p>Con\u00e7u pour : le milieu de l&rsquo;hiver<\/p>\n<ul>\n<li type=\"disc\">Int\u00e9rieur 100 % laine m\u00e9rinos<\/li>\n<li type=\"disc\">Capuchons de doigts FlipTech avec aimants<\/li>\n<li type=\"disc\">Cuir de ch\u00e8vre v\u00e9ritable DWR<\/li>\n<li type=\"disc\">Isolation Thinsulate (C100\/C70)<\/li>\n<li type=\"disc\">Lingette pour lentille True Suede<\/li>\n<li type=\"disc\">Conception du gant pr\u00e9-courb\u00e9<\/li>\n<li type=\"disc\">Poign\u00e9e antid\u00e9rapante avec impression unique<\/li>\n<li type=\"disc\">Pochette pour carte m\u00e9moire avec <strong>cl\u00e9 pour tr\u00e9pied<\/strong><\/li>\n<li type=\"disc\">Manchette en jersey extensible<\/li>\n<\/ul>\n","protected":false},"excerpt":{"rendered":"<p>Ces gants \u00e9l\u00e9gants sont faits pour les photographes : Ce sont des gants de tous les jours, adapt\u00e9s \u00e0 la photographie de paysage et de voyage dans les temp\u00e9ratures hivernales typiques de l&rsquo;Europe.<\/p>\n<p>Avec les prot\u00e8ge-doigts FlipTech, vous pouvez retirer les extr\u00e9mit\u00e9s de l&rsquo;index et du pouce pour r\u00e9v\u00e9ler le bout des doigts. Cela permet aux photographes d&rsquo;utiliser facilement l&rsquo;appareil photo sans avoir \u00e0 retirer les gants et \u00e0 exposer leurs mains aux \u00e9l\u00e9ments.<\/p>\n<p>Ces gants sont \u00e9galement dot\u00e9s de poches lat\u00e9rales pour les cartes m\u00e9moire et d&rsquo;une cl\u00e9 de tr\u00e9pied pour vous aider \u00e0 visser\/d\u00e9visser la plaque sur votre appareil photo en toute simplicit\u00e9.<\/p>\n<p>En cr\u00e9ant un gant chaud et ajust\u00e9 avec une excellente sensation de cam\u00e9ra, le V3 a tout ce que vous pouvez attendre d&rsquo;un grand gant de photographie. Des rues aux sommets, le Markhof Pro V3 continue d&rsquo;\u00eatre le favori des fans.<\/p>\n","protected":false},"featured_media":31195,"template":"","meta":{"_crdt_document":""},"product_brand":[],"product_cat":[274],"product_tag":[],"class_list":{"0":"post-31234","1":"product","2":"type-product","3":"status-publish","4":"has-post-thumbnail","6":"product_cat-gant","8":"first","9":"instock","10":"featured","11":"taxable","12":"shipping-taxable","13":"purchasable","14":"product-type-variable"},"_links":{"self":[{"href":"https:\/\/shop.swissphotoclub.com\/fr\/wp-json\/wp\/v2\/product\/31234","targetHints":{"allow":["GET"]}}],"collection":[{"href":"https:\/\/shop.swissphotoclub.com\/fr\/wp-json\/wp\/v2\/product"}],"about":[{"href":"https:\/\/shop.swissphotoclub.com\/fr\/wp-json\/wp\/v2\/types\/product"}],"version-history":[{"count":0,"href":"https:\/\/shop.swissphotoclub.com\/fr\/wp-json\/wp\/v2\/product\/31234\/revisions"}],"wp:featuredmedia":[{"embeddable":true,"href":"https:\/\/shop.swissphotoclub.com\/fr\/wp-json\/wp\/v2\/media\/31195"}],"wp:attachment":[{"href":"https:\/\/shop.swissphotoclub.com\/fr\/wp-json\/wp\/v2\/media?parent=31234"}],"wp:term":[{"taxonomy":"product_brand","embeddable":true,"href":"https:\/\/shop.swissphotoclub.com\/fr\/wp-json\/wp\/v2\/product_brand?post=31234"},{"taxonomy":"product_cat","embeddable":true,"href":"https:\/\/shop.swissphotoclub.com\/fr\/wp-json\/wp\/v2\/product_cat?post=31234"},{"taxonomy":"product_tag","embeddable":true,"href":"https:\/\/shop.swissphotoclub.com\/fr\/wp-json\/wp\/v2\/product_tag?post=31234"}],"curies":[{"name":"wp","href":"https:\/\/api.w.org\/{rel}","templated":true}]}}