{"id":31275,"date":"2023-01-19T12:33:58","date_gmt":"2023-01-19T11:33:58","guid":{"rendered":"https:\/\/shop.swissphotoclub.com\/product\/prix-spc-le-coin-des-artistes-2m\/"},"modified":"2024-02-16T14:17:54","modified_gmt":"2024-02-16T13:17:54","slug":"prix-artistes-corner-2m","status":"publish","type":"product","link":"https:\/\/shop.swissphotoclub.com\/fr\/produit\/prix-artistes-corner-2m\/","title":{"rendered":"SPC Awards : Le coin des artistes 2M"},"content":{"rendered":"<p>Un mur d\u00e9di\u00e9 de 2 m\u00e8tres lin\u00e9aires de long pour que l&rsquo;artiste puisse exposer ses impressions ou ses \u0153uvres d&rsquo;art.<\/p>\n<ul>\n<li>Maximum de 4m disponibles pour chaque \u00e9v\u00e9nement<\/li>\n<li>La p\u00e9riode de location correspond \u00e0 la dur\u00e9e de l&rsquo;exposition-concours dans la ville s\u00e9lectionn\u00e9e.<\/li>\n<li>Vous apportez et accrochez vos propres tirages, le prix ne comprend que votre droit d&rsquo;exposition.<\/li>\n<li>Mise en place le mardi ou le mercredi, vernissage le jeudi.<\/li>\n<li>D\u00e9montage sur Finissage le samedi suivant (9 jours apr\u00e8s le vernissage) ou le lundi suivant<\/li>\n<\/ul>\n","protected":false},"excerpt":{"rendered":"<p>Un mur d\u00e9di\u00e9 de 2 m\u00e8tres lin\u00e9aires de long pour que l&rsquo;artiste puisse exposer ses impressions ou ses \u0153uvres d&rsquo;art.<\/p>\n<p>Max. 4 m\u00e8tres disponibles pour chaque \u00e9v\u00e9nement.<\/p>\n","protected":false},"featured_media":33063,"template":"","meta":{"_crdt_document":""},"product_brand":[],"product_cat":[289],"product_tag":[],"class_list":{"0":"post-31275","1":"product","2":"type-product","3":"status-publish","4":"has-post-thumbnail","6":"product_cat-awards-fr","8":"first","9":"instock","10":"taxable","11":"shipping-taxable","12":"purchasable","13":"product-type-variable"},"_links":{"self":[{"href":"https:\/\/shop.swissphotoclub.com\/fr\/wp-json\/wp\/v2\/product\/31275","targetHints":{"allow":["GET"]}}],"collection":[{"href":"https:\/\/shop.swissphotoclub.com\/fr\/wp-json\/wp\/v2\/product"}],"about":[{"href":"https:\/\/shop.swissphotoclub.com\/fr\/wp-json\/wp\/v2\/types\/product"}],"version-history":[{"count":2,"href":"https:\/\/shop.swissphotoclub.com\/fr\/wp-json\/wp\/v2\/product\/31275\/revisions"}],"predecessor-version":[{"id":32885,"href":"https:\/\/shop.swissphotoclub.com\/fr\/wp-json\/wp\/v2\/product\/31275\/revisions\/32885"}],"wp:featuredmedia":[{"embeddable":true,"href":"https:\/\/shop.swissphotoclub.com\/fr\/wp-json\/wp\/v2\/media\/33063"}],"wp:attachment":[{"href":"https:\/\/shop.swissphotoclub.com\/fr\/wp-json\/wp\/v2\/media?parent=31275"}],"wp:term":[{"taxonomy":"product_brand","embeddable":true,"href":"https:\/\/shop.swissphotoclub.com\/fr\/wp-json\/wp\/v2\/product_brand?post=31275"},{"taxonomy":"product_cat","embeddable":true,"href":"https:\/\/shop.swissphotoclub.com\/fr\/wp-json\/wp\/v2\/product_cat?post=31275"},{"taxonomy":"product_tag","embeddable":true,"href":"https:\/\/shop.swissphotoclub.com\/fr\/wp-json\/wp\/v2\/product_tag?post=31275"}],"curies":[{"name":"wp","href":"https:\/\/api.w.org\/{rel}","templated":true}]}}